{"id":1532,"date":"2021-07-09T13:25:54","date_gmt":"2021-07-09T13:25:54","guid":{"rendered":"http:\/\/87.108.17.175\/~laatu881\/?page_id=1532"},"modified":"2022-02-03T15:39:46","modified_gmt":"2022-02-03T13:39:46","slug":"valaistuskoulutus","status":"publish","type":"page","link":"https:\/\/laatuvalo.fi\/en\/valaistuskoulutus\/","title":{"rendered":"Lighting training"},"content":{"rendered":"<div data-elementor-type=\"wp-page\" data-elementor-id=\"1532\" class=\"elementor elementor-1532\" data-elementor-post-type=\"page\">\n\t\t\t\t\t\t<section class=\"elementor-section elementor-top-section elementor-element elementor-element-e551bd7 elementor-section-full_width elementor-section-height-min-height elementor-section-height-default elementor-section-items-middle\" data-id=\"e551bd7\" data-element_type=\"section\" data-e-type=\"section\">\n\t\t\t\t\t\t<div class=\"elementor-container elementor-column-gap-no\">\n\t\t\t\t\t<div class=\"elementor-column elementor-col-100 elementor-top-column elementor-element elementor-element-8db551c\" data-id=\"8db551c\" data-element_type=\"column\" data-e-type=\"column\">\n\t\t\t<div class=\"elementor-widget-wrap elementor-element-populated\">\n\t\t\t\t\t\t<div class=\"elementor-element elementor-element-20f2c69 elementor-widget elementor-widget-image\" data-id=\"20f2c69\" data-element_type=\"widget\" data-e-type=\"widget\" id=\"valaistuskoulutus-banner\" data-widget_type=\"image.default\">\n\t\t\t\t<div class=\"elementor-widget-container\">\n\t\t\t\t\t\t\t\t\t\t\t\t\t\t\t<img fetchpriority=\"high\" decoding=\"async\" width=\"2880\" height=\"1382\" src=\"https:\/\/laatuvalo.fi\/wp-content\/uploads\/2021\/07\/Group-18@2x.png\" class=\"attachment-full size-full wp-image-1534\" alt=\"Valaisimet ison hallin katolla\" srcset=\"https:\/\/laatuvalo.fi\/wp-content\/uploads\/2021\/07\/Group-18@2x.png 2880w, https:\/\/laatuvalo.fi\/wp-content\/uploads\/2021\/07\/Group-18@2x-300x144.png 300w, https:\/\/laatuvalo.fi\/wp-content\/uploads\/2021\/07\/Group-18@2x-1024x491.png 1024w, https:\/\/laatuvalo.fi\/wp-content\/uploads\/2021\/07\/Group-18@2x-768x369.png 768w, https:\/\/laatuvalo.fi\/wp-content\/uploads\/2021\/07\/Group-18@2x-1536x737.png 1536w, https:\/\/laatuvalo.fi\/wp-content\/uploads\/2021\/07\/Group-18@2x-2048x983.png 2048w, https:\/\/laatuvalo.fi\/wp-content\/uploads\/2021\/07\/Group-18@2x-600x288.png 600w\" sizes=\"(max-width: 2880px) 100vw, 2880px\" \/>\t\t\t\t\t\t\t\t\t\t\t\t\t\t\t<\/div>\n\t\t\t\t<\/div>\n\t\t\t\t\t<\/div>\n\t\t<\/div>\n\t\t\t\t\t<\/div>\n\t\t<\/section>\n\t\t\t\t<section class=\"elementor-section elementor-top-section elementor-element elementor-element-2081f81 elementor-section-boxed elementor-section-height-default elementor-section-height-default\" data-id=\"2081f81\" data-element_type=\"section\" data-e-type=\"section\" id=\"valkino-section-h\">\n\t\t\t\t\t\t\t<div class=\"elementor-background-overlay\"><\/div>\n\t\t\t\t\t\t\t<div class=\"elementor-container elementor-column-gap-default\">\n\t\t\t\t\t<div class=\"elementor-column elementor-col-100 elementor-top-column elementor-element elementor-element-8c1dcd4\" data-id=\"8c1dcd4\" data-element_type=\"column\" data-e-type=\"column\">\n\t\t\t<div class=\"elementor-widget-wrap elementor-element-populated\">\n\t\t\t\t\t\t<div class=\"elementor-element elementor-element-8b465c4 elementor-widget elementor-widget-heading\" data-id=\"8b465c4\" data-element_type=\"widget\" data-e-type=\"widget\" data-widget_type=\"heading.default\">\n\t\t\t\t<div class=\"elementor-widget-container\">\n\t\t\t\t\t<h2 class=\"elementor-heading-title elementor-size-default\">Lighting concept<\/h2>\t\t\t\t<\/div>\n\t\t\t\t<\/div>\n\t\t\t\t\t<\/div>\n\t\t<\/div>\n\t\t\t\t\t<\/div>\n\t\t<\/section>\n\t\t\t\t<section class=\"elementor-section elementor-top-section elementor-element elementor-element-736fe65 elementor-section-boxed elementor-section-height-default elementor-section-height-default\" data-id=\"736fe65\" data-element_type=\"section\" data-e-type=\"section\" data-settings=\"{&quot;background_background&quot;:&quot;classic&quot;}\">\n\t\t\t\t\t\t<div class=\"elementor-container elementor-column-gap-default\">\n\t\t\t\t\t<div class=\"elementor-column elementor-col-33 elementor-top-column elementor-element elementor-element-eb055c5\" data-id=\"eb055c5\" data-element_type=\"column\" data-e-type=\"column\">\n\t\t\t<div class=\"elementor-widget-wrap\">\n\t\t\t\t\t\t\t<\/div>\n\t\t<\/div>\n\t\t\t\t<div class=\"elementor-column elementor-col-33 elementor-top-column elementor-element elementor-element-445891b\" data-id=\"445891b\" data-element_type=\"column\" data-e-type=\"column\">\n\t\t\t<div class=\"elementor-widget-wrap elementor-element-populated\">\n\t\t\t\t\t\t<div class=\"elementor-element elementor-element-90c69e7 elementor-widget elementor-widget-text-editor\" data-id=\"90c69e7\" data-element_type=\"widget\" data-e-type=\"widget\" data-widget_type=\"text-editor.default\">\n\t\t\t\t<div class=\"elementor-widget-container\">\n\t\t\t\t\t\t\t\t\tQuality Light provides lighting training for those responsible for lighting stores and shops. The aim of the training is to provide awareness of the importance of lighting from the perspective of the customer and the brand, as well as the comfort of one&#039;s own work. Lighting training provides the ability to take care of the condition, functionality and maintenance of spare lamps and light sources.\t\t\t\t\t\t\t\t<\/div>\n\t\t\t\t<\/div>\n\t\t\t\t<section class=\"elementor-section elementor-inner-section elementor-element elementor-element-a75f3ee elementor-section-boxed elementor-section-height-default elementor-section-height-default\" data-id=\"a75f3ee\" data-element_type=\"section\" data-e-type=\"section\">\n\t\t\t\t\t\t<div class=\"elementor-container elementor-column-gap-default\">\n\t\t\t\t\t<div class=\"elementor-column elementor-col-50 elementor-inner-column elementor-element elementor-element-677adca\" data-id=\"677adca\" data-element_type=\"column\" data-e-type=\"column\">\n\t\t\t<div class=\"elementor-widget-wrap elementor-element-populated\">\n\t\t\t\t\t\t<div class=\"elementor-element elementor-element-cc3cb61 elementor-widget elementor-widget-heading\" data-id=\"cc3cb61\" data-element_type=\"widget\" data-e-type=\"widget\" data-widget_type=\"heading.default\">\n\t\t\t\t<div class=\"elementor-widget-container\">\n\t\t\t\t\t<h2 class=\"elementor-heading-title elementor-size-default\">Target groups for education<\/h2>\t\t\t\t<\/div>\n\t\t\t\t<\/div>\n\t\t\t\t<div class=\"elementor-element elementor-element-a63c301 elementor-widget elementor-widget-text-editor\" data-id=\"a63c301\" data-element_type=\"widget\" data-e-type=\"widget\" data-widget_type=\"text-editor.default\">\n\t\t\t\t<div class=\"elementor-widget-container\">\n\t\t\t\t\t\t\t\t\tStore managers and<br>\nstore managers<br>\nDecorators Visualists\n<br>Store designers\t\t\t\t\t\t\t\t<\/div>\n\t\t\t\t<\/div>\n\t\t\t\t\t<\/div>\n\t\t<\/div>\n\t\t\t\t<div class=\"elementor-column elementor-col-50 elementor-inner-column elementor-element elementor-element-2f06848\" data-id=\"2f06848\" data-element_type=\"column\" data-e-type=\"column\">\n\t\t\t<div class=\"elementor-widget-wrap elementor-element-populated\">\n\t\t\t\t\t\t<div class=\"elementor-element elementor-element-4386d99 elementor-widget elementor-widget-heading\" data-id=\"4386d99\" data-element_type=\"widget\" data-e-type=\"widget\" data-widget_type=\"heading.default\">\n\t\t\t\t<div class=\"elementor-widget-container\">\n\t\t\t\t\t<h2 class=\"elementor-heading-title elementor-size-default\">Content of training<\/h2>\t\t\t\t<\/div>\n\t\t\t\t<\/div>\n\t\t\t\t<div class=\"elementor-element elementor-element-bf10fda elementor-widget elementor-widget-text-editor\" data-id=\"bf10fda\" data-element_type=\"widget\" data-e-type=\"widget\" data-widget_type=\"text-editor.default\">\n\t\t\t\t<div class=\"elementor-widget-container\">\n\t\t\t\t\t\t\t\t\t 1. Lighting is part of the brand <br>\n2. Light as a Physical Phenomenon - What is Light?<br>\n 3. Light and seeing<br> \n4. Starting points for store lighting <br>\n5. Light sources <br>\n6. Trend <br>\n7. Lighting maintenance <br>8. Lamp maintenance\t\t\t\t\t\t\t\t<\/div>\n\t\t\t\t<\/div>\n\t\t\t\t\t<\/div>\n\t\t<\/div>\n\t\t\t\t\t<\/div>\n\t\t<\/section>\n\t\t\t\t<div class=\"elementor-element elementor-element-666d6f3 elementor-widget elementor-widget-heading\" data-id=\"666d6f3\" data-element_type=\"widget\" data-e-type=\"widget\" data-widget_type=\"heading.default\">\n\t\t\t\t<div class=\"elementor-widget-container\">\n\t\t\t\t\t<h2 class=\"elementor-heading-title elementor-size-default\">The benefits of investing in lighting<\/h2>\t\t\t\t<\/div>\n\t\t\t\t<\/div>\n\t\t\t\t<div class=\"elementor-element elementor-element-43787d3 elementor-widget elementor-widget-text-editor\" data-id=\"43787d3\" data-element_type=\"widget\" data-e-type=\"widget\" data-widget_type=\"text-editor.default\">\n\t\t\t\t<div class=\"elementor-widget-container\">\n\t\t\t\t\t\t\t\t\tIn addition to the fact that the basic function of lighting as a visibility promoter can be implemented in many different ways, lighting can, among other things, attract customers to the store and guide the flow of customers in the store. Good lighting design boosts sales. Properly designed lighting also increases staff motivation and job satisfaction.\t\t\t\t\t\t\t\t<\/div>\n\t\t\t\t<\/div>\n\t\t\t\t<div class=\"elementor-element elementor-element-fe9cdfb elementor-widget elementor-widget-heading\" data-id=\"fe9cdfb\" data-element_type=\"widget\" data-e-type=\"widget\" data-widget_type=\"heading.default\">\n\t\t\t\t<div class=\"elementor-widget-container\">\n\t\t\t\t\t<h2 class=\"elementor-heading-title elementor-size-default\">Lighting maintenance in order<\/h2>\t\t\t\t<\/div>\n\t\t\t\t<\/div>\n\t\t\t\t<div class=\"elementor-element elementor-element-af44682 elementor-widget elementor-widget-text-editor\" data-id=\"af44682\" data-element_type=\"widget\" data-e-type=\"widget\" data-widget_type=\"text-editor.default\">\n\t\t\t\t<div class=\"elementor-widget-container\">\n\t\t\t\t\t\t\t\t\tLighting affects the image of the store, the company, the company&#039;s products. Regular lighting maintenance includes replacing broken lamps or flashing fluorescent lights and correcting lamp orientations. The good trend of spot lighting can significantly improve the atmosphere of the store as store ownership and products change location. Well-directed light emphasizes the intended product: the image of the brand improves. Imagination has a bearing on a consumer&#039;s purchasing decision.\t\t\t\t\t\t\t\t<\/div>\n\t\t\t\t<\/div>\n\t\t\t\t<div class=\"elementor-element elementor-element-63764c6 elementor-align-left button-ic-add elementor-tablet-align-center elementor-widget elementor-widget-button\" data-id=\"63764c6\" data-element_type=\"widget\" data-e-type=\"widget\" data-widget_type=\"button.default\">\n\t\t\t\t<div class=\"elementor-widget-container\">\n\t\t\t\t\t\t\t\t\t<div class=\"elementor-button-wrapper\">\n\t\t\t\t\t<a class=\"elementor-button elementor-button-link elementor-size-sm\" href=\"#\">\n\t\t\t\t\t\t<span class=\"elementor-button-content-wrapper\">\n\t\t\t\t\t\t<span class=\"elementor-button-icon\">\n\t\t\t\t<i aria-hidden=\"true\" class=\"fas fa-angle-double-right\"><\/i>\t\t\t<\/span>\n\t\t\t\t\t\t\t\t\t<span class=\"elementor-button-text\">Take contact<\/span>\n\t\t\t\t\t<\/span>\n\t\t\t\t\t<\/a>\n\t\t\t\t<\/div>\n\t\t\t\t\t\t\t\t<\/div>\n\t\t\t\t<\/div>\n\t\t\t\t\t<\/div>\n\t\t<\/div>\n\t\t\t\t<div class=\"elementor-column elementor-col-33 elementor-top-column elementor-element elementor-element-bb189ce\" data-id=\"bb189ce\" data-element_type=\"column\" data-e-type=\"column\">\n\t\t\t<div class=\"elementor-widget-wrap\">\n\t\t\t\t\t\t\t<\/div>\n\t\t<\/div>\n\t\t\t\t\t<\/div>\n\t\t<\/section>\n\t\t\t\t<section class=\"elementor-section elementor-top-section elementor-element elementor-element-7ab8231 elementor-section-boxed elementor-section-height-default elementor-section-height-default\" data-id=\"7ab8231\" data-element_type=\"section\" data-e-type=\"section\">\n\t\t\t\t\t\t<div class=\"elementor-container elementor-column-gap-default\">\n\t\t\t\t\t<div class=\"elementor-column elementor-col-100 elementor-top-column elementor-element elementor-element-2e2e975\" data-id=\"2e2e975\" data-element_type=\"column\" data-e-type=\"column\">\n\t\t\t<div class=\"elementor-widget-wrap elementor-element-populated\">\n\t\t\t\t\t\t<div class=\"elementor-element elementor-element-0c43e0b elementor-widget elementor-widget-heading\" data-id=\"0c43e0b\" data-element_type=\"widget\" data-e-type=\"widget\" data-widget_type=\"heading.default\">\n\t\t\t\t<div class=\"elementor-widget-container\">\n\t\t\t\t\t<h2 class=\"elementor-heading-title elementor-size-default\">News<\/h2>\t\t\t\t<\/div>\n\t\t\t\t<\/div>\n\t\t\t\t<div class=\"elementor-element elementor-element-b895bb3 ajanko-hk elementor-widget elementor-widget-jet-posts\" data-id=\"b895bb3\" data-element_type=\"widget\" data-e-type=\"widget\" id=\"home-post-aj\" data-settings=\"{&quot;columns_mobile&quot;:&quot;1&quot;,&quot;columns&quot;:3,&quot;slides_to_scroll&quot;:&quot;1&quot;}\" data-widget_type=\"jet-posts.default\">\n\t\t\t\t<div class=\"elementor-widget-container\">\n\t\t\t\t\t<div class=\"elementor-jet-posts jet-elements\"><div class=\"jet-posts col-row  jet-equal-cols\"><div class=\"jet-posts__item\">\n\t<div class=\"jet-posts__inner-box\"><div class=\"jet-posts__inner-content\"><h4 class=\"entry-title\"><a href=\"https:\/\/laatuvalo.fi\/en\/kevatta-kohti-uutiskirjeemme\/\" target=\"\">Autumn harvest 3.9.24<\/a><\/h4><div class=\"jet-more-wrap\"><a href=\"https:\/\/laatuvalo.fi\/en\/kevatta-kohti-uutiskirjeemme\/\" class=\"btn btn-primary elementor-button elementor-size-md jet-more\" target=\"\"><span class=\"btn__text\">Read more<\/span><span class=\"jet-elements-icon jet-more-icon\"><i aria-hidden=\"true\" class=\"fas fa-angle-right\"><\/i><\/span><\/a><\/div><\/div><\/div>\n<\/div>\n<div class=\"jet-posts__item\">\n\t<div class=\"jet-posts__inner-box\"><div class=\"jet-posts__inner-content\"><h4 class=\"entry-title\"><a href=\"https:\/\/laatuvalo.fi\/en\/muutoksia-toiminnassamme\/\" target=\"\">Changes in our operations<\/a><\/h4><div class=\"jet-more-wrap\"><a href=\"https:\/\/laatuvalo.fi\/en\/muutoksia-toiminnassamme\/\" class=\"btn btn-primary elementor-button elementor-size-md jet-more\" target=\"\"><span class=\"btn__text\">Read more<\/span><span class=\"jet-elements-icon jet-more-icon\"><i aria-hidden=\"true\" class=\"fas fa-angle-right\"><\/i><\/span><\/a><\/div><\/div><\/div>\n<\/div>\n<div class=\"jet-posts__item\">\n\t<div class=\"jet-posts__inner-box\"><div class=\"post-thumbnail\"><a href=\"https:\/\/laatuvalo.fi\/en\/ymparistoystavallisia-ja-nayttavia-kipsivalaisimia-ranskasta\/\" class=\"post-thumbnail__link\"><img loading=\"lazy\" decoding=\"async\" class=\"post-thumbnail__img wp-post-image\" src=\"https:\/\/laatuvalo.fi\/wp-content\/uploads\/2022\/02\/france.jpg\" alt=\"Ymp\u00e4rist\u00f6yst\u00e4v\u00e4llisi\u00e4 ja n\u00e4ytt\u00e4vi\u00e4 kipsivalaisimia Ranskasta\" width=\"2000\" height=\"1125\"><\/a><\/div><div class=\"jet-posts__inner-content\"><h4 class=\"entry-title\"><a href=\"https:\/\/laatuvalo.fi\/en\/ymparistoystavallisia-ja-nayttavia-kipsivalaisimia-ranskasta\/\" target=\"\">Environmentally friendly and spectacular plaster lamps from France<\/a><\/h4><div class=\"entry-excerpt\">Atelier Sedap is a French designer lighting company that specializes in innovative, high-quality gypsum luminaires that adapt well to different types.<\/div><div class=\"jet-more-wrap\"><a href=\"https:\/\/laatuvalo.fi\/en\/ymparistoystavallisia-ja-nayttavia-kipsivalaisimia-ranskasta\/\" class=\"btn btn-primary elementor-button elementor-size-md jet-more\" target=\"\"><span class=\"btn__text\">Read more<\/span><span class=\"jet-elements-icon jet-more-icon\"><i aria-hidden=\"true\" class=\"fas fa-angle-right\"><\/i><\/span><\/a><\/div><\/div><\/div>\n<\/div>\n<\/div>\n<\/div>\t\t\t\t<\/div>\n\t\t\t\t<\/div>\n\t\t\t\t\t<\/div>\n\t\t<\/div>\n\t\t\t\t\t<\/div>\n\t\t<\/section>\n\t\t\t\t<\/div>","protected":false},"excerpt":{"rendered":"<p>Valaistuskonseptointi Laatuvalo tarjoaa valaistuskoulutusta myym\u00e4l\u00f6iden ja liikkeiden valaistuksesta vastaaville henkil\u00f6ille. Koulutuksen tavoitteena on antaa tietoisuus valaistuksen merkityksest\u00e4 asiakkaan ja br\u00e4ndin n\u00e4k\u00f6kulmasta sek\u00e4 oman ty\u00f6n viihtyvyyden kannalta. Valaistuskoulutus antaa valmiudet huolehtia valaisimien ja valonl\u00e4hteiden kunnosta, toimivuudesta ja varalamppuhuollosta. Koulutuksen kohderyhm\u00e4t Myym\u00e4l\u00e4p\u00e4\u00e4llik\u00f6t ja myym\u00e4l\u00e4vastaavat Somistajat Visualistit Myym\u00e4l\u00e4suunnittelijat Koulutuksen sis\u00e4lt\u00f6 1. Valaistus on osa br\u00e4ndi\u00e4 2. Valo fysikaalisena [&hellip;]<\/p>\n","protected":false},"author":1,"featured_media":0,"parent":0,"menu_order":0,"comment_status":"closed","ping_status":"closed","template":"","meta":{"iawp_total_views":37,"footnotes":""},"class_list":["post-1532","page","type-page","status-publish","hentry"],"_links":{"self":[{"href":"https:\/\/laatuvalo.fi\/en\/wp-json\/wp\/v2\/pages\/1532","targetHints":{"allow":["GET"]}}],"collection":[{"href":"https:\/\/laatuvalo.fi\/en\/wp-json\/wp\/v2\/pages"}],"about":[{"href":"https:\/\/laatuvalo.fi\/en\/wp-json\/wp\/v2\/types\/page"}],"author":[{"embeddable":true,"href":"https:\/\/laatuvalo.fi\/en\/wp-json\/wp\/v2\/users\/1"}],"replies":[{"embeddable":true,"href":"https:\/\/laatuvalo.fi\/en\/wp-json\/wp\/v2\/comments?post=1532"}],"version-history":[{"count":0,"href":"https:\/\/laatuvalo.fi\/en\/wp-json\/wp\/v2\/pages\/1532\/revisions"}],"wp:attachment":[{"href":"https:\/\/laatuvalo.fi\/en\/wp-json\/wp\/v2\/media?parent=1532"}],"curies":[{"name":"wp","href":"https:\/\/api.w.org\/{rel}","templated":true}]}}