{"id":1565,"date":"2021-07-13T12:13:31","date_gmt":"2021-07-13T10:13:31","guid":{"rendered":"http:\/\/87.108.17.175\/~laatu881\/?page_id=1565"},"modified":"2024-09-05T10:04:42","modified_gmt":"2024-09-05T08:04:42","slug":"blog","status":"publish","type":"page","link":"https:\/\/laatuvalo.fi\/en\/blog\/","title":{"rendered":"Blog"},"content":{"rendered":"\t\t<div data-elementor-type=\"wp-page\" data-elementor-id=\"1565\" class=\"elementor elementor-1565\" data-elementor-post-type=\"page\">\n\t\t\t\t\t\t<section class=\"elementor-section elementor-top-section elementor-element elementor-element-a22adba elementor-section-height-min-height elementor-section-boxed elementor-section-height-default elementor-section-items-middle\" data-id=\"a22adba\" data-element_type=\"section\" data-e-type=\"section\">\n\t\t\t\t\t\t<div class=\"elementor-container elementor-column-gap-default\">\n\t\t\t\t\t<div class=\"elementor-column elementor-col-100 elementor-top-column elementor-element elementor-element-9380f00\" data-id=\"9380f00\" data-element_type=\"column\" data-e-type=\"column\">\n\t\t\t<div class=\"elementor-widget-wrap elementor-element-populated\">\n\t\t\t\t\t\t<div class=\"elementor-element elementor-element-57ccd6f elementor-widget elementor-widget-heading\" data-id=\"57ccd6f\" data-element_type=\"widget\" data-e-type=\"widget\" data-widget_type=\"heading.default\">\n\t\t\t\t<div class=\"elementor-widget-container\">\n\t\t\t\t\t<h1 class=\"elementor-heading-title elementor-size-default\">Ajankohtaista ja blogi<\/h1>\t\t\t\t<\/div>\n\t\t\t\t<\/div>\n\t\t\t\t\t<\/div>\n\t\t<\/div>\n\t\t\t\t\t<\/div>\n\t\t<\/section>\n\t\t\t\t<section class=\"elementor-section elementor-top-section elementor-element elementor-element-bb26baf elementor-section-boxed elementor-section-height-default elementor-section-height-default\" data-id=\"bb26baf\" data-element_type=\"section\" data-e-type=\"section\">\n\t\t\t\t\t\t<div class=\"elementor-container elementor-column-gap-default\">\n\t\t\t\t\t<div class=\"elementor-column elementor-col-100 elementor-top-column elementor-element elementor-element-9394516\" data-id=\"9394516\" data-element_type=\"column\" data-e-type=\"column\">\n\t\t\t<div class=\"elementor-widget-wrap elementor-element-populated\">\n\t\t\t\t\t\t<div class=\"elementor-element elementor-element-d9b6173 elementor-widget elementor-widget-jet-listing-grid\" data-id=\"d9b6173\" data-element_type=\"widget\" data-e-type=\"widget\" data-settings=\"{&quot;columns&quot;:&quot;1&quot;}\" data-widget_type=\"jet-listing-grid.default\">\n\t\t\t\t<div class=\"elementor-widget-container\">\n\t\t\t\t\t<div class=\"jet-listing-grid jet-listing\"><div class=\"jet-listing-grid__items grid-col-desk-1 grid-col-tablet-1 grid-col-mobile-1 jet-listing-grid--4136\" data-queried-id=\"1565|WP_Post\" data-nav=\"{&quot;enabled&quot;:false,&quot;type&quot;:null,&quot;more_el&quot;:null,&quot;query&quot;:[],&quot;widget_settings&quot;:{&quot;lisitng_id&quot;:4136,&quot;posts_num&quot;:1,&quot;columns&quot;:1,&quot;columns_tablet&quot;:1,&quot;columns_mobile&quot;:1,&quot;column_min_width&quot;:240,&quot;column_min_width_tablet&quot;:240,&quot;column_min_width_mobile&quot;:240,&quot;inline_columns_css&quot;:false,&quot;is_archive_template&quot;:&quot;&quot;,&quot;post_status&quot;:[&quot;publish&quot;],&quot;use_random_posts_num&quot;:&quot;&quot;,&quot;max_posts_num&quot;:9,&quot;not_found_message&quot;:&quot;No data was found&quot;,&quot;is_masonry&quot;:false,&quot;equal_columns_height&quot;:&quot;&quot;,&quot;use_load_more&quot;:&quot;&quot;,&quot;load_more_id&quot;:&quot;&quot;,&quot;load_more_type&quot;:&quot;click&quot;,&quot;load_more_offset&quot;:{&quot;unit&quot;:&quot;px&quot;,&quot;size&quot;:0,&quot;sizes&quot;:[]},&quot;use_custom_post_types&quot;:&quot;&quot;,&quot;custom_post_types&quot;:[],&quot;hide_widget_if&quot;:&quot;&quot;,&quot;carousel_enabled&quot;:&quot;&quot;,&quot;slides_to_scroll&quot;:&quot;1&quot;,&quot;arrows&quot;:&quot;true&quot;,&quot;arrow_icon&quot;:&quot;fa fa-angle-left&quot;,&quot;dots&quot;:&quot;&quot;,&quot;autoplay&quot;:&quot;true&quot;,&quot;pause_on_hover&quot;:&quot;true&quot;,&quot;autoplay_speed&quot;:5000,&quot;infinite&quot;:&quot;true&quot;,&quot;center_mode&quot;:&quot;&quot;,&quot;effect&quot;:&quot;slide&quot;,&quot;speed&quot;:500,&quot;inject_alternative_items&quot;:&quot;&quot;,&quot;injection_items&quot;:[],&quot;scroll_slider_enabled&quot;:&quot;&quot;,&quot;scroll_slider_on&quot;:[&quot;desktop&quot;,&quot;tablet&quot;,&quot;mobile&quot;],&quot;custom_query&quot;:false,&quot;custom_query_id&quot;:&quot;&quot;,&quot;_element_id&quot;:&quot;&quot;,&quot;collapse_first_last_gap&quot;:false,&quot;list_tag_selection&quot;:&quot;&quot;,&quot;list_items_wrapper_tag&quot;:&quot;div&quot;,&quot;list_item_tag&quot;:&quot;div&quot;,&quot;empty_items_wrapper_tag&quot;:&quot;div&quot;}}\" data-page=\"1\" data-pages=\"5\" data-listing-source=\"posts\" data-listing-id=\"4136\" data-query-id=\"\"><div class=\"jet-listing-grid__item jet-listing-dynamic-post-22268\" data-post-id=\"22268\"  >\t\t<div data-elementor-type=\"jet-listing-items\" data-elementor-id=\"4136\" class=\"elementor elementor-4136\" data-elementor-post-type=\"jet-engine\">\n\t\t\t\t\t\t<section class=\"elementor-section elementor-top-section elementor-element elementor-element-4048cd9 elementor-section-height-min-height elementor-section-boxed elementor-section-height-default elementor-section-items-middle\" data-id=\"4048cd9\" data-element_type=\"section\" data-e-type=\"section\" data-settings=\"{&quot;background_background&quot;:&quot;classic&quot;}\">\n\t\t\t\t\t\t\t<div class=\"elementor-background-overlay\"><\/div>\n\t\t\t\t\t\t\t<div class=\"elementor-container elementor-column-gap-default\">\n\t\t\t\t\t<div class=\"elementor-column elementor-col-100 elementor-top-column elementor-element elementor-element-e1602eb\" data-id=\"e1602eb\" data-element_type=\"column\" data-e-type=\"column\">\n\t\t\t<div class=\"elementor-widget-wrap elementor-element-populated\">\n\t\t\t\t\t\t<div class=\"elementor-element elementor-element-80f7d41 elementor-widget elementor-widget-text-editor\" data-id=\"80f7d41\" data-element_type=\"widget\" data-e-type=\"widget\" data-widget_type=\"text-editor.default\">\n\t\t\t\t<div class=\"elementor-widget-container\">\n\t\t\t\t\t\t\t\t\t04\/09\/2024\t\t\t\t\t\t\t\t<\/div>\n\t\t\t\t<\/div>\n\t\t\t\t<div class=\"elementor-element elementor-element-d18c327 elementor-widget__width-initial elementor-widget elementor-widget-heading\" data-id=\"d18c327\" data-element_type=\"widget\" data-e-type=\"widget\" data-widget_type=\"heading.default\">\n\t\t\t\t<div class=\"elementor-widget-container\">\n\t\t\t\t\t<h2 class=\"elementor-heading-title elementor-size-default\"><a href=\"https:\/\/laatuvalo.fi\/en\/kevatta-kohti-uutiskirjeemme\/\">Syksyn satoa 3.9.24<\/a><\/h2>\t\t\t\t<\/div>\n\t\t\t\t<\/div>\n\t\t\t\t<div class=\"elementor-element elementor-element-f10a970 elementor-widget__width-initial elementor-widget-mobile__width-auto elementor-widget elementor-widget-image\" data-id=\"f10a970\" data-element_type=\"widget\" data-e-type=\"widget\" data-widget_type=\"image.default\">\n\t\t\t\t<div class=\"elementor-widget-container\">\n\t\t\t\t\t\t\t\t\t\t\t\t\t\t\t\t<a href=\"https:\/\/laatuvalo.fi\/en\/kevatta-kohti-uutiskirjeemme\/\">\n\t\t\t\t\t\t\t<img fetchpriority=\"high\" decoding=\"async\" width=\"310\" height=\"310\" src=\"https:\/\/laatuvalo.fi\/wp-content\/uploads\/2021\/07\/right-ci.png\" class=\"attachment-full size-full wp-image-950\" alt=\"\" srcset=\"https:\/\/laatuvalo.fi\/wp-content\/uploads\/2021\/07\/right-ci.png 310w, https:\/\/laatuvalo.fi\/wp-content\/uploads\/2021\/07\/right-ci-300x300.png 300w, https:\/\/laatuvalo.fi\/wp-content\/uploads\/2021\/07\/right-ci-150x150.png 150w, https:\/\/laatuvalo.fi\/wp-content\/uploads\/2021\/07\/right-ci-100x100.png 100w\" sizes=\"(max-width: 310px) 100vw, 310px\">\t\t\t\t\t\t\t\t<\/a>\n\t\t\t\t\t\t\t\t\t\t\t\t\t\t\t<\/div>\n\t\t\t\t<\/div>\n\t\t\t\t\t<\/div>\n\t\t<\/div>\n\t\t\t\t\t<\/div>\n\t\t<\/section>\n\t\t\t\t<\/div>\n\t\t<\/div><\/div><\/div>\t\t\t\t<\/div>\n\t\t\t\t<\/div>\n\t\t\t\t<div class=\"elementor-element elementor-element-53fc57c elementor-grid-3 elementor-grid-tablet-2 elementor-grid-mobile-1 elementor-posts--thumbnail-top elementor-widget elementor-widget-posts\" data-id=\"53fc57c\" data-element_type=\"widget\" data-e-type=\"widget\" data-settings=\"{&quot;classic_columns&quot;:&quot;3&quot;,&quot;classic_columns_tablet&quot;:&quot;2&quot;,&quot;classic_columns_mobile&quot;:&quot;1&quot;,&quot;classic_row_gap&quot;:{&quot;unit&quot;:&quot;px&quot;,&quot;size&quot;:35,&quot;sizes&quot;:[]},&quot;classic_row_gap_tablet&quot;:{&quot;unit&quot;:&quot;px&quot;,&quot;size&quot;:&quot;&quot;,&quot;sizes&quot;:[]},&quot;classic_row_gap_mobile&quot;:{&quot;unit&quot;:&quot;px&quot;,&quot;size&quot;:&quot;&quot;,&quot;sizes&quot;:[]}}\" data-widget_type=\"posts.classic\">\n\t\t\t\t<div class=\"elementor-widget-container\">\n\t\t\t\t\t\t\t<div class=\"elementor-posts-container elementor-posts elementor-posts--skin-classic elementor-grid\" role=\"list\">\n\t\t\t\t<article class=\"elementor-post elementor-grid-item post-22207 post type-post status-publish format-standard hentry category-ajankohtaista\" role=\"listitem\">\n\t\t\t\t<div class=\"elementor-post__text\">\n\t\t\t\t<h3 class=\"elementor-post__title\">\n\t\t\t<a href=\"https:\/\/laatuvalo.fi\/en\/muutoksia-toiminnassamme\/\">\n\t\t\t\tMuutoksia toiminnassamme\t\t\t<\/a>\n\t\t<\/h3>\n\t\t\t\t<div class=\"elementor-post__meta-data\">\n\t\t\t\t\t<span class=\"elementor-post-date\">\n\t\t\t14\/03\/2024\t\t<\/span>\n\t\t\t\t<\/div>\n\t\t\t\t<div class=\"elementor-post__excerpt\">\n\t\t\t\t\t<\/div>\n\t\t\n\t\t<a class=\"elementor-post__read-more\" href=\"https:\/\/laatuvalo.fi\/en\/muutoksia-toiminnassamme\/\" aria-label=\"Read more about Muutoksia toiminnassamme\" tabindex=\"-1\">\n\t\t\tLue lis\u00e4\u00e4 \u00bb\t\t<\/a>\n\n\t\t\t\t<\/div>\n\t\t\t\t<\/article>\n\t\t\t\t<article class=\"elementor-post elementor-grid-item post-2738 post type-post status-publish format-standard has-post-thumbnail hentry category-ajankohtaista\" role=\"listitem\">\n\t\t\t\t<a class=\"elementor-post__thumbnail__link\" href=\"https:\/\/laatuvalo.fi\/en\/ymparistoystavallisia-ja-nayttavia-kipsivalaisimia-ranskasta\/\" tabindex=\"-1\">\n\t\t\t<div class=\"elementor-post__thumbnail\"><img decoding=\"async\" width=\"300\" height=\"169\" src=\"https:\/\/laatuvalo.fi\/wp-content\/uploads\/2022\/02\/france-300x169.jpg\" class=\"attachment-medium size-medium wp-image-16280\" alt=\"france\" srcset=\"https:\/\/laatuvalo.fi\/wp-content\/uploads\/2022\/02\/france-300x169.jpg 300w, https:\/\/laatuvalo.fi\/wp-content\/uploads\/2022\/02\/france-1024x576.jpg 1024w, https:\/\/laatuvalo.fi\/wp-content\/uploads\/2022\/02\/france-768x432.jpg 768w, https:\/\/laatuvalo.fi\/wp-content\/uploads\/2022\/02\/france-1536x864.jpg 1536w, https:\/\/laatuvalo.fi\/wp-content\/uploads\/2022\/02\/france-18x10.jpg 18w, https:\/\/laatuvalo.fi\/wp-content\/uploads\/2022\/02\/france-600x338.jpg 600w, https:\/\/laatuvalo.fi\/wp-content\/uploads\/2022\/02\/france.jpg 2000w\" sizes=\"(max-width: 300px) 100vw, 300px\" \/><\/div>\n\t\t<\/a>\n\t\t\t\t<div class=\"elementor-post__text\">\n\t\t\t\t<h3 class=\"elementor-post__title\">\n\t\t\t<a href=\"https:\/\/laatuvalo.fi\/en\/ymparistoystavallisia-ja-nayttavia-kipsivalaisimia-ranskasta\/\">\n\t\t\t\tYmp\u00e4rist\u00f6yst\u00e4v\u00e4llisi\u00e4 ja n\u00e4ytt\u00e4vi\u00e4 kipsivalaisimia Ranskasta\t\t\t<\/a>\n\t\t<\/h3>\n\t\t\t\t<div class=\"elementor-post__meta-data\">\n\t\t\t\t\t<span class=\"elementor-post-date\">\n\t\t\t24\/07\/2021\t\t<\/span>\n\t\t\t\t<\/div>\n\t\t\t\t<div class=\"elementor-post__excerpt\">\n\t\t\t<p>Atelier Sedap on ranskalainen designvalaisimia valmistava yritys, jonka erikoisuuksiin kuuluvat kipsist\u00e4 valmistetut innovatiiviset ja laadukkaat valaisimet, jotka mukautuvat hyvin eri ymp\u00e4rist\u00f6ihin ja tiloihin. Visuaalisesti upeat<\/p>\n\t\t<\/div>\n\t\t\n\t\t<a class=\"elementor-post__read-more\" href=\"https:\/\/laatuvalo.fi\/en\/ymparistoystavallisia-ja-nayttavia-kipsivalaisimia-ranskasta\/\" aria-label=\"Read more about Ymp\u00e4rist\u00f6yst\u00e4v\u00e4llisi\u00e4 ja n\u00e4ytt\u00e4vi\u00e4 kipsivalaisimia Ranskasta\" tabindex=\"-1\">\n\t\t\tLue lis\u00e4\u00e4 \u00bb\t\t<\/a>\n\n\t\t\t\t<\/div>\n\t\t\t\t<\/article>\n\t\t\t\t<article class=\"elementor-post elementor-grid-item post-1603 post type-post status-publish format-standard has-post-thumbnail hentry category-ajankohtaista\" role=\"listitem\">\n\t\t\t\t<a class=\"elementor-post__thumbnail__link\" href=\"https:\/\/laatuvalo.fi\/en\/laatuvalo-ja-fitness-village\/\" tabindex=\"-1\">\n\t\t\t<div class=\"elementor-post__thumbnail\"><img decoding=\"async\" width=\"300\" height=\"204\" src=\"https:\/\/laatuvalo.fi\/wp-content\/uploads\/2021\/07\/FVGLOUNGE2_srcset-small-300x204.jpg\" class=\"attachment-medium size-medium wp-image-5814\" alt=\"\" srcset=\"https:\/\/laatuvalo.fi\/wp-content\/uploads\/2021\/07\/FVGLOUNGE2_srcset-small-300x204.jpg 300w, https:\/\/laatuvalo.fi\/wp-content\/uploads\/2021\/07\/FVGLOUNGE2_srcset-small.jpg 464w\" sizes=\"(max-width: 300px) 100vw, 300px\" \/><\/div>\n\t\t<\/a>\n\t\t\t\t<div class=\"elementor-post__text\">\n\t\t\t\t<h3 class=\"elementor-post__title\">\n\t\t\t<a href=\"https:\/\/laatuvalo.fi\/en\/laatuvalo-ja-fitness-village\/\">\n\t\t\t\tLAATUVALO JA FITNESS VILLAGE\t\t\t<\/a>\n\t\t<\/h3>\n\t\t\t\t<div class=\"elementor-post__meta-data\">\n\t\t\t\t\t<span class=\"elementor-post-date\">\n\t\t\t13\/07\/2021\t\t<\/span>\n\t\t\t\t<\/div>\n\t\t\t\t<div class=\"elementor-post__excerpt\">\n\t\t\t<p>Digiajan kuntosalikonsepti Fitness Village Uudenlainen konsepti yhdist\u00e4\u00e4 treenaamisen ja pelaamisen tavalla joka motivoi kaikki pelaamisesta kiinnostuneet liikkeelle. Mobiilipelin hahmoa kehit\u00e4\u00e4n treenaamalla ja henkil\u00f6kohtaisen harjoittelun hy\u00f6dyt<\/p>\n\t\t<\/div>\n\t\t\n\t\t<a class=\"elementor-post__read-more\" href=\"https:\/\/laatuvalo.fi\/en\/laatuvalo-ja-fitness-village\/\" aria-label=\"Read more about LAATUVALO JA FITNESS VILLAGE\" tabindex=\"-1\">\n\t\t\tLue lis\u00e4\u00e4 \u00bb\t\t<\/a>\n\n\t\t\t\t<\/div>\n\t\t\t\t<\/article>\n\t\t\t\t<article class=\"elementor-post elementor-grid-item post-368 post type-post status-publish format-standard has-post-thumbnail hentry category-ajankohtaista\" role=\"listitem\">\n\t\t\t\t<a class=\"elementor-post__thumbnail__link\" href=\"https:\/\/laatuvalo.fi\/en\/kelo-design-piha-valaisin-on-nyt-saatavilla\/\" tabindex=\"-1\">\n\t\t\t<div class=\"elementor-post__thumbnail\"><img loading=\"lazy\" decoding=\"async\" width=\"300\" height=\"200\" src=\"https:\/\/laatuvalo.fi\/wp-content\/uploads\/2021\/06\/lensamb010_srcset-small-300x200.jpg\" class=\"attachment-medium size-medium wp-image-5809\" alt=\"\" srcset=\"https:\/\/laatuvalo.fi\/wp-content\/uploads\/2021\/06\/lensamb010_srcset-small-300x200.jpg 300w, https:\/\/laatuvalo.fi\/wp-content\/uploads\/2021\/06\/lensamb010_srcset-small.jpg 464w\" sizes=\"(max-width: 300px) 100vw, 300px\" \/><\/div>\n\t\t<\/a>\n\t\t\t\t<div class=\"elementor-post__text\">\n\t\t\t\t<h3 class=\"elementor-post__title\">\n\t\t\t<a href=\"https:\/\/laatuvalo.fi\/en\/kelo-design-piha-valaisin-on-nyt-saatavilla\/\">\n\t\t\t\tLaatuvalo uutiset\t\t\t<\/a>\n\t\t<\/h3>\n\t\t\t\t<div class=\"elementor-post__meta-data\">\n\t\t\t\t\t<span class=\"elementor-post-date\">\n\t\t\t18\/06\/2021\t\t<\/span>\n\t\t\t\t<\/div>\n\t\t\t\t<div class=\"elementor-post__excerpt\">\n\t\t\t<p>Kes\u00e4 alkaa olemaan v\u00e4hitellen ohi, toivottavasti kaikki ehtiv\u00e4t nauttimaan sill\u00e4 kohta on taas pime\u00e4mpi aika ja haluaisimmekin esitt\u00e4\u00e4 muutamia uutuuksia. Fabbian Fabbianista voisi mainita yll\u00e4<\/p>\n\t\t<\/div>\n\t\t\n\t\t<a class=\"elementor-post__read-more\" href=\"https:\/\/laatuvalo.fi\/en\/kelo-design-piha-valaisin-on-nyt-saatavilla\/\" aria-label=\"Read more about Laatuvalo uutiset\" tabindex=\"-1\">\n\t\t\tLue lis\u00e4\u00e4 \u00bb\t\t<\/a>\n\n\t\t\t\t<\/div>\n\t\t\t\t<\/article>\n\t\t\t\t<\/div>\n\t\t\n\t\t\t\t\t\t<\/div>\n\t\t\t\t<\/div>\n\t\t\t\t\t<\/div>\n\t\t<\/div>\n\t\t\t\t\t<\/div>\n\t\t<\/section>\n\t\t\t\t<\/div>\n\t\t","protected":false},"excerpt":{"rendered":"<p>Ajankohtaista ja blogi<\/p>","protected":false},"author":1,"featured_media":1939,"parent":0,"menu_order":0,"comment_status":"closed","ping_status":"closed","template":"","meta":{"iawp_total_views":47,"footnotes":""},"class_list":["post-1565","page","type-page","status-publish","has-post-thumbnail","hentry"],"_links":{"self":[{"href":"https:\/\/laatuvalo.fi\/en\/wp-json\/wp\/v2\/pages\/1565","targetHints":{"allow":["GET"]}}],"collection":[{"href":"https:\/\/laatuvalo.fi\/en\/wp-json\/wp\/v2\/pages"}],"about":[{"href":"https:\/\/laatuvalo.fi\/en\/wp-json\/wp\/v2\/types\/page"}],"author":[{"embeddable":true,"href":"https:\/\/laatuvalo.fi\/en\/wp-json\/wp\/v2\/users\/1"}],"replies":[{"embeddable":true,"href":"https:\/\/laatuvalo.fi\/en\/wp-json\/wp\/v2\/comments?post=1565"}],"version-history":[{"count":0,"href":"https:\/\/laatuvalo.fi\/en\/wp-json\/wp\/v2\/pages\/1565\/revisions"}],"wp:featuredmedia":[{"embeddable":true,"href":"https:\/\/laatuvalo.fi\/en\/wp-json\/wp\/v2\/media\/1939"}],"wp:attachment":[{"href":"https:\/\/laatuvalo.fi\/en\/wp-json\/wp\/v2\/media?parent=1565"}],"curies":[{"name":"wp","href":"https:\/\/api.w.org\/{rel}","templated":true}]}}