{"id":5796,"date":"2021-09-08T07:04:02","date_gmt":"2021-09-08T07:04:02","guid":{"rendered":"https:\/\/laatuvalo.fi\/?page_id=5796"},"modified":"2022-02-25T00:37:17","modified_gmt":"2022-02-24T22:37:17","slug":"takuu-ja-reklamaatiot","status":"publish","type":"page","link":"https:\/\/laatuvalo.fi\/en\/takuu-ja-reklamaatiot\/","title":{"rendered":"Warranty and Complaints"},"content":{"rendered":"<div data-elementor-type=\"wp-page\" data-elementor-id=\"5796\" class=\"elementor elementor-5796\" data-elementor-post-type=\"page\">\n\t\t\t\t\t\t<section class=\"elementor-section elementor-top-section elementor-element elementor-element-8df7a96 elementor-section-boxed elementor-section-height-default elementor-section-height-default\" data-id=\"8df7a96\" data-element_type=\"section\" data-e-type=\"section\">\n\t\t\t\t\t\t\t<div class=\"elementor-background-overlay\"><\/div>\n\t\t\t\t\t\t\t<div class=\"elementor-container elementor-column-gap-default\">\n\t\t\t\t\t<div class=\"elementor-column elementor-col-100 elementor-top-column elementor-element elementor-element-64ef4188\" data-id=\"64ef4188\" data-element_type=\"column\" data-e-type=\"column\">\n\t\t\t<div class=\"elementor-widget-wrap elementor-element-populated\">\n\t\t\t\t\t\t<div class=\"elementor-element elementor-element-0c14292 elementor-widget elementor-widget-heading\" data-id=\"0c14292\" data-element_type=\"widget\" data-e-type=\"widget\" data-widget_type=\"heading.default\">\n\t\t\t\t<div class=\"elementor-widget-container\">\n\t\t\t\t\t<h1 class=\"elementor-heading-title elementor-size-default\">Warranty and complaint<\/h1>\t\t\t\t<\/div>\n\t\t\t\t<\/div>\n\t\t\t\t<div class=\"elementor-element elementor-element-6a43ca20 elementor-widget elementor-widget-text-editor\" data-id=\"6a43ca20\" data-element_type=\"widget\" data-e-type=\"widget\" data-widget_type=\"text-editor.default\">\n\t\t\t\t<div class=\"elementor-widget-container\">\n\t\t\t\t\t\t\t\t\t\n<p><strong>Complaint<\/strong><br>If the product you receive is broken or defective, you have received the wrong product or if you suspect a manufacturing defect in the product, please contact info@laatuvalo.fi.<br>We will contact you within 1-3 business days of notification.<\/p>\n\n\n\n<p><\/p>\n\n\n\n<p>T<strong>battery:<\/strong><\/p>\n\n\n\n<p>The products we sell are subject to normal liability for defects under the Consumer Protection Act. Various material or manufacturing defects are handled within the framework of liability for defects. Natural wear and tear of the goods is not considered a defect.<br>Some of the products we sell have a specific warranty. You can find more detailed information about warranty issues on the product cards in the online store.<br><br>If you suspect a manufacturing defect in the product, first contact info@laatuvalo.fi to find out.<\/p>\n\t\t\t\t\t\t\t\t<\/div>\n\t\t\t\t<\/div>\n\t\t\t\t\t<\/div>\n\t\t<\/div>\n\t\t\t\t\t<\/div>\n\t\t<\/section>\n\t\t\t\t<\/div>","protected":false},"excerpt":{"rendered":"<p>Takuu ja reklamaatio ReklamaatioMik\u00e4li saamasi tuote on rikki tai viallinen, olet saanut v\u00e4\u00e4r\u00e4n tuotteen tai jos ep\u00e4ilet tuotteessa olevan valmistusvirheen, pyyd\u00e4mme sinua ottamaan yhteytt\u00e4 info@laatuvalo.fi .Olemme sinuun yhteydess\u00e4 1-3 arkip\u00e4iv\u00e4n sis\u00e4ll\u00e4 ilmoituksesta. Takuu: Myymill\u00e4mme tuotteilla on voimassa normaali kuluttajansuojalain mukainen virhevastuu. Virhevastuun puitteissa k\u00e4sitell\u00e4\u00e4n erilaiset materiaali- tai valmistusvirheet. Virheen\u00e4 ei pidet\u00e4 tavaran luonnollista kulumista.Joillain myymill\u00e4mme [&hellip;]<\/p>\n","protected":false},"author":1,"featured_media":0,"parent":0,"menu_order":0,"comment_status":"closed","ping_status":"closed","template":"","meta":{"iawp_total_views":11,"footnotes":""},"class_list":["post-5796","page","type-page","status-publish","hentry"],"_links":{"self":[{"href":"https:\/\/laatuvalo.fi\/en\/wp-json\/wp\/v2\/pages\/5796","targetHints":{"allow":["GET"]}}],"collection":[{"href":"https:\/\/laatuvalo.fi\/en\/wp-json\/wp\/v2\/pages"}],"about":[{"href":"https:\/\/laatuvalo.fi\/en\/wp-json\/wp\/v2\/types\/page"}],"author":[{"embeddable":true,"href":"https:\/\/laatuvalo.fi\/en\/wp-json\/wp\/v2\/users\/1"}],"replies":[{"embeddable":true,"href":"https:\/\/laatuvalo.fi\/en\/wp-json\/wp\/v2\/comments?post=5796"}],"version-history":[{"count":0,"href":"https:\/\/laatuvalo.fi\/en\/wp-json\/wp\/v2\/pages\/5796\/revisions"}],"wp:attachment":[{"href":"https:\/\/laatuvalo.fi\/en\/wp-json\/wp\/v2\/media?parent=5796"}],"curies":[{"name":"wp","href":"https:\/\/api.w.org\/{rel}","templated":true}]}}