{"id":5912,"date":"2021-09-09T06:21:23","date_gmt":"2021-09-09T06:21:23","guid":{"rendered":"https:\/\/laatuvalo.fi\/?page_id=5912"},"modified":"2022-02-16T15:28:15","modified_gmt":"2022-02-16T13:28:15","slug":"tietosuojakaytanto","status":"publish","type":"page","link":"https:\/\/laatuvalo.fi\/en\/tietosuojakaytanto\/","title":{"rendered":"Rekisteriseloste"},"content":{"rendered":"<div data-elementor-type=\"wp-page\" data-elementor-id=\"5912\" class=\"elementor elementor-5912\" data-elementor-post-type=\"page\">\n\t\t\t\t\t\t<section class=\"elementor-section elementor-top-section elementor-element elementor-element-c09242e elementor-section-boxed elementor-section-height-default elementor-section-height-default\" data-id=\"c09242e\" data-element_type=\"section\" data-e-type=\"section\">\n\t\t\t\t\t\t\t<div class=\"elementor-background-overlay\"><\/div>\n\t\t\t\t\t\t\t<div class=\"elementor-container elementor-column-gap-default\">\n\t\t\t\t\t<div class=\"elementor-column elementor-col-100 elementor-top-column elementor-element elementor-element-4a740f1\" data-id=\"4a740f1\" data-element_type=\"column\" data-e-type=\"column\">\n\t\t\t<div class=\"elementor-widget-wrap elementor-element-populated\">\n\t\t\t\t\t\t<section class=\"elementor-section elementor-inner-section elementor-element elementor-element-9cc4b82 elementor-section-boxed elementor-section-height-default elementor-section-height-default\" data-id=\"9cc4b82\" data-element_type=\"section\" data-e-type=\"section\">\n\t\t\t\t\t\t<div class=\"elementor-container elementor-column-gap-default\">\n\t\t\t\t\t<div class=\"elementor-column elementor-col-100 elementor-inner-column elementor-element elementor-element-91436c8\" data-id=\"91436c8\" data-element_type=\"column\" data-e-type=\"column\">\n\t\t\t<div class=\"elementor-widget-wrap elementor-element-populated\">\n\t\t\t\t\t\t<div class=\"elementor-element elementor-element-5fbb6ea elementor-widget elementor-widget-heading\" data-id=\"5fbb6ea\" data-element_type=\"widget\" data-e-type=\"widget\" data-widget_type=\"heading.default\">\n\t\t\t\t<div class=\"elementor-widget-container\">\n\t\t\t\t\t<h1 class=\"elementor-heading-title elementor-size-default\">Laatuvalo Oy | Privacy Policy<\/h1>\t\t\t\t<\/div>\n\t\t\t\t<\/div>\n\t\t\t\t<div class=\"elementor-element elementor-element-994254a elementor-widget elementor-widget-text-editor\" data-id=\"994254a\" data-element_type=\"widget\" data-e-type=\"widget\" data-widget_type=\"text-editor.default\">\n\t\t\t\t<div class=\"elementor-widget-container\">\n\t\t\t\t\t\t\t\t\t<p><strong>1 INTRODUCTION<\/strong><br \/>In this privacy statement, we describe how we collect and process it<br \/>personal information Laatuvalo Oy services (including, but not limited to, this<br \/>website, as well as all related discussion forums, directories and databases<br \/>and the services provided by Laatuvalo Oy) (the \u201cService\u201d).<br \/>We are committed to protecting the privacy of users of the Services as appropriate<br \/>in accordance with national law.<\/p>\t\t\t\t\t\t\t\t<\/div>\n\t\t\t\t<\/div>\n\t\t\t\t<div class=\"elementor-element elementor-element-9d780ab elementor-widget elementor-widget-text-editor\" data-id=\"9d780ab\" data-element_type=\"widget\" data-e-type=\"widget\" data-widget_type=\"text-editor.default\">\n\t\t\t\t<div class=\"elementor-widget-container\">\n\t\t\t\t\t\t\t\t\t<p><strong>2. PURPOSES OF THE PROCEDURE AND LEGAL BASIS<\/strong><br \/>Purposes of the processing of personal data<br \/>We collect and process personal information in order to:<br \/><br \/>\u25aa you may register for certain services on our site;<br \/>\u25aa you may use certain services on our site;<br \/>\u25aa the user may be marketed by us or in accordance with the user&#039;s consent<br \/>services of selected third parties;<br \/>\u25aa we may improve the user experience of the Service by collecting the Site<br \/>usage information using cookies and other analysis techniques;<br \/>\u25aa our site can be managed.<br \/><br \/><strong>Legal basis for the processing of personal data<\/strong><br \/>We collect and process personal information to handle the information arising from the agreement<br \/>our obligations and to fulfill our obligations under the law. In addition<br \/>we process personal data on a legitimate basis in order to maintain and<br \/>to develop our business and services.<\/p>\t\t\t\t\t\t\t\t<\/div>\n\t\t\t\t<\/div>\n\t\t\t\t<div class=\"elementor-element elementor-element-fa7137f elementor-widget elementor-widget-text-editor\" data-id=\"fa7137f\" data-element_type=\"widget\" data-e-type=\"widget\" data-widget_type=\"text-editor.default\">\n\t\t\t\t<div class=\"elementor-widget-container\">\n\t\t\t\t\t\t\t\t\t<p><strong>3. WHAT PERSONAL INFORMATION DO WE COLLECT?<\/strong><br \/>We collect from users of our service as defined in this privacy statement<br \/>personal data necessary for the purposes for which they are used:<br \/><br \/>a) The information you provide to Laatuvalo Oy<br \/><br \/>\u25aa Contact and registration information<br \/>\u25aa Demographics such as age and gender<br \/>\u25aa Information related to the contractual relationship, such as information describing products or services,<br \/>billing and payment information, customer feedback and contacts<br \/>\u25aa Recorded customer calls<br \/>\u25aa Profile and interest information provided by the user<br \/>\u25aa Permits and consents<br \/>\u25aa Any other user-supplied information we need<br \/>for the purposes set out in the data protection clause<br \/><br \/>(b) Any information collected from public registers<br \/><br \/>c) Information Observed on Use of the Services<br \/><br \/>Cookies and other analysis technologies are used to detect the use of the services.<br \/><br \/>The use of cookies is common and is used by several websites. The cookie is small<br \/>a data storage program that a computer browser installs on a user&#039;s computer hard drive. Each time a user&#039;s browser retrieves a site from the Company&#039;s server, a message is sent<br \/>back to the user&#039;s computer. The message sent speeds up the site and simplifies login, stores user credentials, and targets the site to the user.<br \/>For example, cookies and other possible analytical technologies are used to collect the following information:<br \/><br \/>\u25aa Information about the use and browsing of service features, such as advertisements that have been displayed<br \/>as well as information about ad clicks<br \/><br \/>\u25aa The page from which the user has accessed our site, the device model, the individual device and \/ or<br \/>cookie ID, data collection channel, browser version, IP address, session ID,<br \/>the time and duration of the session and the resolution and operating system of the screen<br \/><br \/>\u25aa Location information, if explicitly authorized by the user<br \/><br \/>\u25aa Other information collected with the user&#039;s consent<br \/><br \/><br \/>d) Information derived from the use of the Services<br \/><br \/>\u25aa The derived information has been deduced using analytics from the detected use of the Service and \/ or<br \/>information provided by the customer, such as the user&#039;s potential interest<br \/>items or segmentation into a specific group of users.<br \/><br \/>\u25aa All information we collect may be used to target the Service<br \/>to the user. We use cookies to track the information provided by our website cookie<br \/>has installed on the user&#039;s computer. Most browsers have a Help menu -<br \/>a section that explains how to block the acceptance of cookies, how the browser<br \/>informs you when you receive cookies and how cookies can be blocked. If<br \/>If cookies are blocked, use of the website may be restricted or blocked.<\/p>\t\t\t\t\t\t\t\t<\/div>\n\t\t\t\t<\/div>\n\t\t\t\t<div class=\"elementor-element elementor-element-4ddeac5 elementor-widget elementor-widget-text-editor\" data-id=\"4ddeac5\" data-element_type=\"widget\" data-e-type=\"widget\" data-widget_type=\"text-editor.default\">\n\t\t\t\t<div class=\"elementor-widget-container\">\n\t\t\t\t\t\t\t\t\t<p><strong>4. HOW LONG IS USER DATA RETAINED?<\/strong><br \/>We retain users&#039; personal information only for as long as it is needed for that purpose<br \/>for which they were collected or for the maximum period permitted by law. Retention period of personal data<br \/>the length therefore varies depending on the data. This also means that we may retain<br \/>your personal information, even if your contractual relationship with us has ended, but only as long as<br \/>we have a reason to do so.<\/p>\t\t\t\t\t\t\t\t<\/div>\n\t\t\t\t<\/div>\n\t\t\t\t<div class=\"elementor-element elementor-element-4cbbc7f elementor-widget elementor-widget-text-editor\" data-id=\"4cbbc7f\" data-element_type=\"widget\" data-e-type=\"widget\" data-widget_type=\"text-editor.default\">\n\t\t\t\t<div class=\"elementor-widget-container\">\n\t\t\t\t\t\t\t\t\t<p><strong>5. TRANSFER OF PERSONAL DATA<\/strong><br \/>Laatuvalo Oy to provide the service<br \/>We only transfer personal information to the extent that third parties<br \/>need access to the personal information we process in order to provide the Service<br \/>for the purposes defined by the data protection clause.<br \/>Third Party Marketing and Advertising<br \/>We do not share users&#039; personal or identifying information with marketing or advertising parties.<br \/>In order to properly target communications or marketing, we may transfer it to third parties<br \/>anonymised demographics, points of interest or, for example, location<br \/>based targeting values.<br \/>Your consent<br \/>If the user has given their consent, we may share the user&#039;s information with the selected<br \/>with third parties so that they can contact the user.<br \/>Scientific research<br \/>We may disclose information for scientific or historical research provided that:<br \/>the information has been changed in such a way that the subject of the information is no longer about it<br \/>identifiable.<br \/>For legal reasons<br \/>Your personal data may be disclosed in accordance with the requirements of the competent authority and<br \/>in accordance with the conditions laid down by law. If we sell, buy, merge or<br \/>otherwise we organize our business, the user&#039;s personal information may be disclosed<br \/>buyers and their advisers.<\/p>\t\t\t\t\t\t\t\t<\/div>\n\t\t\t\t<\/div>\n\t\t\t\t<div class=\"elementor-element elementor-element-235db64 elementor-widget elementor-widget-text-editor\" data-id=\"235db64\" data-element_type=\"widget\" data-e-type=\"widget\" data-widget_type=\"text-editor.default\">\n\t\t\t\t<div class=\"elementor-widget-container\">\n\t\t\t\t\t\t\t\t\t<p><strong>6. INTERNATIONAL DATA TRANSFERS<\/strong><br \/>Laatuvalo Oy strives to implement services and process personal data in the EU or EEA area<br \/>operators and services located in<br \/>Some of our subcontractors, distributors and partners are located in Europe<br \/>outside the economic territory. In this case, your personal data may be transferred between different countries.<br \/>Such transfers may involve transfers of personal data outside the EU or the EEA<br \/>to countries whose legislation on the processing of personal data differs from Finland&#039;s<br \/>requirements of the law. In this case, Laatuvalo Oy ensures an adequate level of protection of personal data<br \/>for example by agreeing with the controller<br \/>model contract clauses or other means in accordance with data protection law<br \/>transfer of personal data to third countries.<\/p>\t\t\t\t\t\t\t\t<\/div>\n\t\t\t\t<\/div>\n\t\t\t\t<div class=\"elementor-element elementor-element-743df83 elementor-widget elementor-widget-text-editor\" data-id=\"743df83\" data-element_type=\"widget\" data-e-type=\"widget\" data-widget_type=\"text-editor.default\">\n\t\t\t\t<div class=\"elementor-widget-container\">\n\t\t\t\t\t\t\t\t\t<p><strong>7. PROTECTION OF PERSONAL DATA<\/strong><br \/>Laatuvalo Oy uses up-to-date policies to protect personal data. This<br \/>means that we use physical, administrative and technical safeguards<br \/>to reduce the risk of personal data loss and to reduce misuse; and<br \/>unauthorized use, publication or modification. We store your personal information<br \/>secure servers so that only authorized persons can access those servers<br \/>available information. Laatuvalo Oy can also protect the user&#039;s personal data by utilizing Secure<br \/>Sockets Layer (\u201cSSL\u201d) or other similar encryption software.<\/p>\t\t\t\t\t\t\t\t<\/div>\n\t\t\t\t<\/div>\n\t\t\t\t<div class=\"elementor-element elementor-element-7837ce5 elementor-widget elementor-widget-text-editor\" data-id=\"7837ce5\" data-element_type=\"widget\" data-e-type=\"widget\" data-widget_type=\"text-editor.default\">\n\t\t\t\t<div class=\"elementor-widget-container\">\n\t\t\t\t\t\t\t\t\t<p><strong>8. THIRD SITE<\/strong><br \/>This Privacy Statement applies only to our Services and we are not responsible for others<br \/>the privacy practices of those sites. We encourage the user to check their usage<br \/>site privacy statements.<\/p>\t\t\t\t\t\t\t\t<\/div>\n\t\t\t\t<\/div>\n\t\t\t\t<div class=\"elementor-element elementor-element-6e7d40c elementor-widget elementor-widget-text-editor\" data-id=\"6e7d40c\" data-element_type=\"widget\" data-e-type=\"widget\" data-widget_type=\"text-editor.default\">\n\t\t\t\t<div class=\"elementor-widget-container\">\n\t\t\t\t\t\t\t\t\t<p><strong>9. CHANGES TO THE PRIVACY STATEMENT<\/strong><br \/>We may change this privacy statement. An amended Privacy Statement is available<br \/>From the company&#039;s website, so that users are always aware of how their personal information<br \/>processed.<\/p>\t\t\t\t\t\t\t\t<\/div>\n\t\t\t\t<\/div>\n\t\t\t\t<div class=\"elementor-element elementor-element-c0975fa elementor-widget elementor-widget-text-editor\" data-id=\"c0975fa\" data-element_type=\"widget\" data-e-type=\"widget\" data-widget_type=\"text-editor.default\">\n\t\t\t\t<div class=\"elementor-widget-container\">\n\t\t\t\t\t\t\t\t\t<p><strong>10. YOUR RIGHTS<\/strong><br \/>Right of inspection<br \/>You have the right to check what information about you has been stored in the register.<br \/>We provide the information in the format required by law.<br \/>Right to have information rectified<br \/>You have the right to claim false, inaccurate, incomplete, outdated or<br \/>correcting or supplementing unnecessary information.<br \/>Right to request deletion of data<br \/>You can ask us to remove your personal information from our systems. We will process your request<br \/>unless we have a legitimate reason not to delete the information. Information<br \/>may not be immediately removed from all backup or similar items<br \/>our systems.<br \/>The right to restrict the processing of information<br \/>You can ask us to restrict the processing of certain of your personal information. Data processing<br \/>a request for restriction may lead to more limited access<br \/>our website and services.<br \/>The right to object to the processing of information<br \/>You can also request restrictions on the processing of your personal information if your information is processed by others<br \/>for purposes other than the performance of our service or a legal obligation<br \/>to fulfill. Opposition to the processing of personal data may lead to more limited ones<br \/>access to our website. You have the right to refuse electronic<br \/>direct marketing by following the instructions included in all of our submissions<br \/>marketing messages.<br \/>The right to transfer data from one system to another<br \/>You have the right to receive your personal information from us in a structured and commonly used manner<br \/>format so that you can pass the information on to another data controller.<br \/>Right to withdraw consent<br \/>If the processing of your data is based on consent, you have the right to withdraw consent<br \/>whenever.<\/p>\t\t\t\t\t\t\t\t<\/div>\n\t\t\t\t<\/div>\n\t\t\t\t<div class=\"elementor-element elementor-element-976b427 elementor-widget elementor-widget-text-editor\" data-id=\"976b427\" data-element_type=\"widget\" data-e-type=\"widget\" data-widget_type=\"text-editor.default\">\n\t\t\t\t<div class=\"elementor-widget-container\">\n\t\t\t\t\t\t\t\t\t<p><strong>11. EXERCISE YOUR RIGHTS<\/strong><br \/>You can exercise your rights by sending a letter or email with your name, address,<br \/>your phone number and a copy of a valid ID. If your request<br \/>concerns the personal information contained in the cookie, you must attach a copy of it to your request<br \/>about the cookie. We may request additional information that is necessary for your identity<br \/>to certify. We can reject requests that are repeated unreasonably often are excessive<br \/>or which are unfounded.<br \/>If you feel that the processing of your personal information is in conflict with applicable law<br \/>you can complain to your local data protection authority.<\/p>\t\t\t\t\t\t\t\t<\/div>\n\t\t\t\t<\/div>\n\t\t\t\t<div class=\"elementor-element elementor-element-f646cf4 elementor-widget elementor-widget-text-editor\" data-id=\"f646cf4\" data-element_type=\"widget\" data-e-type=\"widget\" data-widget_type=\"text-editor.default\">\n\t\t\t\t<div class=\"elementor-widget-container\">\n\t\t\t\t\t\t\t\t\t<p><strong>12. WHO IS THE REGISTRAR AND WHO CAN I CONTACT?<\/strong><br \/>The registrar is:<br \/>Laatuvalo Oy<br \/>For questions about the register, you can contact:<br \/>info@laatuvalo.fi<\/p>\t\t\t\t\t\t\t\t<\/div>\n\t\t\t\t<\/div>\n\t\t\t\t\t<\/div>\n\t\t<\/div>\n\t\t\t\t\t<\/div>\n\t\t<\/section>\n\t\t\t\t\t<\/div>\n\t\t<\/div>\n\t\t\t\t\t<\/div>\n\t\t<\/section>\n\t\t\t\t<\/div>","protected":false},"excerpt":{"rendered":"<p>Laatuvalo Oy | Tietosuojalauseke 1. JOHDANTOT\u00e4ss\u00e4 tietosuojalausekkeessa kerromme, kuinka ker\u00e4\u00e4mme ja k\u00e4sittelemmehenkil\u00f6tietoja Laatuvalo Oy palveluita (sis\u00e4lt\u00e4en, mutta ei rajoittuen, t\u00e4m\u00e4ninternetsivuston, sek\u00e4 kaikki siihen liittyv\u00e4t keskustelufoorumit, hakemistot ja tietokannatsek\u00e4 Laatuvalo Oy tarjoamat palvelut) (\u201dPalvelu\u201d) tarjotessa.Olemme sitoutuneet suojaamaan Palveluiden k\u00e4ytt\u00e4jien yksityisyytt\u00e4 soveltuvanlains\u00e4\u00e4d\u00e4nn\u00f6n mukaisesti. 2. K\u00c4SITTELYN TARKOITUKSET JA OIKEUSPERUSTEHenkil\u00f6tietojen k\u00e4sittelyn tarkoituksetKer\u00e4\u00e4mme ja k\u00e4sittelemme henkil\u00f6tietoja, jotta: \u25aa k\u00e4ytt\u00e4j\u00e4 voidaan [&hellip;]<\/p>\n","protected":false},"author":1,"featured_media":0,"parent":0,"menu_order":0,"comment_status":"closed","ping_status":"closed","template":"","meta":{"iawp_total_views":5,"footnotes":""},"class_list":["post-5912","page","type-page","status-publish","hentry"],"_links":{"self":[{"href":"https:\/\/laatuvalo.fi\/en\/wp-json\/wp\/v2\/pages\/5912","targetHints":{"allow":["GET"]}}],"collection":[{"href":"https:\/\/laatuvalo.fi\/en\/wp-json\/wp\/v2\/pages"}],"about":[{"href":"https:\/\/laatuvalo.fi\/en\/wp-json\/wp\/v2\/types\/page"}],"author":[{"embeddable":true,"href":"https:\/\/laatuvalo.fi\/en\/wp-json\/wp\/v2\/users\/1"}],"replies":[{"embeddable":true,"href":"https:\/\/laatuvalo.fi\/en\/wp-json\/wp\/v2\/comments?post=5912"}],"version-history":[{"count":0,"href":"https:\/\/laatuvalo.fi\/en\/wp-json\/wp\/v2\/pages\/5912\/revisions"}],"wp:attachment":[{"href":"https:\/\/laatuvalo.fi\/en\/wp-json\/wp\/v2\/media?parent=5912"}],"curies":[{"name":"wp","href":"https:\/\/api.w.org\/{rel}","templated":true}]}}