{"id":6079,"date":"2021-09-12T15:20:40","date_gmt":"2021-09-12T15:20:40","guid":{"rendered":"https:\/\/laatuvalo.fi\/?page_id=6079"},"modified":"2024-09-05T10:45:26","modified_gmt":"2024-09-05T08:45:26","slug":"yhteistyokumppanit","status":"publish","type":"page","link":"https:\/\/laatuvalo.fi\/en\/yhteistyokumppanit\/","title":{"rendered":"Partnerships"},"content":{"rendered":"<div data-elementor-type=\"wp-page\" data-elementor-id=\"6079\" class=\"elementor elementor-6079\" data-elementor-post-type=\"page\">\n\t\t\t\t\t\t<section class=\"elementor-section elementor-top-section elementor-element elementor-element-4c9100c elementor-section-height-min-height elementor-section-boxed elementor-section-height-default elementor-section-items-middle\" data-id=\"4c9100c\" data-element_type=\"section\" data-e-type=\"section\" data-settings=\"{&quot;background_background&quot;:&quot;classic&quot;}\">\n\t\t\t\t\t\t<div class=\"elementor-container elementor-column-gap-default\">\n\t\t\t\t\t<div class=\"elementor-column elementor-col-100 elementor-top-column elementor-element elementor-element-73842af\" data-id=\"73842af\" data-element_type=\"column\" data-e-type=\"column\">\n\t\t\t<div class=\"elementor-widget-wrap\">\n\t\t\t\t\t\t\t<\/div>\n\t\t<\/div>\n\t\t\t\t\t<\/div>\n\t\t<\/section>\n\t\t\t\t<section class=\"elementor-section elementor-top-section elementor-element elementor-element-914b135 elementor-section-boxed elementor-section-height-default elementor-section-height-default\" data-id=\"914b135\" data-element_type=\"section\" data-e-type=\"section\" id=\"valkino-section-h\">\n\t\t\t\t\t\t\t<div class=\"elementor-background-overlay\"><\/div>\n\t\t\t\t\t\t\t<div class=\"elementor-container elementor-column-gap-default\">\n\t\t\t\t\t<div class=\"elementor-column elementor-col-100 elementor-top-column elementor-element elementor-element-4a1f8b2\" data-id=\"4a1f8b2\" data-element_type=\"column\" data-e-type=\"column\">\n\t\t\t<div class=\"elementor-widget-wrap elementor-element-populated\">\n\t\t\t\t\t\t<div class=\"elementor-element elementor-element-b08026d elementor-widget elementor-widget-heading\" data-id=\"b08026d\" data-element_type=\"widget\" data-e-type=\"widget\" data-widget_type=\"heading.default\">\n\t\t\t\t<div class=\"elementor-widget-container\">\n\t\t\t\t\t<h1 class=\"elementor-heading-title elementor-size-default\">Partnerships<\/h1>\t\t\t\t<\/div>\n\t\t\t\t<\/div>\n\t\t\t\t\t<\/div>\n\t\t<\/div>\n\t\t\t\t\t<\/div>\n\t\t<\/section>\n\t\t\t\t<section class=\"elementor-section elementor-top-section elementor-element elementor-element-f98ef29 elementor-section-boxed elementor-section-height-default elementor-section-height-default\" data-id=\"f98ef29\" data-element_type=\"section\" data-e-type=\"section\">\n\t\t\t\t\t\t\t<div class=\"elementor-background-overlay\"><\/div>\n\t\t\t\t\t\t\t<div class=\"elementor-container elementor-column-gap-default\">\n\t\t\t\t\t<div class=\"elementor-column elementor-col-33 elementor-top-column elementor-element elementor-element-02a3a1f\" data-id=\"02a3a1f\" data-element_type=\"column\" data-e-type=\"column\">\n\t\t\t<div class=\"elementor-widget-wrap\">\n\t\t\t\t\t\t\t<\/div>\n\t\t<\/div>\n\t\t\t\t<div class=\"elementor-column elementor-col-33 elementor-top-column elementor-element elementor-element-19d345c\" data-id=\"19d345c\" data-element_type=\"column\" data-e-type=\"column\">\n\t\t\t<div class=\"elementor-widget-wrap elementor-element-populated\">\n\t\t\t\t\t\t<section class=\"elementor-section elementor-inner-section elementor-element elementor-element-9ac3550 elementor-section-boxed elementor-section-height-default elementor-section-height-default\" data-id=\"9ac3550\" data-element_type=\"section\" data-e-type=\"section\">\n\t\t\t\t\t\t<div class=\"elementor-container elementor-column-gap-default\">\n\t\t\t\t\t<div class=\"elementor-column elementor-col-100 elementor-inner-column elementor-element elementor-element-bc35b67\" data-id=\"bc35b67\" data-element_type=\"column\" data-e-type=\"column\">\n\t\t\t<div class=\"elementor-widget-wrap elementor-element-populated\">\n\t\t\t\t\t\t<div class=\"elementor-element elementor-element-b50ad72 elementor-widget elementor-widget-text-editor\" data-id=\"b50ad72\" data-element_type=\"widget\" data-e-type=\"widget\" data-widget_type=\"text-editor.default\">\n\t\t\t\t<div class=\"elementor-widget-container\">\n\t\t\t\t\t\t\t\t\t<p>The quality light partners are listed below.<\/p><ul><li style=\"list-style-type: none;\"><ul><li><a href=\"http:\/\/laatusuunnittelijat.fi\" target=\"_blank\" rel=\"noopener\">Quality designers<\/a> is a group of professionals in their field who are ready to help you with both large and small projects.<\/li><li><a href=\"https:\/\/steelhouse.fi\/\" target=\"_blank\" rel=\"noopener\">Steelhouse Group Oy<\/a> on alumiinin, ruostumattoman ter\u00e4ksen, kuparin, messingin erikois osaaja. My\u00f6s pinta k\u00e4sittelyt<\/li><li><a href=\"https:\/\/www.rakennusvoima.fi\/\" target=\"_blank\" rel=\"noopener\">Rakennusvoima<\/a> on yhdistys josta l\u00f6yd\u00e4t apuja kaikkeen rakentamisen osaajiin<\/li><li><a href=\"https:\/\/www.sisustussuunnittelijat.pro\/\" target=\"_blank\" rel=\"noopener\">Sissarit Ry,<\/a>\u00a0Association of Interior Designers<\/li><li><a href=\"http:\/\/www.tremendo.fi\/\" target=\"_blank\" rel=\"noopener\">Tremendo Oy<\/a>. Tremendo handles all Quality Light transports in the Helsinki metropolitan area<\/li><li><a href=\"\/en\/creago-oy.html\/\">Creago Oy<\/a>\u00a0is a conglomerate specializing in construction consulting services, offering comprehensive consulting and total services for both renovation and new construction construction and development projects.<\/li><li><span style=\"color: #000000; font-family: 'DM Sans', sans-serif; font-size: 16px; text-align: center;\"><a href=\"https:\/\/novenberg.fi\/\" target=\"_blank\" rel=\"noopener\">Novenberg<\/a> on suomalainen rakennus- ja designmateriaalien myyj\u00e4 ja maahantuoja.<\/span><\/li><li><a href=\"http:\/\/www.haloradio.fi\/fi\/\" target=\"_blank\" rel=\"noopener\">Halor radio<\/a>. Haloradio\u00a0 on kuvan ja \u00e4\u00e4nen huippuasiantuntija. Palvelu on erinomaista, ja kodin viihdetuotteet laadukkaita. Suosittelemme Haloradiota l\u00e4mpim\u00e4sti.<\/li><li><a href=\"http:\/\/www.ekmanoy.com\/\" target=\"_blank\" rel=\"noopener\">Ekman Oy<\/a>. A qualified and on-schedule renovation company.<\/li><li>If your roof needs renovation then\u00a0<a href=\"http:\/\/www.housetek-kattotyot.com\/\" target=\"_blank\" rel=\"noopener\">Housetek<\/a>\u00a0take care of it without renewing it.<\/li><li><a href=\"http:\/\/fnelectro.fi\/\" target=\"_blank\" rel=\"noopener\">FN-Elektro<\/a>\u00a0has helped many of our customers with electrical work.<\/li><li>If you want to eroor from harmful rodents, ants, etc\u00a0<a href=\"http:\/\/www.inconse.fi\/fi\" target=\"_blank\" rel=\"noopener\">Inconse<\/a>\u00a0take care of it for you. Rambo pest control<\/li><li><a href=\"http:\/\/riiriidesign.fi\/\" target=\"_blank\" rel=\"noopener\">Riigiidesign<\/a>, interior design<\/li><\/ul><\/li><\/ul>\t\t\t\t\t\t\t\t<\/div>\n\t\t\t\t<\/div>\n\t\t\t\t\t<\/div>\n\t\t<\/div>\n\t\t\t\t\t<\/div>\n\t\t<\/section>\n\t\t\t\t\t<\/div>\n\t\t<\/div>\n\t\t\t\t<div class=\"elementor-column elementor-col-33 elementor-top-column elementor-element elementor-element-eaedc5c\" data-id=\"eaedc5c\" data-element_type=\"column\" data-e-type=\"column\">\n\t\t\t<div class=\"elementor-widget-wrap\">\n\t\t\t\t\t\t\t<\/div>\n\t\t<\/div>\n\t\t\t\t\t<\/div>\n\t\t<\/section>\n\t\t\t\t<\/div>","protected":false},"excerpt":{"rendered":"<p>Alle on listattu Laatuvalon yhteisty\u00f6kumppaneita. Laatusuunnittelijat on ryhm\u00e4 alansa ammattilaisia, jotka ovat valmiina auttamaan sinua niin suurissa kuin pieniss\u00e4kin projekteissa. Steelhouse Group Oy on alumiinin, ruostumattoman ter\u00e4ksen, kuparin, messingin erikois osaaja. My\u00f6s pinta k\u00e4sittelyt Rakennusvoima on yhdistys josta l\u00f6yd\u00e4t apuja kaikkeen rakentamisen osaajiin Sissarit Ry,\u00a0Sisustussuunnittelijoiden yhdistys Tremendo Oy. Tremendo hoitaa kaikki Laatuvalon kuljetukset p\u00e4\u00e4kaupunkiseudulla Creago [&hellip;]<\/p>\n","protected":false},"author":1,"featured_media":0,"parent":0,"menu_order":0,"comment_status":"closed","ping_status":"closed","template":"","meta":{"iawp_total_views":38,"footnotes":""},"class_list":["post-6079","page","type-page","status-publish","hentry"],"_links":{"self":[{"href":"https:\/\/laatuvalo.fi\/en\/wp-json\/wp\/v2\/pages\/6079","targetHints":{"allow":["GET"]}}],"collection":[{"href":"https:\/\/laatuvalo.fi\/en\/wp-json\/wp\/v2\/pages"}],"about":[{"href":"https:\/\/laatuvalo.fi\/en\/wp-json\/wp\/v2\/types\/page"}],"author":[{"embeddable":true,"href":"https:\/\/laatuvalo.fi\/en\/wp-json\/wp\/v2\/users\/1"}],"replies":[{"embeddable":true,"href":"https:\/\/laatuvalo.fi\/en\/wp-json\/wp\/v2\/comments?post=6079"}],"version-history":[{"count":0,"href":"https:\/\/laatuvalo.fi\/en\/wp-json\/wp\/v2\/pages\/6079\/revisions"}],"wp:attachment":[{"href":"https:\/\/laatuvalo.fi\/en\/wp-json\/wp\/v2\/media?parent=6079"}],"curies":[{"name":"wp","href":"https:\/\/api.w.org\/{rel}","templated":true}]}}