{"id":18323,"date":"2023-01-31T15:41:54","date_gmt":"2023-01-31T13:41:54","guid":{"rendered":"https:\/\/laatuvalo.fi\/?post_type=product&#038;p=18323"},"modified":"2023-04-18T09:47:01","modified_gmt":"2023-04-18T07:47:01","slug":"blade-s2-slim","status":"publish","type":"product","link":"https:\/\/laatuvalo.fi\/en\/product\/blade-s2-slim\/","title":{"rendered":"BLADE S2 SLIM"},"content":{"rendered":"<p>BLADE S2 SLIM pendant luminaire with two spotlights with adjustable optical glass, which allows the luminaire to reflect light softly beyond the usual distance. With its precision, geometry and clean lines, this pendant luminaire is the perfect choice for above the dining table in either a modern home or restaurant. This beautiful and effective masterpiece illuminates a surface of over 4 metres. The BLADE S2 SLIM is controlled by a touch sensor that switches the light on or off and adjusts the intensity of the light. Casambi's SMART TUNE is integrated into the luminaire. Its app allows you to control the light and change its colour temperature from 2700 -&gt; 6500 K directly from your smartphone.<\/p>","protected":false},"excerpt":{"rendered":"<p>Valmistettu yhteisty\u00f6ss\u00e4 Studio F.A. Porschen kanssa riippuvalaisin.<br \/>\nSMART TUNE kautta voit\u00a0ohjata valoa ja vaihtaa sen v\u00e4ril\u00e4mp\u00f6tilaa 2700 -&gt; 6500 K suoraan \u00e4lypuhelimesta.<\/p>","protected":false},"featured_media":18330,"template":"","meta":{"iawp_total_views":18},"product_brand":[],"product_cat":[256,253],"product_tag":[],"tarvikkeet_name":[],"brand_product":[246],"class_list":{"0":"post-18323","1":"product","2":"type-product","3":"status-publish","4":"has-post-thumbnail","6":"product_cat-kattovalaisin","7":"product_cat-riippuvalaisin","8":"brand_product-light-point","10":"first","11":"instock","12":"taxable","13":"shipping-taxable","14":"purchasable","15":"product-type-variable"},"_links":{"self":[{"href":"https:\/\/laatuvalo.fi\/en\/wp-json\/wp\/v2\/product\/18323","targetHints":{"allow":["GET"]}}],"collection":[{"href":"https:\/\/laatuvalo.fi\/en\/wp-json\/wp\/v2\/product"}],"about":[{"href":"https:\/\/laatuvalo.fi\/en\/wp-json\/wp\/v2\/types\/product"}],"version-history":[{"count":0,"href":"https:\/\/laatuvalo.fi\/en\/wp-json\/wp\/v2\/product\/18323\/revisions"}],"wp:featuredmedia":[{"embeddable":true,"href":"https:\/\/laatuvalo.fi\/en\/wp-json\/wp\/v2\/media\/18330"}],"wp:attachment":[{"href":"https:\/\/laatuvalo.fi\/en\/wp-json\/wp\/v2\/media?parent=18323"}],"wp:term":[{"taxonomy":"product_brand","embeddable":true,"href":"https:\/\/laatuvalo.fi\/en\/wp-json\/wp\/v2\/product_brand?post=18323"},{"taxonomy":"product_cat","embeddable":true,"href":"https:\/\/laatuvalo.fi\/en\/wp-json\/wp\/v2\/product_cat?post=18323"},{"taxonomy":"product_tag","embeddable":true,"href":"https:\/\/laatuvalo.fi\/en\/wp-json\/wp\/v2\/product_tag?post=18323"},{"taxonomy":"tarvikkeet_name","embeddable":true,"href":"https:\/\/laatuvalo.fi\/en\/wp-json\/wp\/v2\/tarvikkeet_name?post=18323"},{"taxonomy":"brand_product","embeddable":true,"href":"https:\/\/laatuvalo.fi\/en\/wp-json\/wp\/v2\/brand_product?post=18323"}],"curies":[{"name":"wp","href":"https:\/\/api.w.org\/{rel}","templated":true}]}}