{"id":19236,"date":"2023-02-21T10:49:38","date_gmt":"2023-02-21T08:49:38","guid":{"rendered":"https:\/\/laatuvalo.fi\/?post_type=product&#038;p=19236"},"modified":"2023-04-28T14:34:28","modified_gmt":"2023-04-28T12:34:28","slug":"siom_3_4","status":"publish","type":"product","link":"https:\/\/laatuvalo.fi\/en\/product\/siom_3_4\/","title":{"rendered":"SIOM 3\/4"},"content":{"rendered":"<p>SIOM is a stylish minimalist C-shaped pendant luminaire available in different diameters. By combining SIOM C-lamps, you can create a striking and delightful ensemble for any interior.<\/p>\n<p>See also the SIOM 1\/2 and SIOM LINEAR series. This is a modular lighting system that is adaptable to endless solutions. Perfect for any demanding architectural or interior design project. The luminaire components can be lit either inwards or outwards.  Ask for more options if you want to customize your own version. We are eager to help you with special projects. Contact us: 0500573206<\/p>\n<p>&nbsp;<\/p>","protected":false},"excerpt":{"rendered":"<p>riippuvalaisin saatavana valkoisena tai mustana,<br \/>\nkysy lis\u00e4\u00e4 saatavuudesta ja mahdollisuudesta tehd\u00e4 tilaus<\/p>","protected":false},"featured_media":19238,"template":"","meta":{"iawp_total_views":11},"product_brand":[],"product_cat":[253],"product_tag":[],"tarvikkeet_name":[],"brand_product":[287],"class_list":{"0":"post-19236","1":"product","2":"type-product","3":"status-publish","4":"has-post-thumbnail","6":"product_cat-riippuvalaisin","7":"brand_product-zavaluce","9":"first","10":"instock","11":"taxable","12":"shipping-taxable","13":"purchasable","14":"product-type-variable"},"_links":{"self":[{"href":"https:\/\/laatuvalo.fi\/en\/wp-json\/wp\/v2\/product\/19236","targetHints":{"allow":["GET"]}}],"collection":[{"href":"https:\/\/laatuvalo.fi\/en\/wp-json\/wp\/v2\/product"}],"about":[{"href":"https:\/\/laatuvalo.fi\/en\/wp-json\/wp\/v2\/types\/product"}],"version-history":[{"count":0,"href":"https:\/\/laatuvalo.fi\/en\/wp-json\/wp\/v2\/product\/19236\/revisions"}],"wp:featuredmedia":[{"embeddable":true,"href":"https:\/\/laatuvalo.fi\/en\/wp-json\/wp\/v2\/media\/19238"}],"wp:attachment":[{"href":"https:\/\/laatuvalo.fi\/en\/wp-json\/wp\/v2\/media?parent=19236"}],"wp:term":[{"taxonomy":"product_brand","embeddable":true,"href":"https:\/\/laatuvalo.fi\/en\/wp-json\/wp\/v2\/product_brand?post=19236"},{"taxonomy":"product_cat","embeddable":true,"href":"https:\/\/laatuvalo.fi\/en\/wp-json\/wp\/v2\/product_cat?post=19236"},{"taxonomy":"product_tag","embeddable":true,"href":"https:\/\/laatuvalo.fi\/en\/wp-json\/wp\/v2\/product_tag?post=19236"},{"taxonomy":"tarvikkeet_name","embeddable":true,"href":"https:\/\/laatuvalo.fi\/en\/wp-json\/wp\/v2\/tarvikkeet_name?post=19236"},{"taxonomy":"brand_product","embeddable":true,"href":"https:\/\/laatuvalo.fi\/en\/wp-json\/wp\/v2\/brand_product?post=19236"}],"curies":[{"name":"wp","href":"https:\/\/api.w.org\/{rel}","templated":true}]}}