{"id":19247,"date":"2023-02-21T12:52:27","date_gmt":"2023-02-21T10:52:27","guid":{"rendered":"https:\/\/laatuvalo.fi\/?post_type=product&#038;p=19247"},"modified":"2023-04-28T14:41:54","modified_gmt":"2023-04-28T12:41:54","slug":"siom-1-2","status":"publish","type":"product","link":"https:\/\/laatuvalo.fi\/en\/product\/siom-1-2\/","title":{"rendered":"SIOM 1\/2"},"content":{"rendered":"<p>SIOM 1\/2 is a crescent-shaped part of a stylish minimalist modular lighting system that is adaptable to endless solutions. Perfect for any demanding architectural or interior design project. By combining curved SIOM 1\/2 and straight SIOM LINEAR luminaires, you can create a striking and ideal ensemble for any interior. NOTE! Power supply available separately.<\/p>\n<p>The lamp elements have light either inwards or outwards.  Ask for more options if you want to customize your own version (ALL SIOM LIGHTS CAN BE KEPT IN LIGHT).<br \/>\nWe are eager to help you with special projects. Contact us: 0500573206<\/p>","protected":false},"excerpt":{"rendered":"<p>Puolikuun muotoinen osa tyylik\u00e4st\u00e4 minimalistisesta modulaarisesta valaistusj\u00e4rjestelm\u00e4st\u00e4.<br \/>\nMuut osat valitaan kokoonpanon mukaan. Tutustu my\u00f6s: SIOM LINEAR ja SIOM 3\/4 osiin.<br \/>\nNOTE! Power supply can be ordered separately.<\/p>","protected":false},"featured_media":19248,"template":"","meta":{"iawp_total_views":9},"product_brand":[],"product_cat":[253],"product_tag":[],"tarvikkeet_name":[],"brand_product":[287],"class_list":{"0":"post-19247","1":"product","2":"type-product","3":"status-publish","4":"has-post-thumbnail","6":"product_cat-riippuvalaisin","7":"brand_product-zavaluce","9":"first","10":"instock","11":"taxable","12":"shipping-taxable","13":"purchasable","14":"product-type-variable"},"_links":{"self":[{"href":"https:\/\/laatuvalo.fi\/en\/wp-json\/wp\/v2\/product\/19247","targetHints":{"allow":["GET"]}}],"collection":[{"href":"https:\/\/laatuvalo.fi\/en\/wp-json\/wp\/v2\/product"}],"about":[{"href":"https:\/\/laatuvalo.fi\/en\/wp-json\/wp\/v2\/types\/product"}],"version-history":[{"count":0,"href":"https:\/\/laatuvalo.fi\/en\/wp-json\/wp\/v2\/product\/19247\/revisions"}],"wp:featuredmedia":[{"embeddable":true,"href":"https:\/\/laatuvalo.fi\/en\/wp-json\/wp\/v2\/media\/19248"}],"wp:attachment":[{"href":"https:\/\/laatuvalo.fi\/en\/wp-json\/wp\/v2\/media?parent=19247"}],"wp:term":[{"taxonomy":"product_brand","embeddable":true,"href":"https:\/\/laatuvalo.fi\/en\/wp-json\/wp\/v2\/product_brand?post=19247"},{"taxonomy":"product_cat","embeddable":true,"href":"https:\/\/laatuvalo.fi\/en\/wp-json\/wp\/v2\/product_cat?post=19247"},{"taxonomy":"product_tag","embeddable":true,"href":"https:\/\/laatuvalo.fi\/en\/wp-json\/wp\/v2\/product_tag?post=19247"},{"taxonomy":"tarvikkeet_name","embeddable":true,"href":"https:\/\/laatuvalo.fi\/en\/wp-json\/wp\/v2\/tarvikkeet_name?post=19247"},{"taxonomy":"brand_product","embeddable":true,"href":"https:\/\/laatuvalo.fi\/en\/wp-json\/wp\/v2\/brand_product?post=19247"}],"curies":[{"name":"wp","href":"https:\/\/api.w.org\/{rel}","templated":true}]}}