{"id":20993,"date":"2023-04-27T13:57:11","date_gmt":"2023-04-27T11:57:11","guid":{"rendered":"https:\/\/laatuvalo.fi\/?post_type=product&#038;p=20993"},"modified":"2023-04-27T14:13:52","modified_gmt":"2023-04-27T12:13:52","slug":"mine-glass-space-koukku","status":"publish","type":"product","link":"https:\/\/laatuvalo.fi\/en\/product\/mine-glass-space-koukku\/","title":{"rendered":"MINE GLASS SPACE HOOK"},"content":{"rendered":"<p>Kahdessa v\u00e4riss\u00e4 saatavilla koukku joka tarvitaan MINE GLASS SPACE asennukseen kattoon. Koukkujen m\u00e4\u00e4r\u00e4 riippuu kokoelman asennustavasta. Katso esimerkkikuvat ja valitse tarvittava m\u00e4\u00e4r\u00e4 koukkuja. Kysy lis\u00e4\u00e4 jos tarvitset apua.<\/p>","protected":false},"excerpt":{"rendered":"<p>Kahdessa v\u00e4riss\u00e4 saatavilla koukku joka tarvitaan MINE GLASS SPACE asennukseen kattoon. Koukkujen m\u00e4\u00e4r\u00e4 riippuu kokoelman asennustavasta. Katso esimerkkikuvat ja valitse tarvittava m\u00e4\u00e4r\u00e4 koukkuja. Kysy lis\u00e4\u00e4 jos tarvitset apua.<\/p>","protected":false},"featured_media":20995,"template":"","meta":{"iawp_total_views":10},"product_brand":[],"product_cat":[253],"product_tag":[],"tarvikkeet_name":[],"brand_product":[],"class_list":{"0":"post-20993","1":"product","2":"type-product","3":"status-publish","4":"has-post-thumbnail","6":"product_cat-riippuvalaisin","8":"first","9":"instock","10":"taxable","11":"shipping-taxable","12":"purchasable","13":"product-type-variable"},"_links":{"self":[{"href":"https:\/\/laatuvalo.fi\/en\/wp-json\/wp\/v2\/product\/20993","targetHints":{"allow":["GET"]}}],"collection":[{"href":"https:\/\/laatuvalo.fi\/en\/wp-json\/wp\/v2\/product"}],"about":[{"href":"https:\/\/laatuvalo.fi\/en\/wp-json\/wp\/v2\/types\/product"}],"version-history":[{"count":0,"href":"https:\/\/laatuvalo.fi\/en\/wp-json\/wp\/v2\/product\/20993\/revisions"}],"wp:featuredmedia":[{"embeddable":true,"href":"https:\/\/laatuvalo.fi\/en\/wp-json\/wp\/v2\/media\/20995"}],"wp:attachment":[{"href":"https:\/\/laatuvalo.fi\/en\/wp-json\/wp\/v2\/media?parent=20993"}],"wp:term":[{"taxonomy":"product_brand","embeddable":true,"href":"https:\/\/laatuvalo.fi\/en\/wp-json\/wp\/v2\/product_brand?post=20993"},{"taxonomy":"product_cat","embeddable":true,"href":"https:\/\/laatuvalo.fi\/en\/wp-json\/wp\/v2\/product_cat?post=20993"},{"taxonomy":"product_tag","embeddable":true,"href":"https:\/\/laatuvalo.fi\/en\/wp-json\/wp\/v2\/product_tag?post=20993"},{"taxonomy":"tarvikkeet_name","embeddable":true,"href":"https:\/\/laatuvalo.fi\/en\/wp-json\/wp\/v2\/tarvikkeet_name?post=20993"},{"taxonomy":"brand_product","embeddable":true,"href":"https:\/\/laatuvalo.fi\/en\/wp-json\/wp\/v2\/brand_product?post=20993"}],"curies":[{"name":"wp","href":"https:\/\/api.w.org\/{rel}","templated":true}]}}