{"id":21107,"date":"2023-05-03T13:21:54","date_gmt":"2023-05-03T11:21:54","guid":{"rendered":"https:\/\/laatuvalo.fi\/?post_type=product&#038;p=21107"},"modified":"2023-05-31T11:38:28","modified_gmt":"2023-05-31T09:38:28","slug":"swap-square-ip65","status":"publish","type":"product","link":"https:\/\/laatuvalo.fi\/en\/product\/swap-square-ip65\/","title":{"rendered":"SWAP SQUARE IP65"},"content":{"rendered":"<p>ISWAP SQUARE IP65 neliskanttinen upotettava kehyksellinen alasvalo led tekniikalla 3000K. Valonl\u00e4hde sijaitsee syvemm\u00e4ll\u00e4, jolloin valo ei h\u00e4ik\u00e4ise. T\u00e4m\u00e4 upotettu valaisin sopii t\u00e4ydellisesti eri tilohin kuten: olohuoneeseen, eteiseen tai keitti\u00f6\u00f6n mutta my\u00f6s m\u00e4rk\u00e4tiloihin jos valitaan IP65 luokiteltu versio. Valaisin on saatavilla eri v\u00e4reiss\u00e4, valitse oma suosikkiv\u00e4risi.<\/p>","protected":false},"excerpt":{"rendered":"<p>neliskanttinen upotettava alasvalo led tekniikalla 3000K IP 65<\/p>","protected":false},"featured_media":21102,"template":"","meta":{"iawp_total_views":17},"product_brand":[],"product_cat":[267,256],"product_tag":[],"tarvikkeet_name":[],"brand_product":[241],"class_list":{"0":"post-21107","1":"product","2":"type-product","3":"status-publish","4":"has-post-thumbnail","6":"product_cat-upotettava-valaisin","7":"product_cat-kattovalaisin","8":"brand_product-arkos-light","10":"first","11":"instock","12":"taxable","13":"shipping-taxable","14":"purchasable","15":"product-type-variable"},"_links":{"self":[{"href":"https:\/\/laatuvalo.fi\/en\/wp-json\/wp\/v2\/product\/21107","targetHints":{"allow":["GET"]}}],"collection":[{"href":"https:\/\/laatuvalo.fi\/en\/wp-json\/wp\/v2\/product"}],"about":[{"href":"https:\/\/laatuvalo.fi\/en\/wp-json\/wp\/v2\/types\/product"}],"version-history":[{"count":0,"href":"https:\/\/laatuvalo.fi\/en\/wp-json\/wp\/v2\/product\/21107\/revisions"}],"wp:featuredmedia":[{"embeddable":true,"href":"https:\/\/laatuvalo.fi\/en\/wp-json\/wp\/v2\/media\/21102"}],"wp:attachment":[{"href":"https:\/\/laatuvalo.fi\/en\/wp-json\/wp\/v2\/media?parent=21107"}],"wp:term":[{"taxonomy":"product_brand","embeddable":true,"href":"https:\/\/laatuvalo.fi\/en\/wp-json\/wp\/v2\/product_brand?post=21107"},{"taxonomy":"product_cat","embeddable":true,"href":"https:\/\/laatuvalo.fi\/en\/wp-json\/wp\/v2\/product_cat?post=21107"},{"taxonomy":"product_tag","embeddable":true,"href":"https:\/\/laatuvalo.fi\/en\/wp-json\/wp\/v2\/product_tag?post=21107"},{"taxonomy":"tarvikkeet_name","embeddable":true,"href":"https:\/\/laatuvalo.fi\/en\/wp-json\/wp\/v2\/tarvikkeet_name?post=21107"},{"taxonomy":"brand_product","embeddable":true,"href":"https:\/\/laatuvalo.fi\/en\/wp-json\/wp\/v2\/brand_product?post=21107"}],"curies":[{"name":"wp","href":"https:\/\/api.w.org\/{rel}","templated":true}]}}