{"id":21438,"date":"2023-06-01T08:08:14","date_gmt":"2023-06-01T06:08:14","guid":{"rendered":"https:\/\/laatuvalo.fi\/?post_type=product&#038;p=21438"},"modified":"2023-07-28T13:07:46","modified_gmt":"2023-07-28T11:07:46","slug":"loop-riippuvavalisin","status":"publish","type":"product","link":"https:\/\/laatuvalo.fi\/en\/product\/loop-riippuvavalisin\/","title":{"rendered":"LOOP F35 HANGING WHITE"},"content":{"rendered":"<p>LOOP on n\u00e4ytt\u00e4v\u00e4 ja eritt\u00e4in tyylik\u00e4s riippuvalaisin, tehty puhalletusta lasista. Se on kuin keskell\u00e4 huonetta leijuva pilvi, joka tuo tilaan lempe\u00e4\u00e4 valoa ja tunnelmaa. Valaisimen hajottimen yl\u00e4osa on rytmikk\u00e4\u00e4sti kuvioitu, joka antaa valaisimelle ilmavaa mutta my\u00f6s dynaamista ilmeett\u00e4. Melkein veistoksellinen LOOP sopii valaisemaan kaikenlaisia huoneita, mutta on parhaimmillaan olohuoneessa tai keitti\u00f6n p\u00f6yd\u00e4n yl\u00e4puolella.<\/p>","protected":false},"excerpt":{"rendered":"<p>tyylik\u00e4s LED riippuvalaisin, tehty puhalletusta lasista, 3000K<br \/>\nTutustu my\u00f6s sein\u00e4valaisimeen samasta sarjasta.<\/p>","protected":false},"featured_media":21440,"template":"","meta":{"iawp_total_views":13},"product_brand":[],"product_cat":[256,253],"product_tag":[],"tarvikkeet_name":[],"brand_product":[237],"class_list":{"0":"post-21438","1":"product","2":"type-product","3":"status-publish","4":"has-post-thumbnail","6":"product_cat-kattovalaisin","7":"product_cat-riippuvalaisin","8":"brand_product-fabbian","10":"first","11":"instock","12":"taxable","13":"shipping-taxable","14":"purchasable","15":"product-type-simple"},"_links":{"self":[{"href":"https:\/\/laatuvalo.fi\/en\/wp-json\/wp\/v2\/product\/21438","targetHints":{"allow":["GET"]}}],"collection":[{"href":"https:\/\/laatuvalo.fi\/en\/wp-json\/wp\/v2\/product"}],"about":[{"href":"https:\/\/laatuvalo.fi\/en\/wp-json\/wp\/v2\/types\/product"}],"version-history":[{"count":0,"href":"https:\/\/laatuvalo.fi\/en\/wp-json\/wp\/v2\/product\/21438\/revisions"}],"wp:featuredmedia":[{"embeddable":true,"href":"https:\/\/laatuvalo.fi\/en\/wp-json\/wp\/v2\/media\/21440"}],"wp:attachment":[{"href":"https:\/\/laatuvalo.fi\/en\/wp-json\/wp\/v2\/media?parent=21438"}],"wp:term":[{"taxonomy":"product_brand","embeddable":true,"href":"https:\/\/laatuvalo.fi\/en\/wp-json\/wp\/v2\/product_brand?post=21438"},{"taxonomy":"product_cat","embeddable":true,"href":"https:\/\/laatuvalo.fi\/en\/wp-json\/wp\/v2\/product_cat?post=21438"},{"taxonomy":"product_tag","embeddable":true,"href":"https:\/\/laatuvalo.fi\/en\/wp-json\/wp\/v2\/product_tag?post=21438"},{"taxonomy":"tarvikkeet_name","embeddable":true,"href":"https:\/\/laatuvalo.fi\/en\/wp-json\/wp\/v2\/tarvikkeet_name?post=21438"},{"taxonomy":"brand_product","embeddable":true,"href":"https:\/\/laatuvalo.fi\/en\/wp-json\/wp\/v2\/brand_product?post=21438"}],"curies":[{"name":"wp","href":"https:\/\/api.w.org\/{rel}","templated":true}]}}