{"id":21450,"date":"2023-06-01T08:33:27","date_gmt":"2023-06-01T06:33:27","guid":{"rendered":"https:\/\/laatuvalo.fi\/?post_type=product&#038;p=21450"},"modified":"2023-07-28T13:06:36","modified_gmt":"2023-07-28T11:06:36","slug":"loop_seinavalaisin","status":"publish","type":"product","link":"https:\/\/laatuvalo.fi\/en\/product\/loop_seinavalaisin\/","title":{"rendered":"LOOP F35 CEILING\/WALL LUMINAIRE"},"content":{"rendered":"<p>LOOP on n\u00e4ytt\u00e4v\u00e4 ja eritt\u00e4in tyylik\u00e4s katto\/sein\u00e4valaisin, tehty puhalletusta lasista. Valaisin tuo tilaan lempe\u00e4\u00e4 valoa ja tunnelmaa hiekkapuhalletun pinnan avulla. Valaisimen hajottimen takaosa on rytmikk\u00e4\u00e4sti kuvioitu, joka antaa valaisimelle ilmavaa mutta my\u00f6s dynaamista ilmeett\u00e4. Melkein veistoksellinen LOOP sopii valaisemaan kaikenlaisia huoneita, kuten olohuoneita tai eteisi\u00e4.<\/p>","protected":false},"excerpt":{"rendered":"<p>N\u00e4ytt\u00e4v\u00e4 ja eritt\u00e4in tyylik\u00e4s led katto\/sein\u00e4valaisin 3000k<br \/>\nTutustu my\u00f6s riippuvalaisimeen samasta sarjasta.<\/p>","protected":false},"featured_media":21451,"template":"","meta":{"iawp_total_views":5},"product_brand":[],"product_cat":[256,268],"product_tag":[],"tarvikkeet_name":[],"brand_product":[237],"class_list":{"0":"post-21450","1":"product","2":"type-product","3":"status-publish","4":"has-post-thumbnail","6":"product_cat-kattovalaisin","7":"product_cat-seinavalaisin","8":"brand_product-fabbian","10":"first","11":"instock","12":"taxable","13":"shipping-taxable","14":"purchasable","15":"product-type-simple"},"_links":{"self":[{"href":"https:\/\/laatuvalo.fi\/en\/wp-json\/wp\/v2\/product\/21450","targetHints":{"allow":["GET"]}}],"collection":[{"href":"https:\/\/laatuvalo.fi\/en\/wp-json\/wp\/v2\/product"}],"about":[{"href":"https:\/\/laatuvalo.fi\/en\/wp-json\/wp\/v2\/types\/product"}],"version-history":[{"count":0,"href":"https:\/\/laatuvalo.fi\/en\/wp-json\/wp\/v2\/product\/21450\/revisions"}],"wp:featuredmedia":[{"embeddable":true,"href":"https:\/\/laatuvalo.fi\/en\/wp-json\/wp\/v2\/media\/21451"}],"wp:attachment":[{"href":"https:\/\/laatuvalo.fi\/en\/wp-json\/wp\/v2\/media?parent=21450"}],"wp:term":[{"taxonomy":"product_brand","embeddable":true,"href":"https:\/\/laatuvalo.fi\/en\/wp-json\/wp\/v2\/product_brand?post=21450"},{"taxonomy":"product_cat","embeddable":true,"href":"https:\/\/laatuvalo.fi\/en\/wp-json\/wp\/v2\/product_cat?post=21450"},{"taxonomy":"product_tag","embeddable":true,"href":"https:\/\/laatuvalo.fi\/en\/wp-json\/wp\/v2\/product_tag?post=21450"},{"taxonomy":"tarvikkeet_name","embeddable":true,"href":"https:\/\/laatuvalo.fi\/en\/wp-json\/wp\/v2\/tarvikkeet_name?post=21450"},{"taxonomy":"brand_product","embeddable":true,"href":"https:\/\/laatuvalo.fi\/en\/wp-json\/wp\/v2\/brand_product?post=21450"}],"curies":[{"name":"wp","href":"https:\/\/api.w.org\/{rel}","templated":true}]}}