{"id":21454,"date":"2023-06-01T11:38:34","date_gmt":"2023-06-01T09:38:34","guid":{"rendered":"https:\/\/laatuvalo.fi\/?post_type=product&#038;p=21454"},"modified":"2023-07-28T13:05:33","modified_gmt":"2023-07-28T11:05:33","slug":"armilla","status":"publish","type":"product","link":"https:\/\/laatuvalo.fi\/en\/product\/armilla\/","title":{"rendered":"ARMILLA"},"content":{"rendered":"<p>Fabbianin tyylikk\u00e4\u00e4n riippuvalaisimen ARMILLAn erikoinen design muoto tekee siit\u00e4 todella koristeellisen valaisimen, joka sopii kaikkein vaativaan makuun ja sisustukseen. ARMILLA valaisin tarjoaa tunnelmallista koristeellista valoa puhalletun kiilt\u00e4v\u00e4n valkoisen lasin ansiosta. Valaisin on upeasti viimeistelty metallirenkailla, luoden ilmeen olla sulautuneena lasipintaan. Metallirenkaat ovat kiilt\u00e4v\u00e4t kullan v\u00e4riset tai poltetun ruskean v\u00e4risin\u00e4. Valitse oma suosikki v\u00e4risi! Valitse oma suosikki v\u00e4risi!<\/p>","protected":false},"excerpt":{"rendered":"<p>koristellinen riippuvalaisin vaihtopoltimolla<\/p>","protected":false},"featured_media":21456,"template":"","meta":{"iawp_total_views":5},"product_brand":[],"product_cat":[253],"product_tag":[],"tarvikkeet_name":[],"brand_product":[237],"class_list":{"0":"post-21454","1":"product","2":"type-product","3":"status-publish","4":"has-post-thumbnail","6":"product_cat-riippuvalaisin","7":"brand_product-fabbian","9":"first","10":"instock","11":"taxable","12":"shipping-taxable","13":"purchasable","14":"product-type-variable"},"_links":{"self":[{"href":"https:\/\/laatuvalo.fi\/en\/wp-json\/wp\/v2\/product\/21454","targetHints":{"allow":["GET"]}}],"collection":[{"href":"https:\/\/laatuvalo.fi\/en\/wp-json\/wp\/v2\/product"}],"about":[{"href":"https:\/\/laatuvalo.fi\/en\/wp-json\/wp\/v2\/types\/product"}],"version-history":[{"count":0,"href":"https:\/\/laatuvalo.fi\/en\/wp-json\/wp\/v2\/product\/21454\/revisions"}],"wp:featuredmedia":[{"embeddable":true,"href":"https:\/\/laatuvalo.fi\/en\/wp-json\/wp\/v2\/media\/21456"}],"wp:attachment":[{"href":"https:\/\/laatuvalo.fi\/en\/wp-json\/wp\/v2\/media?parent=21454"}],"wp:term":[{"taxonomy":"product_brand","embeddable":true,"href":"https:\/\/laatuvalo.fi\/en\/wp-json\/wp\/v2\/product_brand?post=21454"},{"taxonomy":"product_cat","embeddable":true,"href":"https:\/\/laatuvalo.fi\/en\/wp-json\/wp\/v2\/product_cat?post=21454"},{"taxonomy":"product_tag","embeddable":true,"href":"https:\/\/laatuvalo.fi\/en\/wp-json\/wp\/v2\/product_tag?post=21454"},{"taxonomy":"tarvikkeet_name","embeddable":true,"href":"https:\/\/laatuvalo.fi\/en\/wp-json\/wp\/v2\/tarvikkeet_name?post=21454"},{"taxonomy":"brand_product","embeddable":true,"href":"https:\/\/laatuvalo.fi\/en\/wp-json\/wp\/v2\/brand_product?post=21454"}],"curies":[{"name":"wp","href":"https:\/\/api.w.org\/{rel}","templated":true}]}}