{"id":21460,"date":"2023-06-01T13:11:02","date_gmt":"2023-06-01T11:11:02","guid":{"rendered":"https:\/\/laatuvalo.fi\/?post_type=product&#038;p=21460"},"modified":"2023-07-28T13:04:12","modified_gmt":"2023-07-28T11:04:12","slug":"akoya-f61","status":"publish","type":"product","link":"https:\/\/laatuvalo.fi\/en\/product\/akoya-f61\/","title":{"rendered":"AKOYA F61"},"content":{"rendered":"<p>AKOYA on design valaisin valmistettu kahdesta metallilevyst\u00e4 (saatavana nelj\u00e4ss\u00e4 eri v\u00e4riss\u00e4), joiden v\u00e4liin on sijoitettu pallomainen puhallettu lasiheijastin. Kaunis valaiseva sisustus elementti muistuttaa muodoltaan simpukkaa helmineen, jonka takia valaisin on melkein itsest\u00e4\u00e4n kuin taideteos. Valonl\u00e4hteen\u00e4 toimii tehokas LED. Malli on saatavilla joko DALI himmennyksell\u00e4 tai ON\/OFF versiona.<\/p>","protected":false},"excerpt":{"rendered":"<p>\u00d860cm design riippuvalaisin led tekniikalla 3000K,<br \/>\nTutustu my\u00f6s sein\u00e4valaisimeen samasta sarjasta.<\/p>","protected":false},"featured_media":21479,"template":"","meta":{"iawp_total_views":9},"product_brand":[],"product_cat":[253],"product_tag":[],"tarvikkeet_name":[],"brand_product":[237],"class_list":{"0":"post-21460","1":"product","2":"type-product","3":"status-publish","4":"has-post-thumbnail","6":"product_cat-riippuvalaisin","7":"brand_product-fabbian","9":"first","10":"instock","11":"taxable","12":"shipping-taxable","13":"purchasable","14":"product-type-variable"},"_links":{"self":[{"href":"https:\/\/laatuvalo.fi\/en\/wp-json\/wp\/v2\/product\/21460","targetHints":{"allow":["GET"]}}],"collection":[{"href":"https:\/\/laatuvalo.fi\/en\/wp-json\/wp\/v2\/product"}],"about":[{"href":"https:\/\/laatuvalo.fi\/en\/wp-json\/wp\/v2\/types\/product"}],"version-history":[{"count":0,"href":"https:\/\/laatuvalo.fi\/en\/wp-json\/wp\/v2\/product\/21460\/revisions"}],"wp:featuredmedia":[{"embeddable":true,"href":"https:\/\/laatuvalo.fi\/en\/wp-json\/wp\/v2\/media\/21479"}],"wp:attachment":[{"href":"https:\/\/laatuvalo.fi\/en\/wp-json\/wp\/v2\/media?parent=21460"}],"wp:term":[{"taxonomy":"product_brand","embeddable":true,"href":"https:\/\/laatuvalo.fi\/en\/wp-json\/wp\/v2\/product_brand?post=21460"},{"taxonomy":"product_cat","embeddable":true,"href":"https:\/\/laatuvalo.fi\/en\/wp-json\/wp\/v2\/product_cat?post=21460"},{"taxonomy":"product_tag","embeddable":true,"href":"https:\/\/laatuvalo.fi\/en\/wp-json\/wp\/v2\/product_tag?post=21460"},{"taxonomy":"tarvikkeet_name","embeddable":true,"href":"https:\/\/laatuvalo.fi\/en\/wp-json\/wp\/v2\/tarvikkeet_name?post=21460"},{"taxonomy":"brand_product","embeddable":true,"href":"https:\/\/laatuvalo.fi\/en\/wp-json\/wp\/v2\/brand_product?post=21460"}],"curies":[{"name":"wp","href":"https:\/\/api.w.org\/{rel}","templated":true}]}}