{"id":21517,"date":"2023-06-02T11:47:46","date_gmt":"2023-06-02T09:47:46","guid":{"rendered":"https:\/\/laatuvalo.fi\/?post_type=product&#038;p=21517"},"modified":"2023-07-28T12:39:41","modified_gmt":"2023-07-28T10:39:41","slug":"beluga-royal-led-e27","status":"publish","type":"product","link":"https:\/\/laatuvalo.fi\/en\/product\/beluga-royal-led-e27\/","title":{"rendered":"Beluga Royal E27"},"content":{"rendered":"<p>Riippuvalaisin Beluga Royal on todellakin ansainut ylellisen nimens\u00e4 eritt\u00e4in eleganttisen ja hienostuneen muodon ansiosta. Lasin erikoinen metalloitu v\u00e4ri sek\u00e4 ilmava kupoli tekee valaisimesta eritt\u00e4in kevyen ja juhlavan n\u00e4k\u00f6isen. Valaisin tuo arkiluksusta jokaiseen tilaan, sopii my\u00f6s korkeisiin tiloihin. Ryhmittelem\u00e4ll\u00e4 eri kokoisia BELUGA malleja: \u00d820cm\/30cm\/40cm saadaan kaunis kokoelma joka toimi loistavasti ruokap\u00f6yd\u00e4n tai sohvap\u00f6yd\u00e4n yl\u00e4puolella. Sellainen kaunis sisustuselementti tuo lis\u00e4arvoa jokaiseen klassiseen tai moderniin kotiin.<\/p>","protected":false},"excerpt":{"rendered":"<p>Elegantti riippuvalaisin tehty l\u00e4sist\u00e4, eri v\u00e4rit ja koot saatavilla, vaihtopoltimolla (ei sis. hintaan)<\/p>","protected":false},"featured_media":21513,"template":"","meta":{"iawp_total_views":7},"product_brand":[],"product_cat":[253],"product_tag":[],"tarvikkeet_name":[],"brand_product":[237],"class_list":{"0":"post-21517","1":"product","2":"type-product","3":"status-publish","4":"has-post-thumbnail","6":"product_cat-riippuvalaisin","7":"brand_product-fabbian","9":"first","10":"instock","11":"taxable","12":"shipping-taxable","13":"purchasable","14":"product-type-variable"},"_links":{"self":[{"href":"https:\/\/laatuvalo.fi\/en\/wp-json\/wp\/v2\/product\/21517","targetHints":{"allow":["GET"]}}],"collection":[{"href":"https:\/\/laatuvalo.fi\/en\/wp-json\/wp\/v2\/product"}],"about":[{"href":"https:\/\/laatuvalo.fi\/en\/wp-json\/wp\/v2\/types\/product"}],"version-history":[{"count":0,"href":"https:\/\/laatuvalo.fi\/en\/wp-json\/wp\/v2\/product\/21517\/revisions"}],"wp:featuredmedia":[{"embeddable":true,"href":"https:\/\/laatuvalo.fi\/en\/wp-json\/wp\/v2\/media\/21513"}],"wp:attachment":[{"href":"https:\/\/laatuvalo.fi\/en\/wp-json\/wp\/v2\/media?parent=21517"}],"wp:term":[{"taxonomy":"product_brand","embeddable":true,"href":"https:\/\/laatuvalo.fi\/en\/wp-json\/wp\/v2\/product_brand?post=21517"},{"taxonomy":"product_cat","embeddable":true,"href":"https:\/\/laatuvalo.fi\/en\/wp-json\/wp\/v2\/product_cat?post=21517"},{"taxonomy":"product_tag","embeddable":true,"href":"https:\/\/laatuvalo.fi\/en\/wp-json\/wp\/v2\/product_tag?post=21517"},{"taxonomy":"tarvikkeet_name","embeddable":true,"href":"https:\/\/laatuvalo.fi\/en\/wp-json\/wp\/v2\/tarvikkeet_name?post=21517"},{"taxonomy":"brand_product","embeddable":true,"href":"https:\/\/laatuvalo.fi\/en\/wp-json\/wp\/v2\/brand_product?post=21517"}],"curies":[{"name":"wp","href":"https:\/\/api.w.org\/{rel}","templated":true}]}}