{"id":21551,"date":"2023-06-08T11:44:50","date_gmt":"2023-06-08T09:44:50","guid":{"rendered":"https:\/\/laatuvalo.fi\/?post_type=product&#038;p=21551"},"modified":"2023-06-08T11:44:51","modified_gmt":"2023-06-08T09:44:51","slug":"totem-611","status":"publish","type":"product","link":"https:\/\/laatuvalo.fi\/en\/product\/totem-611\/","title":{"rendered":"TOTEM 611"},"content":{"rendered":"<p>TOTEM 611 is a modern minimalist bollard luminaire made of concrete. Like a timeless work of art, it adapts ideally to any outdoor environment. Ideal for rocky or rocky landscapes, IP 55 rated. The luminaire is available in two colour temperatures 2700K or 3000K.<\/p>","protected":false},"excerpt":{"rendered":"<p>betonista valmistettu moderni minimalistinen LED pollarivalaisin<br \/>\nvalitse oma sopiva v\u00e4ril\u00e4mp\u00f6tila 2700K tai 3000K<\/p>","protected":false},"featured_media":21555,"template":"","meta":{"iawp_total_views":9},"product_brand":[],"product_cat":[270],"product_tag":[],"tarvikkeet_name":[],"brand_product":[230],"class_list":{"0":"post-21551","1":"product","2":"type-product","3":"status-publish","4":"has-post-thumbnail","6":"product_cat-pollarivalaisin","7":"brand_product-faro-barcelona","9":"first","10":"instock","11":"taxable","12":"shipping-taxable","13":"purchasable","14":"product-type-variable"},"_links":{"self":[{"href":"https:\/\/laatuvalo.fi\/en\/wp-json\/wp\/v2\/product\/21551","targetHints":{"allow":["GET"]}}],"collection":[{"href":"https:\/\/laatuvalo.fi\/en\/wp-json\/wp\/v2\/product"}],"about":[{"href":"https:\/\/laatuvalo.fi\/en\/wp-json\/wp\/v2\/types\/product"}],"version-history":[{"count":0,"href":"https:\/\/laatuvalo.fi\/en\/wp-json\/wp\/v2\/product\/21551\/revisions"}],"wp:featuredmedia":[{"embeddable":true,"href":"https:\/\/laatuvalo.fi\/en\/wp-json\/wp\/v2\/media\/21555"}],"wp:attachment":[{"href":"https:\/\/laatuvalo.fi\/en\/wp-json\/wp\/v2\/media?parent=21551"}],"wp:term":[{"taxonomy":"product_brand","embeddable":true,"href":"https:\/\/laatuvalo.fi\/en\/wp-json\/wp\/v2\/product_brand?post=21551"},{"taxonomy":"product_cat","embeddable":true,"href":"https:\/\/laatuvalo.fi\/en\/wp-json\/wp\/v2\/product_cat?post=21551"},{"taxonomy":"product_tag","embeddable":true,"href":"https:\/\/laatuvalo.fi\/en\/wp-json\/wp\/v2\/product_tag?post=21551"},{"taxonomy":"tarvikkeet_name","embeddable":true,"href":"https:\/\/laatuvalo.fi\/en\/wp-json\/wp\/v2\/tarvikkeet_name?post=21551"},{"taxonomy":"brand_product","embeddable":true,"href":"https:\/\/laatuvalo.fi\/en\/wp-json\/wp\/v2\/brand_product?post=21551"}],"curies":[{"name":"wp","href":"https:\/\/api.w.org\/{rel}","templated":true}]}}