{"id":21701,"date":"2023-06-29T10:24:40","date_gmt":"2023-06-29T08:24:40","guid":{"rendered":"https:\/\/laatuvalo.fi\/?post_type=product&#038;p=21701"},"modified":"2023-07-28T12:15:29","modified_gmt":"2023-07-28T10:15:29","slug":"faretti-cindy","status":"publish","type":"product","link":"https:\/\/laatuvalo.fi\/en\/product\/faretti-cindy\/","title":{"rendered":"FARETTI CINDY"},"content":{"rendered":"<p>A small, elegant and authentic Italian flush-mounted cast glass for the ceiling, its transparent crystal glass reflects light like a jewel, adding value to any space and bringing an archetypal Italian glamour to any interior. The CINDY ceiling light is particularly suitable for wet rooms thanks to its IP 44 rating. This elegant luminaire also provides atmospheric and festive lighting in public spaces such as bars and hotels.<\/p>\n<p>&nbsp;<\/p>","protected":false},"excerpt":{"rendered":"<p>Italialainen upotettava valaisin aitoa kristallia, saatavilla joko vaihtopolttimolla GU10 tai integroidulla LED tekniikalla.<br \/>\nHuom. Meid\u00e4n valikoimassa my\u00f6s maitolasi v\u00e4rinen mallin!<\/p>","protected":false},"featured_media":21713,"template":"","meta":{"iawp_total_views":23},"product_brand":[],"product_cat":[267],"product_tag":[],"tarvikkeet_name":[],"brand_product":[237],"class_list":{"0":"post-21701","1":"product","2":"type-product","3":"status-publish","4":"has-post-thumbnail","6":"product_cat-upotettava-valaisin","7":"brand_product-fabbian","9":"first","10":"instock","11":"taxable","12":"shipping-taxable","13":"purchasable","14":"product-type-variable"},"_links":{"self":[{"href":"https:\/\/laatuvalo.fi\/en\/wp-json\/wp\/v2\/product\/21701","targetHints":{"allow":["GET"]}}],"collection":[{"href":"https:\/\/laatuvalo.fi\/en\/wp-json\/wp\/v2\/product"}],"about":[{"href":"https:\/\/laatuvalo.fi\/en\/wp-json\/wp\/v2\/types\/product"}],"version-history":[{"count":0,"href":"https:\/\/laatuvalo.fi\/en\/wp-json\/wp\/v2\/product\/21701\/revisions"}],"wp:featuredmedia":[{"embeddable":true,"href":"https:\/\/laatuvalo.fi\/en\/wp-json\/wp\/v2\/media\/21713"}],"wp:attachment":[{"href":"https:\/\/laatuvalo.fi\/en\/wp-json\/wp\/v2\/media?parent=21701"}],"wp:term":[{"taxonomy":"product_brand","embeddable":true,"href":"https:\/\/laatuvalo.fi\/en\/wp-json\/wp\/v2\/product_brand?post=21701"},{"taxonomy":"product_cat","embeddable":true,"href":"https:\/\/laatuvalo.fi\/en\/wp-json\/wp\/v2\/product_cat?post=21701"},{"taxonomy":"product_tag","embeddable":true,"href":"https:\/\/laatuvalo.fi\/en\/wp-json\/wp\/v2\/product_tag?post=21701"},{"taxonomy":"tarvikkeet_name","embeddable":true,"href":"https:\/\/laatuvalo.fi\/en\/wp-json\/wp\/v2\/tarvikkeet_name?post=21701"},{"taxonomy":"brand_product","embeddable":true,"href":"https:\/\/laatuvalo.fi\/en\/wp-json\/wp\/v2\/brand_product?post=21701"}],"curies":[{"name":"wp","href":"https:\/\/api.w.org\/{rel}","templated":true}]}}