{"id":21999,"date":"2023-07-31T10:04:47","date_gmt":"2023-07-31T08:04:47","guid":{"rendered":"https:\/\/laatuvalo.fi\/?post_type=product&#038;p=21999"},"modified":"2023-07-31T10:41:41","modified_gmt":"2023-07-31T08:41:41","slug":"conical","status":"publish","type":"product","link":"https:\/\/laatuvalo.fi\/en\/product\/conical\/","title":{"rendered":"CONICAL"},"content":{"rendered":"<p>Recessed downlights with symmetrical light distribution for accent or general lighting.<\/p>\n<p>The circular luminaire model is available in 3 diameters: 85 mm, 113 mm and 143 mm.<\/p>\n<p>The orientation of the luminaire is either fixed or adjustable to 20\u00ba.<\/p>\n<p>The aluminium surface is powder coated or custom made in other colour options.<\/p>\n<p>The luminaire is also available in IP44.<\/p>\n<p>Available with different dimming options or remote-controlled power supply, also available in a version suitable for emergency lighting.<\/p>\n<p>Passive temperature control: heat dissipation through an aluminium heat sink.<\/p>\n<p>Ceiling mounting with galvanized steel bracket with spring clamps or screws, recess up to 25mm.<\/p>\n<p>Applications: private homes, shops, restaurants, bars, hotels and other public spaces.<\/p>","protected":false},"excerpt":{"rendered":"<p>Tehokas upotettu valaisin saatavilla eri koossa. v\u00e4ril\u00e4mp\u00f6tilassa ja himmennystavalla. Tutustuu vaihtoehtoisiin linkista ja tilaa meilt\u00e4 sinulle sopiiva malli.<br \/>\ninfo@laatuvalo.fi<\/p>","protected":false},"featured_media":22001,"template":"","meta":{"iawp_total_views":13},"product_brand":[],"product_cat":[267],"product_tag":[],"tarvikkeet_name":[],"brand_product":[227],"class_list":{"0":"post-21999","1":"product","2":"type-product","3":"status-publish","4":"has-post-thumbnail","6":"product_cat-upotettava-valaisin","7":"brand_product-rovasi","9":"first","10":"instock","11":"taxable","12":"shipping-taxable","13":"product-type-external"},"_links":{"self":[{"href":"https:\/\/laatuvalo.fi\/en\/wp-json\/wp\/v2\/product\/21999","targetHints":{"allow":["GET"]}}],"collection":[{"href":"https:\/\/laatuvalo.fi\/en\/wp-json\/wp\/v2\/product"}],"about":[{"href":"https:\/\/laatuvalo.fi\/en\/wp-json\/wp\/v2\/types\/product"}],"version-history":[{"count":0,"href":"https:\/\/laatuvalo.fi\/en\/wp-json\/wp\/v2\/product\/21999\/revisions"}],"wp:featuredmedia":[{"embeddable":true,"href":"https:\/\/laatuvalo.fi\/en\/wp-json\/wp\/v2\/media\/22001"}],"wp:attachment":[{"href":"https:\/\/laatuvalo.fi\/en\/wp-json\/wp\/v2\/media?parent=21999"}],"wp:term":[{"taxonomy":"product_brand","embeddable":true,"href":"https:\/\/laatuvalo.fi\/en\/wp-json\/wp\/v2\/product_brand?post=21999"},{"taxonomy":"product_cat","embeddable":true,"href":"https:\/\/laatuvalo.fi\/en\/wp-json\/wp\/v2\/product_cat?post=21999"},{"taxonomy":"product_tag","embeddable":true,"href":"https:\/\/laatuvalo.fi\/en\/wp-json\/wp\/v2\/product_tag?post=21999"},{"taxonomy":"tarvikkeet_name","embeddable":true,"href":"https:\/\/laatuvalo.fi\/en\/wp-json\/wp\/v2\/tarvikkeet_name?post=21999"},{"taxonomy":"brand_product","embeddable":true,"href":"https:\/\/laatuvalo.fi\/en\/wp-json\/wp\/v2\/brand_product?post=21999"}],"curies":[{"name":"wp","href":"https:\/\/api.w.org\/{rel}","templated":true}]}}