{"id":22004,"date":"2023-07-31T11:40:13","date_gmt":"2023-07-31T09:40:13","guid":{"rendered":"https:\/\/laatuvalo.fi\/?post_type=product&#038;p=22004"},"modified":"2023-07-31T11:41:24","modified_gmt":"2023-07-31T09:41:24","slug":"shalow","status":"publish","type":"product","link":"https:\/\/laatuvalo.fi\/en\/product\/shalow\/","title":{"rendered":"SHALOW"},"content":{"rendered":"<p>Recessed downlights with symmetrical light distribution for accent or general lighting.<\/p>\n<p>The circular luminaire model is available in 4 diameters: 150mm, 190mm, 220mm or 240mm. Height of the luminaire: 50mm or 100mm<\/p>\n<p>The luminaire has a sandblasted anodised aluminium reflector.<\/p>\n<p>The aluminium surface is powder coated or custom made in other colour options.<\/p>\n<p>The luminaire is also available in IP54 or even IP65.<\/p>\n<p>Available with different dimming options or remote-controlled power supply, also available in a version suitable for emergency lighting.<\/p>\n<p>Passive temperature control: heat dissipation through an aluminium heat sink cooling element.<\/p>\n<p>Ceiling mounting on galvanised steel with screws or spring clamps.<\/p>\n<p>Applications: private homes, shops, restaurants, bars, hotels and other public spaces.<\/p>","protected":false},"excerpt":{"rendered":"<p>Tehokas upotettu valaisin saatavilla 4 halkaisijalla:<br \/>\n150mm, 190mm, 220mm tai 240mm,<br \/>\neri v\u00e4ril\u00e4mp\u00f6tilassa ja himmennystavalla.<br \/>\nTutustuu vaihtoehtoisiin linkista ja tilaa meilt\u00e4 sinulle sopiiva malli: info@laatuvalo.fi<\/p>","protected":false},"featured_media":22005,"template":"","meta":{"iawp_total_views":4},"product_brand":[],"product_cat":[267],"product_tag":[],"tarvikkeet_name":[],"brand_product":[227],"class_list":{"0":"post-22004","1":"product","2":"type-product","3":"status-publish","4":"has-post-thumbnail","6":"product_cat-upotettava-valaisin","7":"brand_product-rovasi","9":"first","10":"instock","11":"taxable","12":"shipping-taxable","13":"product-type-external"},"_links":{"self":[{"href":"https:\/\/laatuvalo.fi\/en\/wp-json\/wp\/v2\/product\/22004","targetHints":{"allow":["GET"]}}],"collection":[{"href":"https:\/\/laatuvalo.fi\/en\/wp-json\/wp\/v2\/product"}],"about":[{"href":"https:\/\/laatuvalo.fi\/en\/wp-json\/wp\/v2\/types\/product"}],"version-history":[{"count":0,"href":"https:\/\/laatuvalo.fi\/en\/wp-json\/wp\/v2\/product\/22004\/revisions"}],"wp:featuredmedia":[{"embeddable":true,"href":"https:\/\/laatuvalo.fi\/en\/wp-json\/wp\/v2\/media\/22005"}],"wp:attachment":[{"href":"https:\/\/laatuvalo.fi\/en\/wp-json\/wp\/v2\/media?parent=22004"}],"wp:term":[{"taxonomy":"product_brand","embeddable":true,"href":"https:\/\/laatuvalo.fi\/en\/wp-json\/wp\/v2\/product_brand?post=22004"},{"taxonomy":"product_cat","embeddable":true,"href":"https:\/\/laatuvalo.fi\/en\/wp-json\/wp\/v2\/product_cat?post=22004"},{"taxonomy":"product_tag","embeddable":true,"href":"https:\/\/laatuvalo.fi\/en\/wp-json\/wp\/v2\/product_tag?post=22004"},{"taxonomy":"tarvikkeet_name","embeddable":true,"href":"https:\/\/laatuvalo.fi\/en\/wp-json\/wp\/v2\/tarvikkeet_name?post=22004"},{"taxonomy":"brand_product","embeddable":true,"href":"https:\/\/laatuvalo.fi\/en\/wp-json\/wp\/v2\/brand_product?post=22004"}],"curies":[{"name":"wp","href":"https:\/\/api.w.org\/{rel}","templated":true}]}}