{"id":22014,"date":"2023-07-31T13:35:57","date_gmt":"2023-07-31T11:35:57","guid":{"rendered":"https:\/\/laatuvalo.fi\/?post_type=product&#038;p=22014"},"modified":"2023-07-31T13:35:57","modified_gmt":"2023-07-31T11:35:57","slug":"prisma","status":"publish","type":"product","link":"https:\/\/laatuvalo.fi\/en\/product\/prisma\/","title":{"rendered":"PRISMA"},"content":{"rendered":"<p>Surface-mounted square downlight with symmetrical light distribution for efficient accent or general lighting.<br \/>\nElegant minimalist cube body with matt anodised aluminium reflector.<br \/>\nComplete lighting control: high performance and light quality.<br \/>\nThe aluminium surface is powder coated or custom made in other colour options.<\/p>\n<p>Available with different dimming options or remote-controlled power supply, also available in a version suitable for emergency lighting.<\/p>\n<p>316L steel accessory with flat glass and silicone gasket to increase the protection class from IP 20 to IP65.<\/p>\n<p>Passive temperature control: heat dissipation through the reflector's aluminium cooling element. Mounting on the roof plate with two fixing holes.<\/p>\n<p>Applications: shopping centres, hotels, offices, airports, petrol stations, restaurants, shops, workplaces, universities, conference halls, meeting rooms and similar installations. A solution for fixed ceilings or where there is not enough space for a recessed installation.<\/p>","protected":false},"excerpt":{"rendered":"<p>Tehokas pinta-asennettava valaisin,\u00a0 mitat 225mm x 225mm. Saatavilla eri v\u00e4ril\u00e4mp\u00f6tilassa ja himmennystavalla.<br \/>\nTutustuu vaihtoehtoisiin linkista ja tilaa meilt\u00e4 sinulle sopiiva malli:\u00a0info@laatuvalo.fi<\/p>","protected":false},"featured_media":22015,"template":"","meta":{"iawp_total_views":139},"product_brand":[],"product_cat":[256],"product_tag":[],"tarvikkeet_name":[],"brand_product":[227],"class_list":{"0":"post-22014","1":"product","2":"type-product","3":"status-publish","4":"has-post-thumbnail","6":"product_cat-kattovalaisin","7":"brand_product-rovasi","9":"first","10":"instock","11":"taxable","12":"shipping-taxable","13":"product-type-external"},"_links":{"self":[{"href":"https:\/\/laatuvalo.fi\/en\/wp-json\/wp\/v2\/product\/22014","targetHints":{"allow":["GET"]}}],"collection":[{"href":"https:\/\/laatuvalo.fi\/en\/wp-json\/wp\/v2\/product"}],"about":[{"href":"https:\/\/laatuvalo.fi\/en\/wp-json\/wp\/v2\/types\/product"}],"version-history":[{"count":0,"href":"https:\/\/laatuvalo.fi\/en\/wp-json\/wp\/v2\/product\/22014\/revisions"}],"wp:featuredmedia":[{"embeddable":true,"href":"https:\/\/laatuvalo.fi\/en\/wp-json\/wp\/v2\/media\/22015"}],"wp:attachment":[{"href":"https:\/\/laatuvalo.fi\/en\/wp-json\/wp\/v2\/media?parent=22014"}],"wp:term":[{"taxonomy":"product_brand","embeddable":true,"href":"https:\/\/laatuvalo.fi\/en\/wp-json\/wp\/v2\/product_brand?post=22014"},{"taxonomy":"product_cat","embeddable":true,"href":"https:\/\/laatuvalo.fi\/en\/wp-json\/wp\/v2\/product_cat?post=22014"},{"taxonomy":"product_tag","embeddable":true,"href":"https:\/\/laatuvalo.fi\/en\/wp-json\/wp\/v2\/product_tag?post=22014"},{"taxonomy":"tarvikkeet_name","embeddable":true,"href":"https:\/\/laatuvalo.fi\/en\/wp-json\/wp\/v2\/tarvikkeet_name?post=22014"},{"taxonomy":"brand_product","embeddable":true,"href":"https:\/\/laatuvalo.fi\/en\/wp-json\/wp\/v2\/brand_product?post=22014"}],"curies":[{"name":"wp","href":"https:\/\/api.w.org\/{rel}","templated":true}]}}