{"id":22021,"date":"2023-08-01T10:05:17","date_gmt":"2023-08-01T08:05:17","guid":{"rendered":"https:\/\/laatuvalo.fi\/?post_type=product&#038;p=22021"},"modified":"2023-08-01T10:05:17","modified_gmt":"2023-08-01T08:05:17","slug":"kibri-100","status":"publish","type":"product","link":"https:\/\/laatuvalo.fi\/en\/product\/kibri-100\/","title":{"rendered":"KIBRI 100"},"content":{"rendered":"<p>Recessed downlights with symmetrical light distribution for accent or general lighting.<\/p>\n<p>The linear luminaire model is available in different lengths: 310mm, 590mm, 870mm, 1150mm, 1430mm or 2430mm Luminaire width: 70mm. It is possible to combine different lengths of luminaire to create customized systems.<\/p>\n<p>The aluminium surface is powder coated or custom made in other colour options.<\/p>\n<p>Available with different dimming options, internal loop power supply.<\/p>\n<p>Passive temperature control.<\/p>\n<p>Roof installation with galvanized steel screws.<\/p>\n<p>Applications: private homes, shops, restaurants, bars, hotels and other public spaces.<\/p>","protected":false},"excerpt":{"rendered":"<p>Tehokas upotettu valaisin saatavilla eri pituudella. Eri pituusia valaisimia on mahdollista yhdist\u00e4\u00e4 r\u00e4\u00e4t\u00e4l\u00f6ityjen j\u00e4rjestelmien luomiseksi.<br \/>\nTutustuu vaihtoehtoisiin linkista ja tilaa meilt\u00e4 sinulle sopiiva malli:\u00a0info@laatuvalo.fi<\/p>","protected":false},"featured_media":22022,"template":"","meta":{"iawp_total_views":29},"product_brand":[],"product_cat":[267],"product_tag":[],"tarvikkeet_name":[],"brand_product":[227],"class_list":{"0":"post-22021","1":"product","2":"type-product","3":"status-publish","4":"has-post-thumbnail","6":"product_cat-upotettava-valaisin","7":"brand_product-rovasi","9":"first","10":"instock","11":"taxable","12":"shipping-taxable","13":"product-type-external"},"_links":{"self":[{"href":"https:\/\/laatuvalo.fi\/en\/wp-json\/wp\/v2\/product\/22021","targetHints":{"allow":["GET"]}}],"collection":[{"href":"https:\/\/laatuvalo.fi\/en\/wp-json\/wp\/v2\/product"}],"about":[{"href":"https:\/\/laatuvalo.fi\/en\/wp-json\/wp\/v2\/types\/product"}],"version-history":[{"count":0,"href":"https:\/\/laatuvalo.fi\/en\/wp-json\/wp\/v2\/product\/22021\/revisions"}],"wp:featuredmedia":[{"embeddable":true,"href":"https:\/\/laatuvalo.fi\/en\/wp-json\/wp\/v2\/media\/22022"}],"wp:attachment":[{"href":"https:\/\/laatuvalo.fi\/en\/wp-json\/wp\/v2\/media?parent=22021"}],"wp:term":[{"taxonomy":"product_brand","embeddable":true,"href":"https:\/\/laatuvalo.fi\/en\/wp-json\/wp\/v2\/product_brand?post=22021"},{"taxonomy":"product_cat","embeddable":true,"href":"https:\/\/laatuvalo.fi\/en\/wp-json\/wp\/v2\/product_cat?post=22021"},{"taxonomy":"product_tag","embeddable":true,"href":"https:\/\/laatuvalo.fi\/en\/wp-json\/wp\/v2\/product_tag?post=22021"},{"taxonomy":"tarvikkeet_name","embeddable":true,"href":"https:\/\/laatuvalo.fi\/en\/wp-json\/wp\/v2\/tarvikkeet_name?post=22021"},{"taxonomy":"brand_product","embeddable":true,"href":"https:\/\/laatuvalo.fi\/en\/wp-json\/wp\/v2\/brand_product?post=22021"}],"curies":[{"name":"wp","href":"https:\/\/api.w.org\/{rel}","templated":true}]}}