{"id":6159,"date":"2021-09-15T11:49:56","date_gmt":"2021-09-15T09:49:56","guid":{"rendered":"https:\/\/laatuvalo.fi\/product\/aday-2\/"},"modified":"2023-04-12T13:52:26","modified_gmt":"2023-04-12T11:52:26","slug":"aday-113","status":"publish","type":"product","link":"https:\/\/laatuvalo.fi\/en\/product\/aday-113\/","title":{"rendered":"ADAY 113"},"content":{"rendered":"<p>Modernilla tyylill\u00e4 ja LED-tekniikalla varustettu sein\u00e4valaisin ulkovalaistukseen on valmistettu painevaletusta alumiinista ja opaalilasista. Valonl\u00e4hde LED 6W ja l\u00e4mmin valo, virtal\u00e4hde mukana. T\u00e4m\u00e4 sein\u00e4valaisin heijastaa valons\u00e4teen yl\u00f6s- ja alasp\u00e4in ja sopii t\u00e4ydellisesti julkisivujen ja terassien valaistukseen.<\/p>","protected":false},"excerpt":{"rendered":"<p>ulkok\u00e4ytt\u00f6\u00f6n IP 54 sertifioitu sein\u00e4valaisin<\/p>","protected":false},"featured_media":20711,"template":"","meta":{"iawp_total_views":6},"product_brand":[],"product_cat":[268],"product_tag":[166],"tarvikkeet_name":[],"brand_product":[230],"class_list":{"0":"post-6159","1":"product","2":"type-product","3":"status-publish","4":"has-post-thumbnail","6":"product_cat-seinavalaisin","7":"product_tag-wall-lamp","8":"brand_product-faro-barcelona","10":"first","11":"instock","12":"taxable","13":"shipping-taxable","14":"purchasable","15":"product-type-variable"},"_links":{"self":[{"href":"https:\/\/laatuvalo.fi\/en\/wp-json\/wp\/v2\/product\/6159","targetHints":{"allow":["GET"]}}],"collection":[{"href":"https:\/\/laatuvalo.fi\/en\/wp-json\/wp\/v2\/product"}],"about":[{"href":"https:\/\/laatuvalo.fi\/en\/wp-json\/wp\/v2\/types\/product"}],"version-history":[{"count":0,"href":"https:\/\/laatuvalo.fi\/en\/wp-json\/wp\/v2\/product\/6159\/revisions"}],"wp:featuredmedia":[{"embeddable":true,"href":"https:\/\/laatuvalo.fi\/en\/wp-json\/wp\/v2\/media\/20711"}],"wp:attachment":[{"href":"https:\/\/laatuvalo.fi\/en\/wp-json\/wp\/v2\/media?parent=6159"}],"wp:term":[{"taxonomy":"product_brand","embeddable":true,"href":"https:\/\/laatuvalo.fi\/en\/wp-json\/wp\/v2\/product_brand?post=6159"},{"taxonomy":"product_cat","embeddable":true,"href":"https:\/\/laatuvalo.fi\/en\/wp-json\/wp\/v2\/product_cat?post=6159"},{"taxonomy":"product_tag","embeddable":true,"href":"https:\/\/laatuvalo.fi\/en\/wp-json\/wp\/v2\/product_tag?post=6159"},{"taxonomy":"tarvikkeet_name","embeddable":true,"href":"https:\/\/laatuvalo.fi\/en\/wp-json\/wp\/v2\/tarvikkeet_name?post=6159"},{"taxonomy":"brand_product","embeddable":true,"href":"https:\/\/laatuvalo.fi\/en\/wp-json\/wp\/v2\/brand_product?post=6159"}],"curies":[{"name":"wp","href":"https:\/\/api.w.org\/{rel}","templated":true}]}}