{"id":6171,"date":"2021-09-15T11:49:57","date_gmt":"2021-09-15T09:49:57","guid":{"rendered":"https:\/\/laatuvalo.fi\/product\/alp\/"},"modified":"2023-04-17T12:32:37","modified_gmt":"2023-04-17T10:32:37","slug":"alp","status":"publish","type":"product","link":"https:\/\/laatuvalo.fi\/en\/product\/alp\/","title":{"rendered":"ALP"},"content":{"rendered":"<p>ALP on trendik\u00e4s ulkovalaistussarja, led-tekniikalla. Sarjaan kuuluu sein\u00e4valaisin ALP 130 ja kaksi pollarivalaisinta ALP 500 ja ALP 800. Toinen on 50cm ja toinen 80cm korkea. Hyv\u00e4laatuinen, kest\u00e4v\u00e4 valaisin on valmistettu valetusta alumiinista ja siin\u00e4 on l\u00e4pin\u00e4kyv\u00e4 lasiheijastin. Valonl\u00e4hde on SMD LED 6W 3000K 190Lm mukana integroitu. T\u00e4m\u00e4 tyylik\u00e4s ja yksinkertainen esine on t\u00e4ydellinen valinta puutarhasi koristevalaistukseen.<\/p>","protected":false},"excerpt":{"rendered":"<p>bollard lamp for outdoor lighting ALP 500 and ALP 800<\/p>","protected":false},"featured_media":17786,"template":"","meta":{"iawp_total_views":1},"product_brand":[],"product_cat":[270],"product_tag":[180],"tarvikkeet_name":[],"brand_product":[230],"class_list":{"0":"post-6171","1":"product","2":"type-product","3":"status-publish","4":"has-post-thumbnail","6":"product_cat-pollarivalaisin","7":"product_tag-bollards","8":"brand_product-faro-barcelona","10":"first","11":"instock","12":"taxable","13":"shipping-taxable","14":"purchasable","15":"product-type-variable"},"_links":{"self":[{"href":"https:\/\/laatuvalo.fi\/en\/wp-json\/wp\/v2\/product\/6171","targetHints":{"allow":["GET"]}}],"collection":[{"href":"https:\/\/laatuvalo.fi\/en\/wp-json\/wp\/v2\/product"}],"about":[{"href":"https:\/\/laatuvalo.fi\/en\/wp-json\/wp\/v2\/types\/product"}],"version-history":[{"count":0,"href":"https:\/\/laatuvalo.fi\/en\/wp-json\/wp\/v2\/product\/6171\/revisions"}],"wp:featuredmedia":[{"embeddable":true,"href":"https:\/\/laatuvalo.fi\/en\/wp-json\/wp\/v2\/media\/17786"}],"wp:attachment":[{"href":"https:\/\/laatuvalo.fi\/en\/wp-json\/wp\/v2\/media?parent=6171"}],"wp:term":[{"taxonomy":"product_brand","embeddable":true,"href":"https:\/\/laatuvalo.fi\/en\/wp-json\/wp\/v2\/product_brand?post=6171"},{"taxonomy":"product_cat","embeddable":true,"href":"https:\/\/laatuvalo.fi\/en\/wp-json\/wp\/v2\/product_cat?post=6171"},{"taxonomy":"product_tag","embeddable":true,"href":"https:\/\/laatuvalo.fi\/en\/wp-json\/wp\/v2\/product_tag?post=6171"},{"taxonomy":"tarvikkeet_name","embeddable":true,"href":"https:\/\/laatuvalo.fi\/en\/wp-json\/wp\/v2\/tarvikkeet_name?post=6171"},{"taxonomy":"brand_product","embeddable":true,"href":"https:\/\/laatuvalo.fi\/en\/wp-json\/wp\/v2\/brand_product?post=6171"}],"curies":[{"name":"wp","href":"https:\/\/api.w.org\/{rel}","templated":true}]}}