{"id":6175,"date":"2021-09-15T11:49:57","date_gmt":"2021-09-15T09:49:57","guid":{"rendered":"https:\/\/laatuvalo.fi\/product\/ami-2\/"},"modified":"2023-04-17T12:34:33","modified_gmt":"2023-04-17T10:34:33","slug":"ami","status":"publish","type":"product","link":"https:\/\/laatuvalo.fi\/en\/product\/ami\/","title":{"rendered":"AMI"},"content":{"rendered":"<p>Valkoinen tai alumiinin v\u00e4rinen kattovalaisin varustettu led tekniikalla. AMI on tyylilt\u00e4\u00e4n klassinen, mutta antaa runsaasti valoa ymp\u00e4rist\u00f6\u00f6ns\u00e4, siin\u00e4 valonl\u00e4hde on 15W 2700K (mukana integroitu). T\u00e4m\u00e4 pintaan asennettava plafondi valaisee tasaisesti ja sopii t\u00e4ydellisesti sis\u00e4valaistukseen makuhuoneen tai lastenleikkipaikaan.<\/p>","protected":false},"excerpt":{"rendered":"<p>LED CEILING LAMP\/CEILING 15W 2700K<\/p>","protected":false},"featured_media":17794,"template":"","meta":{"iawp_total_views":3},"product_brand":[],"product_cat":[256],"product_tag":[169],"tarvikkeet_name":[],"brand_product":[230],"class_list":{"0":"post-6175","1":"product","2":"type-product","3":"status-publish","4":"has-post-thumbnail","6":"product_cat-kattovalaisin","7":"product_tag-ceiling","8":"brand_product-faro-barcelona","10":"first","11":"instock","12":"taxable","13":"shipping-taxable","14":"purchasable","15":"product-type-variable"},"_links":{"self":[{"href":"https:\/\/laatuvalo.fi\/en\/wp-json\/wp\/v2\/product\/6175","targetHints":{"allow":["GET"]}}],"collection":[{"href":"https:\/\/laatuvalo.fi\/en\/wp-json\/wp\/v2\/product"}],"about":[{"href":"https:\/\/laatuvalo.fi\/en\/wp-json\/wp\/v2\/types\/product"}],"version-history":[{"count":0,"href":"https:\/\/laatuvalo.fi\/en\/wp-json\/wp\/v2\/product\/6175\/revisions"}],"wp:featuredmedia":[{"embeddable":true,"href":"https:\/\/laatuvalo.fi\/en\/wp-json\/wp\/v2\/media\/17794"}],"wp:attachment":[{"href":"https:\/\/laatuvalo.fi\/en\/wp-json\/wp\/v2\/media?parent=6175"}],"wp:term":[{"taxonomy":"product_brand","embeddable":true,"href":"https:\/\/laatuvalo.fi\/en\/wp-json\/wp\/v2\/product_brand?post=6175"},{"taxonomy":"product_cat","embeddable":true,"href":"https:\/\/laatuvalo.fi\/en\/wp-json\/wp\/v2\/product_cat?post=6175"},{"taxonomy":"product_tag","embeddable":true,"href":"https:\/\/laatuvalo.fi\/en\/wp-json\/wp\/v2\/product_tag?post=6175"},{"taxonomy":"tarvikkeet_name","embeddable":true,"href":"https:\/\/laatuvalo.fi\/en\/wp-json\/wp\/v2\/tarvikkeet_name?post=6175"},{"taxonomy":"brand_product","embeddable":true,"href":"https:\/\/laatuvalo.fi\/en\/wp-json\/wp\/v2\/brand_product?post=6175"}],"curies":[{"name":"wp","href":"https:\/\/api.w.org\/{rel}","templated":true}]}}