{"id":6176,"date":"2021-09-15T11:49:57","date_gmt":"2021-09-15T09:49:57","guid":{"rendered":"https:\/\/laatuvalo.fi\/product\/ancora\/"},"modified":"2023-04-17T12:39:13","modified_gmt":"2023-04-17T10:39:13","slug":"ancora","status":"publish","type":"product","link":"https:\/\/laatuvalo.fi\/en\/product\/ancora\/","title":{"rendered":"ANCORA"},"content":{"rendered":"<p>Moderni ulkosein\u00e4valaisin, joka on valmistettu alumiinipainevalusta, jossa on polykarbonaatti-opaalihajotin. Tyylikas valaisin sopii ulkok\u00e4yt\u00f6\u00f6n ja halutessaan my\u00f6s sis\u00e4k\u00e4yt\u00f6\u00f6n.<\/p>","protected":false},"excerpt":{"rendered":"<p>TUUMANHARMAA SEIN\u00c4VALAISIN VAIHTOPOLTTIMOLLA<\/p>","protected":false},"featured_media":20723,"template":"","meta":{"iawp_total_views":8},"product_brand":[],"product_cat":[268],"product_tag":[166],"tarvikkeet_name":[],"brand_product":[230],"class_list":{"0":"post-6176","1":"product","2":"type-product","3":"status-publish","4":"has-post-thumbnail","6":"product_cat-seinavalaisin","7":"product_tag-wall-lamp","8":"brand_product-faro-barcelona","10":"first","11":"instock","12":"taxable","13":"shipping-taxable","14":"purchasable","15":"product-type-simple"},"_links":{"self":[{"href":"https:\/\/laatuvalo.fi\/en\/wp-json\/wp\/v2\/product\/6176","targetHints":{"allow":["GET"]}}],"collection":[{"href":"https:\/\/laatuvalo.fi\/en\/wp-json\/wp\/v2\/product"}],"about":[{"href":"https:\/\/laatuvalo.fi\/en\/wp-json\/wp\/v2\/types\/product"}],"version-history":[{"count":0,"href":"https:\/\/laatuvalo.fi\/en\/wp-json\/wp\/v2\/product\/6176\/revisions"}],"wp:featuredmedia":[{"embeddable":true,"href":"https:\/\/laatuvalo.fi\/en\/wp-json\/wp\/v2\/media\/20723"}],"wp:attachment":[{"href":"https:\/\/laatuvalo.fi\/en\/wp-json\/wp\/v2\/media?parent=6176"}],"wp:term":[{"taxonomy":"product_brand","embeddable":true,"href":"https:\/\/laatuvalo.fi\/en\/wp-json\/wp\/v2\/product_brand?post=6176"},{"taxonomy":"product_cat","embeddable":true,"href":"https:\/\/laatuvalo.fi\/en\/wp-json\/wp\/v2\/product_cat?post=6176"},{"taxonomy":"product_tag","embeddable":true,"href":"https:\/\/laatuvalo.fi\/en\/wp-json\/wp\/v2\/product_tag?post=6176"},{"taxonomy":"tarvikkeet_name","embeddable":true,"href":"https:\/\/laatuvalo.fi\/en\/wp-json\/wp\/v2\/tarvikkeet_name?post=6176"},{"taxonomy":"brand_product","embeddable":true,"href":"https:\/\/laatuvalo.fi\/en\/wp-json\/wp\/v2\/brand_product?post=6176"}],"curies":[{"name":"wp","href":"https:\/\/api.w.org\/{rel}","templated":true}]}}