{"id":6182,"date":"2021-09-15T11:50:00","date_gmt":"2021-09-15T09:50:00","guid":{"rendered":"https:\/\/laatuvalo.fi\/product\/argn-3\/"},"modified":"2023-04-18T08:09:39","modified_gmt":"2023-04-18T06:09:39","slug":"argon-r","status":"publish","type":"product","link":"https:\/\/laatuvalo.fi\/en\/product\/argon-r\/","title":{"rendered":"ARG\u00d3N R"},"content":{"rendered":"<p>Alumiinista valmistettu py\u00f6re\u00e4 upotettava kattovalaisin, saatavilla mustana\u00a0 tai valkoisena. Valonl\u00e4hteen\u00e4 on useita vaihtoehtoja: MR16 tai GU10. T\u00e4m\u00e4 s\u00e4\u00e4dett\u00e4v\u00e4 upotettu valaisin sopii t\u00e4ydellisesti talon eri tiloihin, kuten olohuoneeseen tai keitti\u00f6\u00f6n.<\/p>","protected":false},"excerpt":{"rendered":"<p>S\u00c4\u00c4DETT\u00c4V\u00c4 PY\u00d6RE\u00c4 UPOTETTAVA VALAISIN<\/p>","protected":false},"featured_media":17813,"template":"","meta":{"iawp_total_views":2},"product_brand":[],"product_cat":[267],"product_tag":[165],"tarvikkeet_name":[],"brand_product":[230],"class_list":{"0":"post-6182","1":"product","2":"type-product","3":"status-publish","4":"has-post-thumbnail","6":"product_cat-upotettava-valaisin","7":"product_tag-recessed","8":"brand_product-faro-barcelona","10":"first","11":"instock","12":"taxable","13":"shipping-taxable","14":"purchasable","15":"product-type-variable"},"_links":{"self":[{"href":"https:\/\/laatuvalo.fi\/en\/wp-json\/wp\/v2\/product\/6182","targetHints":{"allow":["GET"]}}],"collection":[{"href":"https:\/\/laatuvalo.fi\/en\/wp-json\/wp\/v2\/product"}],"about":[{"href":"https:\/\/laatuvalo.fi\/en\/wp-json\/wp\/v2\/types\/product"}],"version-history":[{"count":0,"href":"https:\/\/laatuvalo.fi\/en\/wp-json\/wp\/v2\/product\/6182\/revisions"}],"wp:featuredmedia":[{"embeddable":true,"href":"https:\/\/laatuvalo.fi\/en\/wp-json\/wp\/v2\/media\/17813"}],"wp:attachment":[{"href":"https:\/\/laatuvalo.fi\/en\/wp-json\/wp\/v2\/media?parent=6182"}],"wp:term":[{"taxonomy":"product_brand","embeddable":true,"href":"https:\/\/laatuvalo.fi\/en\/wp-json\/wp\/v2\/product_brand?post=6182"},{"taxonomy":"product_cat","embeddable":true,"href":"https:\/\/laatuvalo.fi\/en\/wp-json\/wp\/v2\/product_cat?post=6182"},{"taxonomy":"product_tag","embeddable":true,"href":"https:\/\/laatuvalo.fi\/en\/wp-json\/wp\/v2\/product_tag?post=6182"},{"taxonomy":"tarvikkeet_name","embeddable":true,"href":"https:\/\/laatuvalo.fi\/en\/wp-json\/wp\/v2\/tarvikkeet_name?post=6182"},{"taxonomy":"brand_product","embeddable":true,"href":"https:\/\/laatuvalo.fi\/en\/wp-json\/wp\/v2\/brand_product?post=6182"}],"curies":[{"name":"wp","href":"https:\/\/api.w.org\/{rel}","templated":true}]}}