{"id":6186,"date":"2021-09-15T11:50:00","date_gmt":"2021-09-15T09:50:00","guid":{"rendered":"https:\/\/laatuvalo.fi\/product\/argot\/"},"modified":"2023-04-11T14:26:34","modified_gmt":"2023-04-11T12:26:34","slug":"argot","status":"publish","type":"product","link":"https:\/\/laatuvalo.fi\/en\/product\/argot\/","title":{"rendered":"ARGOTS"},"content":{"rendered":"<p>Ter\u00e4ksest\u00e4 valmistettu retro sein\u00e4valaisin lasihajottimella ulkovalaistukseen. Sopii t\u00e4ydellisesti klassiseen ja vanha ajan arkkitehtuuriin (kerrostalojen ja omakotitalon julkisivut).<\/p>","protected":false},"excerpt":{"rendered":"<p>ARGOT RUST COLOR WALL LAMP 1 X E27 100W<\/p>","protected":false},"featured_media":12433,"template":"","meta":{"iawp_total_views":6},"product_brand":[],"product_cat":[268],"product_tag":[166],"tarvikkeet_name":[],"brand_product":[230],"class_list":{"0":"post-6186","1":"product","2":"type-product","3":"status-publish","4":"has-post-thumbnail","6":"product_cat-seinavalaisin","7":"product_tag-wall-lamp","8":"brand_product-faro-barcelona","10":"first","11":"instock","12":"taxable","13":"shipping-taxable","14":"purchasable","15":"product-type-simple"},"_links":{"self":[{"href":"https:\/\/laatuvalo.fi\/en\/wp-json\/wp\/v2\/product\/6186","targetHints":{"allow":["GET"]}}],"collection":[{"href":"https:\/\/laatuvalo.fi\/en\/wp-json\/wp\/v2\/product"}],"about":[{"href":"https:\/\/laatuvalo.fi\/en\/wp-json\/wp\/v2\/types\/product"}],"version-history":[{"count":0,"href":"https:\/\/laatuvalo.fi\/en\/wp-json\/wp\/v2\/product\/6186\/revisions"}],"wp:featuredmedia":[{"embeddable":true,"href":"https:\/\/laatuvalo.fi\/en\/wp-json\/wp\/v2\/media\/12433"}],"wp:attachment":[{"href":"https:\/\/laatuvalo.fi\/en\/wp-json\/wp\/v2\/media?parent=6186"}],"wp:term":[{"taxonomy":"product_brand","embeddable":true,"href":"https:\/\/laatuvalo.fi\/en\/wp-json\/wp\/v2\/product_brand?post=6186"},{"taxonomy":"product_cat","embeddable":true,"href":"https:\/\/laatuvalo.fi\/en\/wp-json\/wp\/v2\/product_cat?post=6186"},{"taxonomy":"product_tag","embeddable":true,"href":"https:\/\/laatuvalo.fi\/en\/wp-json\/wp\/v2\/product_tag?post=6186"},{"taxonomy":"tarvikkeet_name","embeddable":true,"href":"https:\/\/laatuvalo.fi\/en\/wp-json\/wp\/v2\/tarvikkeet_name?post=6186"},{"taxonomy":"brand_product","embeddable":true,"href":"https:\/\/laatuvalo.fi\/en\/wp-json\/wp\/v2\/brand_product?post=6186"}],"curies":[{"name":"wp","href":"https:\/\/api.w.org\/{rel}","templated":true}]}}