{"id":6187,"date":"2021-09-15T11:50:00","date_gmt":"2021-09-15T09:50:00","guid":{"rendered":"https:\/\/laatuvalo.fi\/product\/argus\/"},"modified":"2023-04-11T14:28:13","modified_gmt":"2023-04-11T12:28:13","slug":"argus","status":"publish","type":"product","link":"https:\/\/laatuvalo.fi\/en\/product\/argus\/","title":{"rendered":"ARGUS"},"content":{"rendered":"<p>ARGUS on harmaa, kannettava p\u00f6yt\u00e4valaisin puutarhan ja terassien valaistukseen. Valaisin on helppo sytytt\u00e4\u00e4 kosketusj\u00e4rjestelm\u00e4n ansiosta. ARGUS on t\u00e4ydellinen valaisemaan teid\u00e4n iltahetke\u00e4 ulkotiloissa.\u00a0 Ei tarvitse en\u00e4\u00e4 vahtia lyhtyjen kynttil\u00f6it\u00e4, voit j\u00e4tt\u00e4\u00e4 valaisimen ulos ja jatkaa iltaa ilman huolia.<\/p>","protected":false},"excerpt":{"rendered":"<p>DARK GRAY PORTABLE AND USB RECHARGEABLE LED LAMP<\/p>","protected":false},"featured_media":11967,"template":"","meta":{"iawp_total_views":10},"product_brand":[],"product_cat":[265],"product_tag":[170],"tarvikkeet_name":[],"brand_product":[230],"class_list":{"0":"post-6187","1":"product","2":"type-product","3":"status-publish","4":"has-post-thumbnail","6":"product_cat-ladattava-valaisin","7":"product_tag-portable-lamps","8":"brand_product-faro-barcelona","10":"first","11":"instock","12":"taxable","13":"shipping-taxable","14":"purchasable","15":"product-type-simple"},"_links":{"self":[{"href":"https:\/\/laatuvalo.fi\/en\/wp-json\/wp\/v2\/product\/6187","targetHints":{"allow":["GET"]}}],"collection":[{"href":"https:\/\/laatuvalo.fi\/en\/wp-json\/wp\/v2\/product"}],"about":[{"href":"https:\/\/laatuvalo.fi\/en\/wp-json\/wp\/v2\/types\/product"}],"version-history":[{"count":0,"href":"https:\/\/laatuvalo.fi\/en\/wp-json\/wp\/v2\/product\/6187\/revisions"}],"wp:featuredmedia":[{"embeddable":true,"href":"https:\/\/laatuvalo.fi\/en\/wp-json\/wp\/v2\/media\/11967"}],"wp:attachment":[{"href":"https:\/\/laatuvalo.fi\/en\/wp-json\/wp\/v2\/media?parent=6187"}],"wp:term":[{"taxonomy":"product_brand","embeddable":true,"href":"https:\/\/laatuvalo.fi\/en\/wp-json\/wp\/v2\/product_brand?post=6187"},{"taxonomy":"product_cat","embeddable":true,"href":"https:\/\/laatuvalo.fi\/en\/wp-json\/wp\/v2\/product_cat?post=6187"},{"taxonomy":"product_tag","embeddable":true,"href":"https:\/\/laatuvalo.fi\/en\/wp-json\/wp\/v2\/product_tag?post=6187"},{"taxonomy":"tarvikkeet_name","embeddable":true,"href":"https:\/\/laatuvalo.fi\/en\/wp-json\/wp\/v2\/tarvikkeet_name?post=6187"},{"taxonomy":"brand_product","embeddable":true,"href":"https:\/\/laatuvalo.fi\/en\/wp-json\/wp\/v2\/brand_product?post=6187"}],"curies":[{"name":"wp","href":"https:\/\/api.w.org\/{rel}","templated":true}]}}