{"id":6188,"date":"2021-09-15T11:50:01","date_gmt":"2021-09-15T09:50:01","guid":{"rendered":"https:\/\/laatuvalo.fi\/product\/art\/"},"modified":"2023-04-11T14:29:56","modified_gmt":"2023-04-11T12:29:56","slug":"art","status":"publish","type":"product","link":"https:\/\/laatuvalo.fi\/en\/product\/art\/","title":{"rendered":"ART"},"content":{"rendered":"<p>ART on sarja riippuvalaisimista sis\u00e4valaistukseen. T\u00e4m\u00e4 koristeellinen musta kattovalaisin on saatavilla kultaisella tai mustalla kannalla. Valitse oma versiosi, jossa on useita: 1, 3, 5 tai jopa 7 valonl\u00e4hdett\u00e4. Niiden mallit ovat sopivasti: ART 1L\u00a0 \u00a0 ART 3L\u00a0 \u00a0 \u00a0ART 5L\u00a0 \u00a0 \u00a0ART7L<\/p>","protected":false},"excerpt":{"rendered":"<p>BLACK PENDANT LAMP WITH 1, 3, 5 OR 7 BULBS<\/p>","protected":false},"featured_media":17848,"template":"","meta":{"iawp_total_views":18},"product_brand":[],"product_cat":[253],"product_tag":[165],"tarvikkeet_name":[],"brand_product":[230],"class_list":{"0":"post-6188","1":"product","2":"type-product","3":"status-publish","4":"has-post-thumbnail","6":"product_cat-riippuvalaisin","7":"product_tag-recessed","8":"brand_product-faro-barcelona","10":"first","11":"instock","12":"taxable","13":"shipping-taxable","14":"purchasable","15":"product-type-variable"},"_links":{"self":[{"href":"https:\/\/laatuvalo.fi\/en\/wp-json\/wp\/v2\/product\/6188","targetHints":{"allow":["GET"]}}],"collection":[{"href":"https:\/\/laatuvalo.fi\/en\/wp-json\/wp\/v2\/product"}],"about":[{"href":"https:\/\/laatuvalo.fi\/en\/wp-json\/wp\/v2\/types\/product"}],"version-history":[{"count":0,"href":"https:\/\/laatuvalo.fi\/en\/wp-json\/wp\/v2\/product\/6188\/revisions"}],"wp:featuredmedia":[{"embeddable":true,"href":"https:\/\/laatuvalo.fi\/en\/wp-json\/wp\/v2\/media\/17848"}],"wp:attachment":[{"href":"https:\/\/laatuvalo.fi\/en\/wp-json\/wp\/v2\/media?parent=6188"}],"wp:term":[{"taxonomy":"product_brand","embeddable":true,"href":"https:\/\/laatuvalo.fi\/en\/wp-json\/wp\/v2\/product_brand?post=6188"},{"taxonomy":"product_cat","embeddable":true,"href":"https:\/\/laatuvalo.fi\/en\/wp-json\/wp\/v2\/product_cat?post=6188"},{"taxonomy":"product_tag","embeddable":true,"href":"https:\/\/laatuvalo.fi\/en\/wp-json\/wp\/v2\/product_tag?post=6188"},{"taxonomy":"tarvikkeet_name","embeddable":true,"href":"https:\/\/laatuvalo.fi\/en\/wp-json\/wp\/v2\/tarvikkeet_name?post=6188"},{"taxonomy":"brand_product","embeddable":true,"href":"https:\/\/laatuvalo.fi\/en\/wp-json\/wp\/v2\/brand_product?post=6188"}],"curies":[{"name":"wp","href":"https:\/\/api.w.org\/{rel}","templated":true}]}}