{"id":6202,"date":"2021-09-15T11:50:02","date_gmt":"2021-09-15T09:50:02","guid":{"rendered":"https:\/\/laatuvalo.fi\/product\/artis-7\/"},"modified":"2023-04-18T08:24:33","modified_gmt":"2023-04-18T06:24:33","slug":"artis-tablelamp","status":"publish","type":"product","link":"https:\/\/laatuvalo.fi\/en\/product\/artis-tablelamp\/","title":{"rendered":"ARTIS TABLE LAMP"},"content":{"rendered":"<p>ARTIS on Alex &amp; Manel Llusc\u00e0n suunnittelema design-valaisinsarja. Sarjaan kuuluu my\u00f6s tyylik\u00e4s p\u00f6yt\u00e4valaisin.\u00a0 Halutun klassisen tyylin takia valaisin sopii moniin tunnelmiin. Pronssin v\u00e4risell\u00e4 sirolla rungolla p\u00f6yt\u00e4valaisin sopii t\u00e4ydellisesti makuuhuoneen tai ty\u00f6huoneen valaistukseen. ARTIS on ajaton ja tyylik\u00e4s valinta my\u00f6s hotellihuoneen valaistukseen. Varjostimen kankaan v\u00e4ri t\u00e4ss\u00e4 mallissa on valkoinen.<\/p>\n<p>&nbsp;<\/p>","protected":false},"excerpt":{"rendered":"<p>P\u00d6YT\u00c4VALAISIN PRONSSIN V\u00c4RISELL\u00c4 RUNGOLLA<\/p>","protected":false},"featured_media":10030,"template":"","meta":{"iawp_total_views":1},"product_brand":[],"product_cat":[264],"product_tag":[167],"tarvikkeet_name":[],"brand_product":[230],"class_list":{"0":"post-6202","1":"product","2":"type-product","3":"status-publish","4":"has-post-thumbnail","6":"product_cat-poytavalaisimet","7":"product_tag-table-and-floor-lamps","8":"brand_product-faro-barcelona","10":"first","11":"instock","12":"taxable","13":"shipping-taxable","14":"purchasable","15":"product-type-simple"},"_links":{"self":[{"href":"https:\/\/laatuvalo.fi\/en\/wp-json\/wp\/v2\/product\/6202","targetHints":{"allow":["GET"]}}],"collection":[{"href":"https:\/\/laatuvalo.fi\/en\/wp-json\/wp\/v2\/product"}],"about":[{"href":"https:\/\/laatuvalo.fi\/en\/wp-json\/wp\/v2\/types\/product"}],"version-history":[{"count":0,"href":"https:\/\/laatuvalo.fi\/en\/wp-json\/wp\/v2\/product\/6202\/revisions"}],"wp:featuredmedia":[{"embeddable":true,"href":"https:\/\/laatuvalo.fi\/en\/wp-json\/wp\/v2\/media\/10030"}],"wp:attachment":[{"href":"https:\/\/laatuvalo.fi\/en\/wp-json\/wp\/v2\/media?parent=6202"}],"wp:term":[{"taxonomy":"product_brand","embeddable":true,"href":"https:\/\/laatuvalo.fi\/en\/wp-json\/wp\/v2\/product_brand?post=6202"},{"taxonomy":"product_cat","embeddable":true,"href":"https:\/\/laatuvalo.fi\/en\/wp-json\/wp\/v2\/product_cat?post=6202"},{"taxonomy":"product_tag","embeddable":true,"href":"https:\/\/laatuvalo.fi\/en\/wp-json\/wp\/v2\/product_tag?post=6202"},{"taxonomy":"tarvikkeet_name","embeddable":true,"href":"https:\/\/laatuvalo.fi\/en\/wp-json\/wp\/v2\/tarvikkeet_name?post=6202"},{"taxonomy":"brand_product","embeddable":true,"href":"https:\/\/laatuvalo.fi\/en\/wp-json\/wp\/v2\/brand_product?post=6202"}],"curies":[{"name":"wp","href":"https:\/\/api.w.org\/{rel}","templated":true}]}}