{"id":6210,"date":"2021-09-15T11:50:04","date_gmt":"2021-09-15T09:50:04","guid":{"rendered":"https:\/\/laatuvalo.fi\/product\/artis-15\/"},"modified":"2023-04-18T08:22:33","modified_gmt":"2023-04-18T06:22:33","slug":"artis-floorlamp","status":"publish","type":"product","link":"https:\/\/laatuvalo.fi\/en\/product\/artis-floorlamp\/","title":{"rendered":"ARTIS FLOOR LAMP"},"content":{"rendered":"<p>ARTIS on Alex &amp; Manel Llusc\u00e0n suunnittelema design-valaisinsarja. Sarjaan kuuluu my\u00f6s tyylik\u00e4s lattiavalaisin.\u00a0 Halutun klassisen tyylin takia valaisin sopii moniin tunnelmiin. Pronssin v\u00e4risell\u00e4 rungolla lattiavalaisin sopii t\u00e4ydellisesti makuuhuoneen valaistukseen. ARTIS on ajaton ja tyylik\u00e4s valinta my\u00f6s hotellihuoneen valaistukseen. Varjostimen kankaan v\u00e4ri t\u00e4ss\u00e4 mallissa on valkoinen.<\/p>\n<p>&nbsp;<\/p>","protected":false},"excerpt":{"rendered":"<p>PRONSSIN V\u00c4RINEN LATTIAVALAISIN &#8211; ajaton ja tyylik\u00e4s valinta sek\u00e4 koti- ett\u00e4 hotellihuoneen valaistukseen.<\/p>","protected":false},"featured_media":10905,"template":"","meta":{"iawp_total_views":5},"product_brand":[],"product_cat":[255],"product_tag":[167],"tarvikkeet_name":[],"brand_product":[230],"class_list":{"0":"post-6210","1":"product","2":"type-product","3":"status-publish","4":"has-post-thumbnail","6":"product_cat-lattiavalaisin","7":"product_tag-table-and-floor-lamps","8":"brand_product-faro-barcelona","10":"first","11":"instock","12":"taxable","13":"shipping-taxable","14":"purchasable","15":"product-type-simple"},"_links":{"self":[{"href":"https:\/\/laatuvalo.fi\/en\/wp-json\/wp\/v2\/product\/6210","targetHints":{"allow":["GET"]}}],"collection":[{"href":"https:\/\/laatuvalo.fi\/en\/wp-json\/wp\/v2\/product"}],"about":[{"href":"https:\/\/laatuvalo.fi\/en\/wp-json\/wp\/v2\/types\/product"}],"version-history":[{"count":0,"href":"https:\/\/laatuvalo.fi\/en\/wp-json\/wp\/v2\/product\/6210\/revisions"}],"wp:featuredmedia":[{"embeddable":true,"href":"https:\/\/laatuvalo.fi\/en\/wp-json\/wp\/v2\/media\/10905"}],"wp:attachment":[{"href":"https:\/\/laatuvalo.fi\/en\/wp-json\/wp\/v2\/media?parent=6210"}],"wp:term":[{"taxonomy":"product_brand","embeddable":true,"href":"https:\/\/laatuvalo.fi\/en\/wp-json\/wp\/v2\/product_brand?post=6210"},{"taxonomy":"product_cat","embeddable":true,"href":"https:\/\/laatuvalo.fi\/en\/wp-json\/wp\/v2\/product_cat?post=6210"},{"taxonomy":"product_tag","embeddable":true,"href":"https:\/\/laatuvalo.fi\/en\/wp-json\/wp\/v2\/product_tag?post=6210"},{"taxonomy":"tarvikkeet_name","embeddable":true,"href":"https:\/\/laatuvalo.fi\/en\/wp-json\/wp\/v2\/tarvikkeet_name?post=6210"},{"taxonomy":"brand_product","embeddable":true,"href":"https:\/\/laatuvalo.fi\/en\/wp-json\/wp\/v2\/brand_product?post=6210"}],"curies":[{"name":"wp","href":"https:\/\/api.w.org\/{rel}","templated":true}]}}