{"id":6218,"date":"2021-09-15T11:50:05","date_gmt":"2021-09-15T09:50:05","guid":{"rendered":"https:\/\/laatuvalo.fi\/product\/artis-23\/"},"modified":"2023-04-11T14:31:37","modified_gmt":"2023-04-11T12:31:37","slug":"artis-1","status":"publish","type":"product","link":"https:\/\/laatuvalo.fi\/en\/product\/artis-1\/","title":{"rendered":"ARTIS 1"},"content":{"rendered":"<p>ARTIS on Alex &amp; Manel Llusc\u00e0n suunnittelema design-sein\u00e4valaisinsarja. Sarjalla on klassinen tyyli, joka sopii moniin tunnelmiin. Kromin tai pronssin v\u00e4risell\u00e4 jalalla sein\u00e4valaisin sopii t\u00e4ydellisesti makuuhuoneen valaistukseen. ARTIS on ajaton ja tyylik\u00e4s valinta my\u00f6s hotellivalaistukseen. Varjostimen v\u00e4ri voisi olla valkoinen, beige tai musta.<\/p>","protected":false},"excerpt":{"rendered":"<p>Kromin tai pronssin v\u00e4risell\u00e4 jalalla sein\u00e4valaisin. Varjostimen: valkoinen, beige tai musta.<\/p>","protected":false},"featured_media":10998,"template":"","meta":{"iawp_total_views":2},"product_brand":[],"product_cat":[268],"product_tag":[166],"tarvikkeet_name":[],"brand_product":[230],"class_list":{"0":"post-6218","1":"product","2":"type-product","3":"status-publish","4":"has-post-thumbnail","6":"product_cat-seinavalaisin","7":"product_tag-wall-lamp","8":"brand_product-faro-barcelona","10":"first","11":"instock","12":"taxable","13":"shipping-taxable","14":"purchasable","15":"product-type-variable"},"_links":{"self":[{"href":"https:\/\/laatuvalo.fi\/en\/wp-json\/wp\/v2\/product\/6218","targetHints":{"allow":["GET"]}}],"collection":[{"href":"https:\/\/laatuvalo.fi\/en\/wp-json\/wp\/v2\/product"}],"about":[{"href":"https:\/\/laatuvalo.fi\/en\/wp-json\/wp\/v2\/types\/product"}],"version-history":[{"count":0,"href":"https:\/\/laatuvalo.fi\/en\/wp-json\/wp\/v2\/product\/6218\/revisions"}],"wp:featuredmedia":[{"embeddable":true,"href":"https:\/\/laatuvalo.fi\/en\/wp-json\/wp\/v2\/media\/10998"}],"wp:attachment":[{"href":"https:\/\/laatuvalo.fi\/en\/wp-json\/wp\/v2\/media?parent=6218"}],"wp:term":[{"taxonomy":"product_brand","embeddable":true,"href":"https:\/\/laatuvalo.fi\/en\/wp-json\/wp\/v2\/product_brand?post=6218"},{"taxonomy":"product_cat","embeddable":true,"href":"https:\/\/laatuvalo.fi\/en\/wp-json\/wp\/v2\/product_cat?post=6218"},{"taxonomy":"product_tag","embeddable":true,"href":"https:\/\/laatuvalo.fi\/en\/wp-json\/wp\/v2\/product_tag?post=6218"},{"taxonomy":"tarvikkeet_name","embeddable":true,"href":"https:\/\/laatuvalo.fi\/en\/wp-json\/wp\/v2\/tarvikkeet_name?post=6218"},{"taxonomy":"brand_product","embeddable":true,"href":"https:\/\/laatuvalo.fi\/en\/wp-json\/wp\/v2\/brand_product?post=6218"}],"curies":[{"name":"wp","href":"https:\/\/api.w.org\/{rel}","templated":true}]}}