{"id":6219,"date":"2021-09-15T11:50:05","date_gmt":"2021-09-15T09:50:05","guid":{"rendered":"https:\/\/laatuvalo.fi\/product\/artis-24\/"},"modified":"2023-04-18T08:27:14","modified_gmt":"2023-04-18T06:27:14","slug":"artis-with-reader","status":"publish","type":"product","link":"https:\/\/laatuvalo.fi\/en\/product\/artis-with-reader\/","title":{"rendered":"ARTIST WITH READER"},"content":{"rendered":"<p>ARTIS on Alex &amp; Manel Llusc\u00e0n suunnittelema design-sein\u00e4valaisinsarja johon kuuluu sein\u00e4valaisin lukuvalolla. Halutun klassisen tyylin takia valaisin sopii moniin tunnelmiin. Kromin tai pronssin v\u00e4risell\u00e4 rungolla sein\u00e4valaisin sopii t\u00e4ydellisesti makuuhuoneen valaistukseen, siin\u00e4 on k\u00e4yt\u00e4nn\u00f6llinen lukuvalo integroitu runkoon. ARTIS on ajaton ja tyylik\u00e4s valinta my\u00f6s hotellihuoneen valaistukseen. Varjostimen v\u00e4ri voi olla valkoinen, beige tai musta.<\/p>","protected":false},"excerpt":{"rendered":"<p>ARTIS PRONSSIN TAI KROMIN V\u00c4RINEN SEIN\u00c4VALAISIN LUKUVALON KANSSA<\/p>","protected":false},"featured_media":11002,"template":"","meta":{"iawp_total_views":0},"product_brand":[],"product_cat":[268],"product_tag":[166],"tarvikkeet_name":[],"brand_product":[230],"class_list":{"0":"post-6219","1":"product","2":"type-product","3":"status-publish","4":"has-post-thumbnail","6":"product_cat-seinavalaisin","7":"product_tag-wall-lamp","8":"brand_product-faro-barcelona","10":"first","11":"instock","12":"taxable","13":"shipping-taxable","14":"purchasable","15":"product-type-variable"},"_links":{"self":[{"href":"https:\/\/laatuvalo.fi\/en\/wp-json\/wp\/v2\/product\/6219","targetHints":{"allow":["GET"]}}],"collection":[{"href":"https:\/\/laatuvalo.fi\/en\/wp-json\/wp\/v2\/product"}],"about":[{"href":"https:\/\/laatuvalo.fi\/en\/wp-json\/wp\/v2\/types\/product"}],"version-history":[{"count":0,"href":"https:\/\/laatuvalo.fi\/en\/wp-json\/wp\/v2\/product\/6219\/revisions"}],"wp:featuredmedia":[{"embeddable":true,"href":"https:\/\/laatuvalo.fi\/en\/wp-json\/wp\/v2\/media\/11002"}],"wp:attachment":[{"href":"https:\/\/laatuvalo.fi\/en\/wp-json\/wp\/v2\/media?parent=6219"}],"wp:term":[{"taxonomy":"product_brand","embeddable":true,"href":"https:\/\/laatuvalo.fi\/en\/wp-json\/wp\/v2\/product_brand?post=6219"},{"taxonomy":"product_cat","embeddable":true,"href":"https:\/\/laatuvalo.fi\/en\/wp-json\/wp\/v2\/product_cat?post=6219"},{"taxonomy":"product_tag","embeddable":true,"href":"https:\/\/laatuvalo.fi\/en\/wp-json\/wp\/v2\/product_tag?post=6219"},{"taxonomy":"tarvikkeet_name","embeddable":true,"href":"https:\/\/laatuvalo.fi\/en\/wp-json\/wp\/v2\/tarvikkeet_name?post=6219"},{"taxonomy":"brand_product","embeddable":true,"href":"https:\/\/laatuvalo.fi\/en\/wp-json\/wp\/v2\/brand_product?post=6219"}],"curies":[{"name":"wp","href":"https:\/\/api.w.org\/{rel}","templated":true}]}}