{"id":6222,"date":"2021-09-15T11:50:06","date_gmt":"2021-09-15T09:50:06","guid":{"rendered":"https:\/\/laatuvalo.fi\/product\/aurea\/"},"modified":"2023-04-18T08:30:20","modified_gmt":"2023-04-18T06:30:20","slug":"aurea","status":"publish","type":"product","link":"https:\/\/laatuvalo.fi\/en\/product\/aurea\/","title":{"rendered":"AUREA"},"content":{"rendered":"<p>AUREA on Estudi Ribaud\u00edn yksinkertaisesti mutta ajattomasti muotoiltu s\u00e4\u00e4dett\u00e4v\u00e4 LED-sein\u00e4valaisin. Valonl\u00e4hde on SMD LED 6W 2700K 230Lm CRI&gt; 80. T\u00e4m\u00e4 moderni sein\u00e4valaisin erottuu muista erinomaisella toimivuudellaan, sit\u00e4 voidaan k\u00e4ytt\u00e4\u00e4 lukuvalona makuuhuoneessa tai apuvalona muissa tiloissa, miss\u00e4 suunnattua valoa tarvitaan.<\/p>","protected":false},"excerpt":{"rendered":"<p>VALKOINEN LED-SEIN\u00c4VALAISIN<\/p>","protected":false},"featured_media":11209,"template":"","meta":{"iawp_total_views":4},"product_brand":[],"product_cat":[268],"product_tag":[166],"tarvikkeet_name":[],"brand_product":[230],"class_list":{"0":"post-6222","1":"product","2":"type-product","3":"status-publish","4":"has-post-thumbnail","6":"product_cat-seinavalaisin","7":"product_tag-wall-lamp","8":"brand_product-faro-barcelona","10":"first","11":"instock","12":"taxable","13":"shipping-taxable","14":"purchasable","15":"product-type-simple"},"_links":{"self":[{"href":"https:\/\/laatuvalo.fi\/en\/wp-json\/wp\/v2\/product\/6222","targetHints":{"allow":["GET"]}}],"collection":[{"href":"https:\/\/laatuvalo.fi\/en\/wp-json\/wp\/v2\/product"}],"about":[{"href":"https:\/\/laatuvalo.fi\/en\/wp-json\/wp\/v2\/types\/product"}],"version-history":[{"count":0,"href":"https:\/\/laatuvalo.fi\/en\/wp-json\/wp\/v2\/product\/6222\/revisions"}],"wp:featuredmedia":[{"embeddable":true,"href":"https:\/\/laatuvalo.fi\/en\/wp-json\/wp\/v2\/media\/11209"}],"wp:attachment":[{"href":"https:\/\/laatuvalo.fi\/en\/wp-json\/wp\/v2\/media?parent=6222"}],"wp:term":[{"taxonomy":"product_brand","embeddable":true,"href":"https:\/\/laatuvalo.fi\/en\/wp-json\/wp\/v2\/product_brand?post=6222"},{"taxonomy":"product_cat","embeddable":true,"href":"https:\/\/laatuvalo.fi\/en\/wp-json\/wp\/v2\/product_cat?post=6222"},{"taxonomy":"product_tag","embeddable":true,"href":"https:\/\/laatuvalo.fi\/en\/wp-json\/wp\/v2\/product_tag?post=6222"},{"taxonomy":"tarvikkeet_name","embeddable":true,"href":"https:\/\/laatuvalo.fi\/en\/wp-json\/wp\/v2\/tarvikkeet_name?post=6222"},{"taxonomy":"brand_product","embeddable":true,"href":"https:\/\/laatuvalo.fi\/en\/wp-json\/wp\/v2\/brand_product?post=6222"}],"curies":[{"name":"wp","href":"https:\/\/api.w.org\/{rel}","templated":true}]}}