{"id":6229,"date":"2021-09-15T11:50:06","date_gmt":"2021-09-15T09:50:06","guid":{"rendered":"https:\/\/laatuvalo.fi\/product\/baobad\/"},"modified":"2023-04-18T09:02:36","modified_gmt":"2023-04-18T07:02:36","slug":"baobab","status":"publish","type":"product","link":"https:\/\/laatuvalo.fi\/en\/product\/baobab\/","title":{"rendered":"BAOBAB"},"content":{"rendered":"<p>Moderni lukuvalaisin valmistettu ter\u00e4ksest\u00e4. Sen tyyli on voittamaton, sulautuu mihin tahansa kodin sisustukseen. T\u00e4ydellinen valinta niille jotka arvostavat helppok\u00e4ytt\u00f6isyytt\u00e4 ja klassista designia.<\/p>","protected":false},"excerpt":{"rendered":"<p>P\u00d6YT\u00c4V\u00c4LAISIN: VALKOINEN, MUSTA TAI HARMAA<\/p>","protected":false},"featured_media":17903,"template":"","meta":{"iawp_total_views":9},"product_brand":[],"product_cat":[264],"product_tag":[172],"tarvikkeet_name":[],"brand_product":[230],"class_list":{"0":"post-6229","1":"product","2":"type-product","3":"status-publish","4":"has-post-thumbnail","6":"product_cat-poytavalaisimet","7":"product_tag-office-and-study","8":"brand_product-faro-barcelona","10":"first","11":"instock","12":"taxable","13":"shipping-taxable","14":"purchasable","15":"product-type-variable"},"_links":{"self":[{"href":"https:\/\/laatuvalo.fi\/en\/wp-json\/wp\/v2\/product\/6229","targetHints":{"allow":["GET"]}}],"collection":[{"href":"https:\/\/laatuvalo.fi\/en\/wp-json\/wp\/v2\/product"}],"about":[{"href":"https:\/\/laatuvalo.fi\/en\/wp-json\/wp\/v2\/types\/product"}],"version-history":[{"count":0,"href":"https:\/\/laatuvalo.fi\/en\/wp-json\/wp\/v2\/product\/6229\/revisions"}],"wp:featuredmedia":[{"embeddable":true,"href":"https:\/\/laatuvalo.fi\/en\/wp-json\/wp\/v2\/media\/17903"}],"wp:attachment":[{"href":"https:\/\/laatuvalo.fi\/en\/wp-json\/wp\/v2\/media?parent=6229"}],"wp:term":[{"taxonomy":"product_brand","embeddable":true,"href":"https:\/\/laatuvalo.fi\/en\/wp-json\/wp\/v2\/product_brand?post=6229"},{"taxonomy":"product_cat","embeddable":true,"href":"https:\/\/laatuvalo.fi\/en\/wp-json\/wp\/v2\/product_cat?post=6229"},{"taxonomy":"product_tag","embeddable":true,"href":"https:\/\/laatuvalo.fi\/en\/wp-json\/wp\/v2\/product_tag?post=6229"},{"taxonomy":"tarvikkeet_name","embeddable":true,"href":"https:\/\/laatuvalo.fi\/en\/wp-json\/wp\/v2\/tarvikkeet_name?post=6229"},{"taxonomy":"brand_product","embeddable":true,"href":"https:\/\/laatuvalo.fi\/en\/wp-json\/wp\/v2\/brand_product?post=6229"}],"curies":[{"name":"wp","href":"https:\/\/api.w.org\/{rel}","templated":true}]}}