{"id":6233,"date":"2021-09-15T11:50:07","date_gmt":"2021-09-15T09:50:07","guid":{"rendered":"https:\/\/laatuvalo.fi\/product\/bast-2\/"},"modified":"2023-04-18T09:04:52","modified_gmt":"2023-04-18T07:04:52","slug":"bast","status":"publish","type":"product","link":"https:\/\/laatuvalo.fi\/en\/product\/bast\/","title":{"rendered":"BAST"},"content":{"rendered":"<p>Moderni, alumiinista valmistettu pollarivalaisin ulkovalaistukseen. Siin\u00e4 on l\u00e4pin\u00e4kyv\u00e4 polykarbonaatti heijastin. BAST on t\u00e4ydellinen valinta valaisemaan terasseja, sis\u00e4\u00e4nk\u00e4yntej\u00e4 ja kulkuv\u00e4yli\u00e4. T\u00e4m\u00e4n valaisimen IP65-luokitus antaa korkean suojan sateelta ja rakeilta.<\/p>","protected":false},"excerpt":{"rendered":"<p>MUSTA POLLARIVALAISIN ULKOVALAISTUKSEEN 3000K H1000<\/p>","protected":false},"featured_media":11366,"template":"","meta":{"iawp_total_views":1},"product_brand":[],"product_cat":[270],"product_tag":[180],"tarvikkeet_name":[],"brand_product":[230],"class_list":{"0":"post-6233","1":"product","2":"type-product","3":"status-publish","4":"has-post-thumbnail","6":"product_cat-pollarivalaisin","7":"product_tag-bollards","8":"brand_product-faro-barcelona","10":"first","11":"instock","12":"taxable","13":"shipping-taxable","14":"purchasable","15":"product-type-simple"},"_links":{"self":[{"href":"https:\/\/laatuvalo.fi\/en\/wp-json\/wp\/v2\/product\/6233","targetHints":{"allow":["GET"]}}],"collection":[{"href":"https:\/\/laatuvalo.fi\/en\/wp-json\/wp\/v2\/product"}],"about":[{"href":"https:\/\/laatuvalo.fi\/en\/wp-json\/wp\/v2\/types\/product"}],"version-history":[{"count":0,"href":"https:\/\/laatuvalo.fi\/en\/wp-json\/wp\/v2\/product\/6233\/revisions"}],"wp:featuredmedia":[{"embeddable":true,"href":"https:\/\/laatuvalo.fi\/en\/wp-json\/wp\/v2\/media\/11366"}],"wp:attachment":[{"href":"https:\/\/laatuvalo.fi\/en\/wp-json\/wp\/v2\/media?parent=6233"}],"wp:term":[{"taxonomy":"product_brand","embeddable":true,"href":"https:\/\/laatuvalo.fi\/en\/wp-json\/wp\/v2\/product_brand?post=6233"},{"taxonomy":"product_cat","embeddable":true,"href":"https:\/\/laatuvalo.fi\/en\/wp-json\/wp\/v2\/product_cat?post=6233"},{"taxonomy":"product_tag","embeddable":true,"href":"https:\/\/laatuvalo.fi\/en\/wp-json\/wp\/v2\/product_tag?post=6233"},{"taxonomy":"tarvikkeet_name","embeddable":true,"href":"https:\/\/laatuvalo.fi\/en\/wp-json\/wp\/v2\/tarvikkeet_name?post=6233"},{"taxonomy":"brand_product","embeddable":true,"href":"https:\/\/laatuvalo.fi\/en\/wp-json\/wp\/v2\/brand_product?post=6233"}],"curies":[{"name":"wp","href":"https:\/\/api.w.org\/{rel}","templated":true}]}}