{"id":6235,"date":"2021-09-15T11:50:07","date_gmt":"2021-09-15T09:50:07","guid":{"rendered":"https:\/\/laatuvalo.fi\/product\/bel-2\/"},"modified":"2023-04-18T09:09:39","modified_gmt":"2023-04-18T07:09:39","slug":"bel-lukuvalo","status":"publish","type":"product","link":"https:\/\/laatuvalo.fi\/en\/product\/bel-lukuvalo\/","title":{"rendered":"BEL"},"content":{"rendered":"<p>Sein\u00e4valaisin lukemiseen, elegantti l\u00e4hes huomaamaton makuuhuoneisiin ja olohuoneisiin. BEL: ss\u00e4 on suunnattava alumiinista ja ter\u00e4ksest\u00e4 valmistettu runko, jolloin saat kohdistettua valoa juuri sinulle sopivaan kohtaan. T\u00e4m\u00e4 valaisin on t\u00e4ydellinen valinta my\u00f6s hotellihuoneiden valaistukseen.<\/p>","protected":false},"excerpt":{"rendered":"<p>MUSTA, VALKOINEN TAI KROMIN V\u00c4RINEN LUKUVALO<\/p>","protected":false},"featured_media":17912,"template":"","meta":{"iawp_total_views":5},"product_brand":[],"product_cat":[268],"product_tag":[166],"tarvikkeet_name":[],"brand_product":[230],"class_list":{"0":"post-6235","1":"product","2":"type-product","3":"status-publish","4":"has-post-thumbnail","6":"product_cat-seinavalaisin","7":"product_tag-wall-lamp","8":"brand_product-faro-barcelona","10":"first","11":"instock","12":"taxable","13":"shipping-taxable","14":"purchasable","15":"product-type-variable"},"_links":{"self":[{"href":"https:\/\/laatuvalo.fi\/en\/wp-json\/wp\/v2\/product\/6235","targetHints":{"allow":["GET"]}}],"collection":[{"href":"https:\/\/laatuvalo.fi\/en\/wp-json\/wp\/v2\/product"}],"about":[{"href":"https:\/\/laatuvalo.fi\/en\/wp-json\/wp\/v2\/types\/product"}],"version-history":[{"count":0,"href":"https:\/\/laatuvalo.fi\/en\/wp-json\/wp\/v2\/product\/6235\/revisions"}],"wp:featuredmedia":[{"embeddable":true,"href":"https:\/\/laatuvalo.fi\/en\/wp-json\/wp\/v2\/media\/17912"}],"wp:attachment":[{"href":"https:\/\/laatuvalo.fi\/en\/wp-json\/wp\/v2\/media?parent=6235"}],"wp:term":[{"taxonomy":"product_brand","embeddable":true,"href":"https:\/\/laatuvalo.fi\/en\/wp-json\/wp\/v2\/product_brand?post=6235"},{"taxonomy":"product_cat","embeddable":true,"href":"https:\/\/laatuvalo.fi\/en\/wp-json\/wp\/v2\/product_cat?post=6235"},{"taxonomy":"product_tag","embeddable":true,"href":"https:\/\/laatuvalo.fi\/en\/wp-json\/wp\/v2\/product_tag?post=6235"},{"taxonomy":"tarvikkeet_name","embeddable":true,"href":"https:\/\/laatuvalo.fi\/en\/wp-json\/wp\/v2\/tarvikkeet_name?post=6235"},{"taxonomy":"brand_product","embeddable":true,"href":"https:\/\/laatuvalo.fi\/en\/wp-json\/wp\/v2\/brand_product?post=6235"}],"curies":[{"name":"wp","href":"https:\/\/api.w.org\/{rel}","templated":true}]}}