{"id":6237,"date":"2021-09-15T09:50:07","date_gmt":"2021-09-15T09:50:07","guid":{"rendered":"https:\/\/laatuvalo.fi\/product\/beret\/"},"modified":"2023-04-18T09:11:45","modified_gmt":"2023-04-18T07:11:45","slug":"beret","status":"publish","type":"product","link":"https:\/\/laatuvalo.fi\/en\/product\/beret\/","title":{"rendered":"BERET"},"content":{"rendered":"<p>BERET on tyylik\u00e4s ja moderni ulkovalaistussarja, varustettu LED-tekniikalla.\u00a0 Malli koostuu PMMA-heijastimesta ja kest\u00e4v\u00e4st\u00e4 alumiini pylv\u00e4\u00e4st\u00e4. Valonl\u00e4hde on SMD LED 8W 4000K 300Lm. T\u00e4m\u00e4 siro ja ajaton pollarivalaisin on t\u00e4ydellinen valinta valaisemaan terasseja ja puutarhan kulkualueita.<\/p>","protected":false},"excerpt":{"rendered":"<p>tummanharmaa led pollarivalaisin ulkovalaistukseen.<br \/>\nSarjaan kuuluu eri korkeudet: 50cm, 90cm tai 180cm<\/p>","protected":false},"featured_media":17924,"template":"","meta":{"iawp_total_views":6},"product_brand":[],"product_cat":[270],"product_tag":[180],"tarvikkeet_name":[],"brand_product":[230],"class_list":{"0":"post-6237","1":"product","2":"type-product","3":"status-publish","4":"has-post-thumbnail","6":"product_cat-pollarivalaisin","7":"product_tag-bollards","8":"brand_product-faro-barcelona","10":"first","11":"instock","12":"taxable","13":"shipping-taxable","14":"purchasable","15":"product-type-variable"},"_links":{"self":[{"href":"https:\/\/laatuvalo.fi\/en\/wp-json\/wp\/v2\/product\/6237","targetHints":{"allow":["GET"]}}],"collection":[{"href":"https:\/\/laatuvalo.fi\/en\/wp-json\/wp\/v2\/product"}],"about":[{"href":"https:\/\/laatuvalo.fi\/en\/wp-json\/wp\/v2\/types\/product"}],"version-history":[{"count":0,"href":"https:\/\/laatuvalo.fi\/en\/wp-json\/wp\/v2\/product\/6237\/revisions"}],"wp:featuredmedia":[{"embeddable":true,"href":"https:\/\/laatuvalo.fi\/en\/wp-json\/wp\/v2\/media\/17924"}],"wp:attachment":[{"href":"https:\/\/laatuvalo.fi\/en\/wp-json\/wp\/v2\/media?parent=6237"}],"wp:term":[{"taxonomy":"product_brand","embeddable":true,"href":"https:\/\/laatuvalo.fi\/en\/wp-json\/wp\/v2\/product_brand?post=6237"},{"taxonomy":"product_cat","embeddable":true,"href":"https:\/\/laatuvalo.fi\/en\/wp-json\/wp\/v2\/product_cat?post=6237"},{"taxonomy":"product_tag","embeddable":true,"href":"https:\/\/laatuvalo.fi\/en\/wp-json\/wp\/v2\/product_tag?post=6237"},{"taxonomy":"tarvikkeet_name","embeddable":true,"href":"https:\/\/laatuvalo.fi\/en\/wp-json\/wp\/v2\/tarvikkeet_name?post=6237"},{"taxonomy":"brand_product","embeddable":true,"href":"https:\/\/laatuvalo.fi\/en\/wp-json\/wp\/v2\/brand_product?post=6237"}],"curies":[{"name":"wp","href":"https:\/\/api.w.org\/{rel}","templated":true}]}}