{"id":6240,"date":"2021-09-15T11:50:10","date_gmt":"2021-09-15T09:50:10","guid":{"rendered":"https:\/\/laatuvalo.fi\/product\/berni\/"},"modified":"2023-04-18T09:13:49","modified_gmt":"2023-04-18T07:13:49","slug":"berni-lattiavalaisin","status":"publish","type":"product","link":"https:\/\/laatuvalo.fi\/en\/product\/berni-lattiavalaisin\/","title":{"rendered":"BERNI FLOOR LAMP"},"content":{"rendered":"<p>Design-valaisinsarja, johon kuuluu my\u00f6s lattiavalaisin. Se on tyylilt\u00e4\u00e4n minimalistinen, mutta hienostunut. Elegantti ja erikoinen valaisimen jalka kiinnitt\u00e4\u00e4 huomiota jo ensisilm\u00e4yksell\u00e4 ja tekee t\u00e4st\u00e4 mallista tavallista houkuttelevampi. Muista tutustua my\u00f6s p\u00f6yt\u00e4valaisimeen ja sein\u00e4valaisimeen samasta sarjasta.<\/p>","protected":false},"excerpt":{"rendered":"<p>MUSTA TAI VALKOINEN LATTIAVALAISIN.<br \/>\nTutustu my\u00f6s p\u00f6yt\u00e4valaisimeen ja sein\u00e4valaisimeen samasta sarjasta.<\/p>","protected":false},"featured_media":17928,"template":"","meta":{"iawp_total_views":4},"product_brand":[],"product_cat":[255],"product_tag":[167],"tarvikkeet_name":[],"brand_product":[230],"class_list":{"0":"post-6240","1":"product","2":"type-product","3":"status-publish","4":"has-post-thumbnail","6":"product_cat-lattiavalaisin","7":"product_tag-table-and-floor-lamps","8":"brand_product-faro-barcelona","10":"first","11":"instock","12":"taxable","13":"shipping-taxable","14":"purchasable","15":"product-type-variable"},"_links":{"self":[{"href":"https:\/\/laatuvalo.fi\/en\/wp-json\/wp\/v2\/product\/6240","targetHints":{"allow":["GET"]}}],"collection":[{"href":"https:\/\/laatuvalo.fi\/en\/wp-json\/wp\/v2\/product"}],"about":[{"href":"https:\/\/laatuvalo.fi\/en\/wp-json\/wp\/v2\/types\/product"}],"version-history":[{"count":0,"href":"https:\/\/laatuvalo.fi\/en\/wp-json\/wp\/v2\/product\/6240\/revisions"}],"wp:featuredmedia":[{"embeddable":true,"href":"https:\/\/laatuvalo.fi\/en\/wp-json\/wp\/v2\/media\/17928"}],"wp:attachment":[{"href":"https:\/\/laatuvalo.fi\/en\/wp-json\/wp\/v2\/media?parent=6240"}],"wp:term":[{"taxonomy":"product_brand","embeddable":true,"href":"https:\/\/laatuvalo.fi\/en\/wp-json\/wp\/v2\/product_brand?post=6240"},{"taxonomy":"product_cat","embeddable":true,"href":"https:\/\/laatuvalo.fi\/en\/wp-json\/wp\/v2\/product_cat?post=6240"},{"taxonomy":"product_tag","embeddable":true,"href":"https:\/\/laatuvalo.fi\/en\/wp-json\/wp\/v2\/product_tag?post=6240"},{"taxonomy":"tarvikkeet_name","embeddable":true,"href":"https:\/\/laatuvalo.fi\/en\/wp-json\/wp\/v2\/tarvikkeet_name?post=6240"},{"taxonomy":"brand_product","embeddable":true,"href":"https:\/\/laatuvalo.fi\/en\/wp-json\/wp\/v2\/brand_product?post=6240"}],"curies":[{"name":"wp","href":"https:\/\/api.w.org\/{rel}","templated":true}]}}