{"id":6243,"date":"2021-09-15T11:50:10","date_gmt":"2021-09-15T09:50:10","guid":{"rendered":"https:\/\/laatuvalo.fi\/product\/berni-4\/"},"modified":"2023-04-18T09:19:00","modified_gmt":"2023-04-18T07:19:00","slug":"berni-withreader","status":"publish","type":"product","link":"https:\/\/laatuvalo.fi\/en\/product\/berni-withreader\/","title":{"rendered":"BERNI WITH READER"},"content":{"rendered":"<p>Design-valaisinsarja, johon kuuluu my\u00f6s sein\u00e4valaisin lukuvalolla. Se on tyylilt\u00e4\u00e4n minimalistinen, mutta hienostunut. Elegantti muotoilu kiinnitt\u00e4\u00e4 huomiota jo ensisilm\u00e4yksell\u00e4 ja tekee t\u00e4st\u00e4 mallista eritt\u00e4in suositun. Tutustu my\u00f6s lattiavalaisimeen ja p\u00f6yt\u00e4valaisimeen samasta sarjasta.<\/p>","protected":false},"excerpt":{"rendered":"<p>VALKOINEN, MUSTA TAI NIKKELI V\u00c4RINEN SEIN\u00c4VALAISIN LUKUVALOLLA<\/p>","protected":false},"featured_media":9838,"template":"","meta":{"iawp_total_views":5},"product_brand":[],"product_cat":[268],"product_tag":[166],"tarvikkeet_name":[],"brand_product":[230],"class_list":{"0":"post-6243","1":"product","2":"type-product","3":"status-publish","4":"has-post-thumbnail","6":"product_cat-seinavalaisin","7":"product_tag-wall-lamp","8":"brand_product-faro-barcelona","10":"first","11":"instock","12":"taxable","13":"shipping-taxable","14":"purchasable","15":"product-type-variable"},"_links":{"self":[{"href":"https:\/\/laatuvalo.fi\/en\/wp-json\/wp\/v2\/product\/6243","targetHints":{"allow":["GET"]}}],"collection":[{"href":"https:\/\/laatuvalo.fi\/en\/wp-json\/wp\/v2\/product"}],"about":[{"href":"https:\/\/laatuvalo.fi\/en\/wp-json\/wp\/v2\/types\/product"}],"version-history":[{"count":0,"href":"https:\/\/laatuvalo.fi\/en\/wp-json\/wp\/v2\/product\/6243\/revisions"}],"wp:featuredmedia":[{"embeddable":true,"href":"https:\/\/laatuvalo.fi\/en\/wp-json\/wp\/v2\/media\/9838"}],"wp:attachment":[{"href":"https:\/\/laatuvalo.fi\/en\/wp-json\/wp\/v2\/media?parent=6243"}],"wp:term":[{"taxonomy":"product_brand","embeddable":true,"href":"https:\/\/laatuvalo.fi\/en\/wp-json\/wp\/v2\/product_brand?post=6243"},{"taxonomy":"product_cat","embeddable":true,"href":"https:\/\/laatuvalo.fi\/en\/wp-json\/wp\/v2\/product_cat?post=6243"},{"taxonomy":"product_tag","embeddable":true,"href":"https:\/\/laatuvalo.fi\/en\/wp-json\/wp\/v2\/product_tag?post=6243"},{"taxonomy":"tarvikkeet_name","embeddable":true,"href":"https:\/\/laatuvalo.fi\/en\/wp-json\/wp\/v2\/tarvikkeet_name?post=6243"},{"taxonomy":"brand_product","embeddable":true,"href":"https:\/\/laatuvalo.fi\/en\/wp-json\/wp\/v2\/brand_product?post=6243"}],"curies":[{"name":"wp","href":"https:\/\/api.w.org\/{rel}","templated":true}]}}