{"id":6245,"date":"2021-09-15T11:50:10","date_gmt":"2021-09-15T09:50:10","guid":{"rendered":"https:\/\/laatuvalo.fi\/product\/berni-6\/"},"modified":"2023-04-18T09:14:52","modified_gmt":"2023-04-18T07:14:52","slug":"berni-poytavalaisin","status":"publish","type":"product","link":"https:\/\/laatuvalo.fi\/en\/product\/berni-poytavalaisin\/","title":{"rendered":"BERNI TABLE LAMP"},"content":{"rendered":"<p>Design-valaisinsarja, johon kuuluu my\u00f6s p\u00f6yt\u00e4v\u00e4laisin. Se on tyylilt\u00e4\u00e4n minimalistinen, mutta hienostunut. Elegantti ja erikoinen valaisimen jalka kiinnitt\u00e4\u00e4 huomiota jo ensisilm\u00e4yksell\u00e4 ja tekee t\u00e4st\u00e4 mallista tavallista houkuttelevampi. Muista tutustua my\u00f6s lattiavalaisimeen ja sein\u00e4valaisimeen samasta sarjasta.<\/p>","protected":false},"excerpt":{"rendered":"<p>MUSTA TAI VALKOINEN P\u00d6YT\u00c4VALAISIN.<br \/>\nTutustu my\u00f6s lattiavalaisimeen ja sein\u00e4valaisimeen samasta sarjasta.<\/p>","protected":false},"featured_media":9621,"template":"","meta":{"iawp_total_views":1},"product_brand":[],"product_cat":[264],"product_tag":[167],"tarvikkeet_name":[],"brand_product":[230],"class_list":{"0":"post-6245","1":"product","2":"type-product","3":"status-publish","4":"has-post-thumbnail","6":"product_cat-poytavalaisimet","7":"product_tag-table-and-floor-lamps","8":"brand_product-faro-barcelona","10":"first","11":"instock","12":"taxable","13":"shipping-taxable","14":"purchasable","15":"product-type-variable"},"_links":{"self":[{"href":"https:\/\/laatuvalo.fi\/en\/wp-json\/wp\/v2\/product\/6245","targetHints":{"allow":["GET"]}}],"collection":[{"href":"https:\/\/laatuvalo.fi\/en\/wp-json\/wp\/v2\/product"}],"about":[{"href":"https:\/\/laatuvalo.fi\/en\/wp-json\/wp\/v2\/types\/product"}],"version-history":[{"count":0,"href":"https:\/\/laatuvalo.fi\/en\/wp-json\/wp\/v2\/product\/6245\/revisions"}],"wp:featuredmedia":[{"embeddable":true,"href":"https:\/\/laatuvalo.fi\/en\/wp-json\/wp\/v2\/media\/9621"}],"wp:attachment":[{"href":"https:\/\/laatuvalo.fi\/en\/wp-json\/wp\/v2\/media?parent=6245"}],"wp:term":[{"taxonomy":"product_brand","embeddable":true,"href":"https:\/\/laatuvalo.fi\/en\/wp-json\/wp\/v2\/product_brand?post=6245"},{"taxonomy":"product_cat","embeddable":true,"href":"https:\/\/laatuvalo.fi\/en\/wp-json\/wp\/v2\/product_cat?post=6245"},{"taxonomy":"product_tag","embeddable":true,"href":"https:\/\/laatuvalo.fi\/en\/wp-json\/wp\/v2\/product_tag?post=6245"},{"taxonomy":"tarvikkeet_name","embeddable":true,"href":"https:\/\/laatuvalo.fi\/en\/wp-json\/wp\/v2\/tarvikkeet_name?post=6245"},{"taxonomy":"brand_product","embeddable":true,"href":"https:\/\/laatuvalo.fi\/en\/wp-json\/wp\/v2\/brand_product?post=6245"}],"curies":[{"name":"wp","href":"https:\/\/api.w.org\/{rel}","templated":true}]}}