{"id":6255,"date":"2021-09-15T11:50:11","date_gmt":"2021-09-15T09:50:11","guid":{"rendered":"https:\/\/laatuvalo.fi\/product\/blind-3\/"},"modified":"2023-04-18T09:49:32","modified_gmt":"2023-04-18T07:49:32","slug":"blind-walllamp","status":"publish","type":"product","link":"https:\/\/laatuvalo.fi\/en\/product\/blind-walllamp\/","title":{"rendered":"BLIND"},"content":{"rendered":"<p>Neliskanttinen ulkosein\u00e4valaisin, valmistettu valetusta alumiinista ja l\u00e4pin\u00e4kyv\u00e4st\u00e4 lasista. Valonl\u00e4hde on HIGH POWER LED 6W 3000K. T\u00e4ss\u00e4 sein\u00e4valaisimessa on suunnattavat siivet, joiden avulla voit s\u00e4\u00e4t\u00e4\u00e4 valaistuskulmaa saadaksesi sek\u00e4 toiminnallista ett\u00e4 koristeellista valoa.<\/p>","protected":false},"excerpt":{"rendered":"<p>SEIN\u00c4VALAISIN ULKOVALISTUKSEEN.<br \/>\nT\u00e4ss\u00e4 sein\u00e4valaisimessa on suunnattavat siivet, joiden avulla voit s\u00e4\u00e4t\u00e4\u00e4 valaistuskulmaa.<\/p>","protected":false},"featured_media":12249,"template":"","meta":{"iawp_total_views":8},"product_brand":[],"product_cat":[268],"product_tag":[166],"tarvikkeet_name":[],"brand_product":[230],"class_list":{"0":"post-6255","1":"product","2":"type-product","3":"status-publish","4":"has-post-thumbnail","6":"product_cat-seinavalaisin","7":"product_tag-wall-lamp","8":"brand_product-faro-barcelona","10":"first","11":"instock","12":"taxable","13":"shipping-taxable","14":"purchasable","15":"product-type-variable"},"_links":{"self":[{"href":"https:\/\/laatuvalo.fi\/en\/wp-json\/wp\/v2\/product\/6255","targetHints":{"allow":["GET"]}}],"collection":[{"href":"https:\/\/laatuvalo.fi\/en\/wp-json\/wp\/v2\/product"}],"about":[{"href":"https:\/\/laatuvalo.fi\/en\/wp-json\/wp\/v2\/types\/product"}],"version-history":[{"count":0,"href":"https:\/\/laatuvalo.fi\/en\/wp-json\/wp\/v2\/product\/6255\/revisions"}],"wp:featuredmedia":[{"embeddable":true,"href":"https:\/\/laatuvalo.fi\/en\/wp-json\/wp\/v2\/media\/12249"}],"wp:attachment":[{"href":"https:\/\/laatuvalo.fi\/en\/wp-json\/wp\/v2\/media?parent=6255"}],"wp:term":[{"taxonomy":"product_brand","embeddable":true,"href":"https:\/\/laatuvalo.fi\/en\/wp-json\/wp\/v2\/product_brand?post=6255"},{"taxonomy":"product_cat","embeddable":true,"href":"https:\/\/laatuvalo.fi\/en\/wp-json\/wp\/v2\/product_cat?post=6255"},{"taxonomy":"product_tag","embeddable":true,"href":"https:\/\/laatuvalo.fi\/en\/wp-json\/wp\/v2\/product_tag?post=6255"},{"taxonomy":"tarvikkeet_name","embeddable":true,"href":"https:\/\/laatuvalo.fi\/en\/wp-json\/wp\/v2\/tarvikkeet_name?post=6255"},{"taxonomy":"brand_product","embeddable":true,"href":"https:\/\/laatuvalo.fi\/en\/wp-json\/wp\/v2\/brand_product?post=6255"}],"curies":[{"name":"wp","href":"https:\/\/api.w.org\/{rel}","templated":true}]}}