{"id":6256,"date":"2021-09-15T11:50:11","date_gmt":"2021-09-15T09:50:11","guid":{"rendered":"https:\/\/laatuvalo.fi\/product\/bliss\/"},"modified":"2023-04-18T09:51:14","modified_gmt":"2023-04-18T07:51:14","slug":"bliss","status":"publish","type":"product","link":"https:\/\/laatuvalo.fi\/en\/product\/bliss\/","title":{"rendered":"BLISS"},"content":{"rendered":"<p>Valaise kotiasi modernilla puurunkoisella p\u00f6yt\u00e4valaisimella. Bliss valaisimessa on ajaton ja kest\u00e4v\u00e4 valkoinen tekstiilivarjostin.<\/p>","protected":false},"excerpt":{"rendered":"<p>VALKOINEN P\u00d6YT\u00c4VALAISIN PUURUNGOLLA<\/p>","protected":false},"featured_media":17973,"template":"","meta":{"iawp_total_views":5},"product_brand":[],"product_cat":[264],"product_tag":[167],"tarvikkeet_name":[],"brand_product":[230],"class_list":{"0":"post-6256","1":"product","2":"type-product","3":"status-publish","4":"has-post-thumbnail","6":"product_cat-poytavalaisimet","7":"product_tag-table-and-floor-lamps","8":"brand_product-faro-barcelona","10":"first","11":"instock","12":"taxable","13":"shipping-taxable","14":"purchasable","15":"product-type-simple"},"_links":{"self":[{"href":"https:\/\/laatuvalo.fi\/en\/wp-json\/wp\/v2\/product\/6256","targetHints":{"allow":["GET"]}}],"collection":[{"href":"https:\/\/laatuvalo.fi\/en\/wp-json\/wp\/v2\/product"}],"about":[{"href":"https:\/\/laatuvalo.fi\/en\/wp-json\/wp\/v2\/types\/product"}],"version-history":[{"count":0,"href":"https:\/\/laatuvalo.fi\/en\/wp-json\/wp\/v2\/product\/6256\/revisions"}],"wp:featuredmedia":[{"embeddable":true,"href":"https:\/\/laatuvalo.fi\/en\/wp-json\/wp\/v2\/media\/17973"}],"wp:attachment":[{"href":"https:\/\/laatuvalo.fi\/en\/wp-json\/wp\/v2\/media?parent=6256"}],"wp:term":[{"taxonomy":"product_brand","embeddable":true,"href":"https:\/\/laatuvalo.fi\/en\/wp-json\/wp\/v2\/product_brand?post=6256"},{"taxonomy":"product_cat","embeddable":true,"href":"https:\/\/laatuvalo.fi\/en\/wp-json\/wp\/v2\/product_cat?post=6256"},{"taxonomy":"product_tag","embeddable":true,"href":"https:\/\/laatuvalo.fi\/en\/wp-json\/wp\/v2\/product_tag?post=6256"},{"taxonomy":"tarvikkeet_name","embeddable":true,"href":"https:\/\/laatuvalo.fi\/en\/wp-json\/wp\/v2\/tarvikkeet_name?post=6256"},{"taxonomy":"brand_product","embeddable":true,"href":"https:\/\/laatuvalo.fi\/en\/wp-json\/wp\/v2\/brand_product?post=6256"}],"curies":[{"name":"wp","href":"https:\/\/api.w.org\/{rel}","templated":true}]}}