{"id":6259,"date":"2021-09-15T11:50:12","date_gmt":"2021-09-15T09:50:12","guid":{"rendered":"https:\/\/laatuvalo.fi\/product\/block-3\/"},"modified":"2023-04-18T12:34:52","modified_gmt":"2023-04-18T10:34:52","slug":"block-walllamp","status":"publish","type":"product","link":"https:\/\/laatuvalo.fi\/en\/product\/block-walllamp\/","title":{"rendered":"BLOCK WALL LAMP"},"content":{"rendered":"<p>BLOCK on \u00c0lex&amp;Manel Llusc\u00e0n suunnittelema ulkovalaisinmallisto. Koko sarja on valmistettu betonista ja on muodoltaan soikea. T\u00e4m\u00e4n sein\u00e4valaisin on IP 65 sertifioitu, ja se on t\u00e4ydellinen koristevalaistukseen puutarhoissa ja terasseilla, sopii my\u00f6s meren l\u00e4heisyyteen. Tutustu my\u00f6s pollarivalaisimeen samasta sarjasta.<\/p>","protected":false},"excerpt":{"rendered":"<p>Betonista tehty sein\u00e4valaisin ulkovalaistukseen. IP 65<br \/>\nTutustu my\u00f6s pollarivalaisimeen samasta sarjasta.<\/p>","protected":false},"featured_media":12492,"template":"","meta":{"iawp_total_views":2},"product_brand":[],"product_cat":[268],"product_tag":[166],"tarvikkeet_name":[],"brand_product":[230],"class_list":{"0":"post-6259","1":"product","2":"type-product","3":"status-publish","4":"has-post-thumbnail","6":"product_cat-seinavalaisin","7":"product_tag-wall-lamp","8":"brand_product-faro-barcelona","10":"first","11":"instock","12":"taxable","13":"shipping-taxable","14":"purchasable","15":"product-type-simple"},"_links":{"self":[{"href":"https:\/\/laatuvalo.fi\/en\/wp-json\/wp\/v2\/product\/6259","targetHints":{"allow":["GET"]}}],"collection":[{"href":"https:\/\/laatuvalo.fi\/en\/wp-json\/wp\/v2\/product"}],"about":[{"href":"https:\/\/laatuvalo.fi\/en\/wp-json\/wp\/v2\/types\/product"}],"version-history":[{"count":0,"href":"https:\/\/laatuvalo.fi\/en\/wp-json\/wp\/v2\/product\/6259\/revisions"}],"wp:featuredmedia":[{"embeddable":true,"href":"https:\/\/laatuvalo.fi\/en\/wp-json\/wp\/v2\/media\/12492"}],"wp:attachment":[{"href":"https:\/\/laatuvalo.fi\/en\/wp-json\/wp\/v2\/media?parent=6259"}],"wp:term":[{"taxonomy":"product_brand","embeddable":true,"href":"https:\/\/laatuvalo.fi\/en\/wp-json\/wp\/v2\/product_brand?post=6259"},{"taxonomy":"product_cat","embeddable":true,"href":"https:\/\/laatuvalo.fi\/en\/wp-json\/wp\/v2\/product_cat?post=6259"},{"taxonomy":"product_tag","embeddable":true,"href":"https:\/\/laatuvalo.fi\/en\/wp-json\/wp\/v2\/product_tag?post=6259"},{"taxonomy":"tarvikkeet_name","embeddable":true,"href":"https:\/\/laatuvalo.fi\/en\/wp-json\/wp\/v2\/tarvikkeet_name?post=6259"},{"taxonomy":"brand_product","embeddable":true,"href":"https:\/\/laatuvalo.fi\/en\/wp-json\/wp\/v2\/brand_product?post=6259"}],"curies":[{"name":"wp","href":"https:\/\/api.w.org\/{rel}","templated":true}]}}