{"id":6264,"date":"2021-09-15T11:50:12","date_gmt":"2021-09-15T09:50:12","guid":{"rendered":"https:\/\/laatuvalo.fi\/product\/boc-3\/"},"modified":"2023-04-18T12:39:18","modified_gmt":"2023-04-18T10:39:18","slug":"boc-led-reader","status":"publish","type":"product","link":"https:\/\/laatuvalo.fi\/en\/product\/boc-led-reader\/","title":{"rendered":"BOC LED READER"},"content":{"rendered":"<p>BOC led valaisin on k\u00e4tev\u00e4 ja moderni lukuvalo, joka sopii t\u00e4ydellisesti makuuhuoneiden ja hotellihuoneiden valaisemiseen. Valaisin on suunnattava, saat kohdistettua valoa sinne mihin tarvitset. Pieni mutta elegantti sopeutuu l\u00e4hes jokaiseen sisustukseen.<\/p>","protected":false},"excerpt":{"rendered":"<p>BOC LED READING LIGHT 3000K<\/p>","protected":false},"featured_media":11259,"template":"","meta":{"iawp_total_views":6},"product_brand":[],"product_cat":[268],"product_tag":[166],"tarvikkeet_name":[],"brand_product":[230],"class_list":{"0":"post-6264","1":"product","2":"type-product","3":"status-publish","4":"has-post-thumbnail","6":"product_cat-seinavalaisin","7":"product_tag-wall-lamp","8":"brand_product-faro-barcelona","10":"first","11":"instock","12":"taxable","13":"shipping-taxable","14":"purchasable","15":"product-type-variable"},"_links":{"self":[{"href":"https:\/\/laatuvalo.fi\/en\/wp-json\/wp\/v2\/product\/6264","targetHints":{"allow":["GET"]}}],"collection":[{"href":"https:\/\/laatuvalo.fi\/en\/wp-json\/wp\/v2\/product"}],"about":[{"href":"https:\/\/laatuvalo.fi\/en\/wp-json\/wp\/v2\/types\/product"}],"version-history":[{"count":0,"href":"https:\/\/laatuvalo.fi\/en\/wp-json\/wp\/v2\/product\/6264\/revisions"}],"wp:featuredmedia":[{"embeddable":true,"href":"https:\/\/laatuvalo.fi\/en\/wp-json\/wp\/v2\/media\/11259"}],"wp:attachment":[{"href":"https:\/\/laatuvalo.fi\/en\/wp-json\/wp\/v2\/media?parent=6264"}],"wp:term":[{"taxonomy":"product_brand","embeddable":true,"href":"https:\/\/laatuvalo.fi\/en\/wp-json\/wp\/v2\/product_brand?post=6264"},{"taxonomy":"product_cat","embeddable":true,"href":"https:\/\/laatuvalo.fi\/en\/wp-json\/wp\/v2\/product_cat?post=6264"},{"taxonomy":"product_tag","embeddable":true,"href":"https:\/\/laatuvalo.fi\/en\/wp-json\/wp\/v2\/product_tag?post=6264"},{"taxonomy":"tarvikkeet_name","embeddable":true,"href":"https:\/\/laatuvalo.fi\/en\/wp-json\/wp\/v2\/tarvikkeet_name?post=6264"},{"taxonomy":"brand_product","embeddable":true,"href":"https:\/\/laatuvalo.fi\/en\/wp-json\/wp\/v2\/brand_product?post=6264"}],"curies":[{"name":"wp","href":"https:\/\/api.w.org\/{rel}","templated":true}]}}