{"id":6266,"date":"2021-09-15T11:50:12","date_gmt":"2021-09-15T09:50:12","guid":{"rendered":"https:\/\/laatuvalo.fi\/product\/boken\/"},"modified":"2023-04-18T12:40:25","modified_gmt":"2023-04-18T10:40:25","slug":"boken","status":"publish","type":"product","link":"https:\/\/laatuvalo.fi\/en\/product\/boken\/","title":{"rendered":"BOKEN READER"},"content":{"rendered":"<p>BOKEN led valaisin on k\u00e4tev\u00e4 ja moderni lukuvalo, joka sopii t\u00e4ydellisesti makuuhuoneiden ja hotellihuoneiden valaisemiseen. Sen varsi on joustava ja mahdollistaa valon suuntaamista. Pieni mutta elegantti sopeutuu l\u00e4hes jokaiseen sisustukseen.<\/p>","protected":false},"excerpt":{"rendered":"<p>LED READING LIGHT 3000K<\/p>","protected":false},"featured_media":9949,"template":"","meta":{"iawp_total_views":3},"product_brand":[],"product_cat":[268],"product_tag":[166],"tarvikkeet_name":[],"brand_product":[230],"class_list":{"0":"post-6266","1":"product","2":"type-product","3":"status-publish","4":"has-post-thumbnail","6":"product_cat-seinavalaisin","7":"product_tag-wall-lamp","8":"brand_product-faro-barcelona","10":"first","11":"instock","12":"taxable","13":"shipping-taxable","14":"purchasable","15":"product-type-variable"},"_links":{"self":[{"href":"https:\/\/laatuvalo.fi\/en\/wp-json\/wp\/v2\/product\/6266","targetHints":{"allow":["GET"]}}],"collection":[{"href":"https:\/\/laatuvalo.fi\/en\/wp-json\/wp\/v2\/product"}],"about":[{"href":"https:\/\/laatuvalo.fi\/en\/wp-json\/wp\/v2\/types\/product"}],"version-history":[{"count":0,"href":"https:\/\/laatuvalo.fi\/en\/wp-json\/wp\/v2\/product\/6266\/revisions"}],"wp:featuredmedia":[{"embeddable":true,"href":"https:\/\/laatuvalo.fi\/en\/wp-json\/wp\/v2\/media\/9949"}],"wp:attachment":[{"href":"https:\/\/laatuvalo.fi\/en\/wp-json\/wp\/v2\/media?parent=6266"}],"wp:term":[{"taxonomy":"product_brand","embeddable":true,"href":"https:\/\/laatuvalo.fi\/en\/wp-json\/wp\/v2\/product_brand?post=6266"},{"taxonomy":"product_cat","embeddable":true,"href":"https:\/\/laatuvalo.fi\/en\/wp-json\/wp\/v2\/product_cat?post=6266"},{"taxonomy":"product_tag","embeddable":true,"href":"https:\/\/laatuvalo.fi\/en\/wp-json\/wp\/v2\/product_tag?post=6266"},{"taxonomy":"tarvikkeet_name","embeddable":true,"href":"https:\/\/laatuvalo.fi\/en\/wp-json\/wp\/v2\/tarvikkeet_name?post=6266"},{"taxonomy":"brand_product","embeddable":true,"href":"https:\/\/laatuvalo.fi\/en\/wp-json\/wp\/v2\/brand_product?post=6266"}],"curies":[{"name":"wp","href":"https:\/\/api.w.org\/{rel}","templated":true}]}}