{"id":6269,"date":"2021-09-15T11:50:14","date_gmt":"2021-09-15T09:50:14","guid":{"rendered":"https:\/\/laatuvalo.fi\/product\/borda\/"},"modified":"2023-04-18T12:45:17","modified_gmt":"2023-04-18T10:45:17","slug":"borda","status":"publish","type":"product","link":"https:\/\/laatuvalo.fi\/en\/product\/borda\/","title":{"rendered":"BORDA"},"content":{"rendered":"<p>Retrotyylinen sein\u00e4valaisin. Valmistettu messingist\u00e4 ja lasista, t\u00e4ydellinen valinta puutarhan ja terassien ja julkisivujen valaistukseen. BORDA tuo hieman vanhanaikaista henke\u00e4 mutta klassista ja arvokasta ilmett\u00e4 ymp\u00e4rist\u00f6\u00f6n. Sertifioitu IP65 valaisin antaa korkean suojan sateelta ja rakeilta. Valmistettu Euroopassa.<\/p>","protected":false},"excerpt":{"rendered":"<p>ERITT\u00c4IN KEST\u00c4V\u00c4 SEIN\u00c4VALAISIN ULKOVALAISTUKSEEN IP65<\/p>","protected":false},"featured_media":12363,"template":"","meta":{"iawp_total_views":1},"product_brand":[],"product_cat":[268],"product_tag":[166],"tarvikkeet_name":[],"brand_product":[230],"class_list":{"0":"post-6269","1":"product","2":"type-product","3":"status-publish","4":"has-post-thumbnail","6":"product_cat-seinavalaisin","7":"product_tag-wall-lamp","8":"brand_product-faro-barcelona","10":"first","11":"instock","12":"taxable","13":"shipping-taxable","14":"purchasable","15":"product-type-simple"},"_links":{"self":[{"href":"https:\/\/laatuvalo.fi\/en\/wp-json\/wp\/v2\/product\/6269","targetHints":{"allow":["GET"]}}],"collection":[{"href":"https:\/\/laatuvalo.fi\/en\/wp-json\/wp\/v2\/product"}],"about":[{"href":"https:\/\/laatuvalo.fi\/en\/wp-json\/wp\/v2\/types\/product"}],"version-history":[{"count":0,"href":"https:\/\/laatuvalo.fi\/en\/wp-json\/wp\/v2\/product\/6269\/revisions"}],"wp:featuredmedia":[{"embeddable":true,"href":"https:\/\/laatuvalo.fi\/en\/wp-json\/wp\/v2\/media\/12363"}],"wp:attachment":[{"href":"https:\/\/laatuvalo.fi\/en\/wp-json\/wp\/v2\/media?parent=6269"}],"wp:term":[{"taxonomy":"product_brand","embeddable":true,"href":"https:\/\/laatuvalo.fi\/en\/wp-json\/wp\/v2\/product_brand?post=6269"},{"taxonomy":"product_cat","embeddable":true,"href":"https:\/\/laatuvalo.fi\/en\/wp-json\/wp\/v2\/product_cat?post=6269"},{"taxonomy":"product_tag","embeddable":true,"href":"https:\/\/laatuvalo.fi\/en\/wp-json\/wp\/v2\/product_tag?post=6269"},{"taxonomy":"tarvikkeet_name","embeddable":true,"href":"https:\/\/laatuvalo.fi\/en\/wp-json\/wp\/v2\/tarvikkeet_name?post=6269"},{"taxonomy":"brand_product","embeddable":true,"href":"https:\/\/laatuvalo.fi\/en\/wp-json\/wp\/v2\/brand_product?post=6269"}],"curies":[{"name":"wp","href":"https:\/\/api.w.org\/{rel}","templated":true}]}}