{"id":6273,"date":"2021-09-15T11:50:15","date_gmt":"2021-09-15T09:50:15","guid":{"rendered":"https:\/\/laatuvalo.fi\/product\/bracket\/"},"modified":"2023-04-18T12:46:40","modified_gmt":"2023-04-18T10:46:40","slug":"bracket","status":"publish","type":"product","link":"https:\/\/laatuvalo.fi\/en\/product\/bracket\/","title":{"rendered":"BRACKET"},"content":{"rendered":"<p>Alumiinista valmistettu LED ulkosein\u00e4valaisin. Valonl\u00e4hde on SMD LED 6W l\u00e4mmin valo 3000K, integroitu runkoon. T\u00e4m\u00e4 moderni ja tyylik\u00e4s sein\u00e4valaisin valaisee yl\u00f6s ja alasp\u00e4in, t\u00e4ydellinen valinta terassien, ulkok\u00e4yt\u00e4vien ja julkisivujen valaistukseen.<\/p>","protected":false},"excerpt":{"rendered":"<p>LED TUMMANHARMAA SEIN\u00c4VALAISIN IP 44<\/p>","protected":false},"featured_media":18012,"template":"","meta":{"iawp_total_views":4},"product_brand":[],"product_cat":[268],"product_tag":[166],"tarvikkeet_name":[],"brand_product":[230],"class_list":{"0":"post-6273","1":"product","2":"type-product","3":"status-publish","4":"has-post-thumbnail","6":"product_cat-seinavalaisin","7":"product_tag-wall-lamp","8":"brand_product-faro-barcelona","10":"first","11":"instock","12":"taxable","13":"shipping-taxable","14":"purchasable","15":"product-type-simple"},"_links":{"self":[{"href":"https:\/\/laatuvalo.fi\/en\/wp-json\/wp\/v2\/product\/6273","targetHints":{"allow":["GET"]}}],"collection":[{"href":"https:\/\/laatuvalo.fi\/en\/wp-json\/wp\/v2\/product"}],"about":[{"href":"https:\/\/laatuvalo.fi\/en\/wp-json\/wp\/v2\/types\/product"}],"version-history":[{"count":0,"href":"https:\/\/laatuvalo.fi\/en\/wp-json\/wp\/v2\/product\/6273\/revisions"}],"wp:featuredmedia":[{"embeddable":true,"href":"https:\/\/laatuvalo.fi\/en\/wp-json\/wp\/v2\/media\/18012"}],"wp:attachment":[{"href":"https:\/\/laatuvalo.fi\/en\/wp-json\/wp\/v2\/media?parent=6273"}],"wp:term":[{"taxonomy":"product_brand","embeddable":true,"href":"https:\/\/laatuvalo.fi\/en\/wp-json\/wp\/v2\/product_brand?post=6273"},{"taxonomy":"product_cat","embeddable":true,"href":"https:\/\/laatuvalo.fi\/en\/wp-json\/wp\/v2\/product_cat?post=6273"},{"taxonomy":"product_tag","embeddable":true,"href":"https:\/\/laatuvalo.fi\/en\/wp-json\/wp\/v2\/product_tag?post=6273"},{"taxonomy":"tarvikkeet_name","embeddable":true,"href":"https:\/\/laatuvalo.fi\/en\/wp-json\/wp\/v2\/tarvikkeet_name?post=6273"},{"taxonomy":"brand_product","embeddable":true,"href":"https:\/\/laatuvalo.fi\/en\/wp-json\/wp\/v2\/brand_product?post=6273"}],"curies":[{"name":"wp","href":"https:\/\/api.w.org\/{rel}","templated":true}]}}