{"id":6276,"date":"2021-09-15T11:50:15","date_gmt":"2021-09-15T09:50:15","guid":{"rendered":"https:\/\/laatuvalo.fi\/product\/bronx-3\/"},"modified":"2023-04-18T12:47:34","modified_gmt":"2023-04-18T10:47:34","slug":"bronx","status":"publish","type":"product","link":"https:\/\/laatuvalo.fi\/en\/product\/bronx\/","title":{"rendered":"BRONX"},"content":{"rendered":"<p>BRONX on moderni sein\u00e4valaisin ulkovalaistukseen. Se tuo arvokasta ja pehme\u00e4 valoa ymp\u00e4rist\u00f6\u00f6n, t\u00e4ydellinen valinta puutarhan ja terassien ja julkisivujen valaistukseen. Sertifioitu IP44 valaisin antaa suojan sateelta ja rakeilta.<\/p>","protected":false},"excerpt":{"rendered":"<p>BRONX SEIN\u00c4VALAISIN ULKOVALAISTUKSEEN VAIHTOPOLTTIMOLLA<\/p>","protected":false},"featured_media":18021,"template":"","meta":{"iawp_total_views":4},"product_brand":[],"product_cat":[268],"product_tag":[166],"tarvikkeet_name":[],"brand_product":[230],"class_list":{"0":"post-6276","1":"product","2":"type-product","3":"status-publish","4":"has-post-thumbnail","6":"product_cat-seinavalaisin","7":"product_tag-wall-lamp","8":"brand_product-faro-barcelona","10":"first","11":"instock","12":"taxable","13":"shipping-taxable","14":"purchasable","15":"product-type-variable"},"_links":{"self":[{"href":"https:\/\/laatuvalo.fi\/en\/wp-json\/wp\/v2\/product\/6276","targetHints":{"allow":["GET"]}}],"collection":[{"href":"https:\/\/laatuvalo.fi\/en\/wp-json\/wp\/v2\/product"}],"about":[{"href":"https:\/\/laatuvalo.fi\/en\/wp-json\/wp\/v2\/types\/product"}],"version-history":[{"count":0,"href":"https:\/\/laatuvalo.fi\/en\/wp-json\/wp\/v2\/product\/6276\/revisions"}],"wp:featuredmedia":[{"embeddable":true,"href":"https:\/\/laatuvalo.fi\/en\/wp-json\/wp\/v2\/media\/18021"}],"wp:attachment":[{"href":"https:\/\/laatuvalo.fi\/en\/wp-json\/wp\/v2\/media?parent=6276"}],"wp:term":[{"taxonomy":"product_brand","embeddable":true,"href":"https:\/\/laatuvalo.fi\/en\/wp-json\/wp\/v2\/product_brand?post=6276"},{"taxonomy":"product_cat","embeddable":true,"href":"https:\/\/laatuvalo.fi\/en\/wp-json\/wp\/v2\/product_cat?post=6276"},{"taxonomy":"product_tag","embeddable":true,"href":"https:\/\/laatuvalo.fi\/en\/wp-json\/wp\/v2\/product_tag?post=6276"},{"taxonomy":"tarvikkeet_name","embeddable":true,"href":"https:\/\/laatuvalo.fi\/en\/wp-json\/wp\/v2\/tarvikkeet_name?post=6276"},{"taxonomy":"brand_product","embeddable":true,"href":"https:\/\/laatuvalo.fi\/en\/wp-json\/wp\/v2\/brand_product?post=6276"}],"curies":[{"name":"wp","href":"https:\/\/api.w.org\/{rel}","templated":true}]}}