{"id":6280,"date":"2021-09-15T11:50:15","date_gmt":"2021-09-15T09:50:15","guid":{"rendered":"https:\/\/laatuvalo.fi\/product\/brot-4\/"},"modified":"2023-04-18T12:50:48","modified_gmt":"2023-04-18T10:50:48","slug":"brot-pollarivalaisin","status":"publish","type":"product","link":"https:\/\/laatuvalo.fi\/en\/product\/brot-pollarivalaisin\/","title":{"rendered":"BROT"},"content":{"rendered":"<p>BROT on Yembara Studion suunnittelema designmallisto ulkovalaistukseen. Leikkisen ulkon\u00e4\u00f6n ansiosta t\u00e4m\u00e4 monifunktionalinen moderni pollarivalaisin oli palkittu voittajaksi kansainv\u00e4lisess\u00e4 design kilpailussa REDDOT 2021. Sertifioitu IP65 valaisin antaa korkean suojan sateelta ja rakeilta.<\/p>","protected":false},"excerpt":{"rendered":"<p>BALL LIGHT REDDOT AWARS 2021 WINNER<br \/>\nFixed installation and wired versions available<\/p>","protected":false},"featured_media":18031,"template":"","meta":{"iawp_total_views":0},"product_brand":[],"product_cat":[270],"product_tag":[180],"tarvikkeet_name":[],"brand_product":[230],"class_list":{"0":"post-6280","1":"product","2":"type-product","3":"status-publish","4":"has-post-thumbnail","6":"product_cat-pollarivalaisin","7":"product_tag-bollards","8":"brand_product-faro-barcelona","10":"first","11":"instock","12":"taxable","13":"shipping-taxable","14":"purchasable","15":"product-type-variable"},"_links":{"self":[{"href":"https:\/\/laatuvalo.fi\/en\/wp-json\/wp\/v2\/product\/6280","targetHints":{"allow":["GET"]}}],"collection":[{"href":"https:\/\/laatuvalo.fi\/en\/wp-json\/wp\/v2\/product"}],"about":[{"href":"https:\/\/laatuvalo.fi\/en\/wp-json\/wp\/v2\/types\/product"}],"version-history":[{"count":0,"href":"https:\/\/laatuvalo.fi\/en\/wp-json\/wp\/v2\/product\/6280\/revisions"}],"wp:featuredmedia":[{"embeddable":true,"href":"https:\/\/laatuvalo.fi\/en\/wp-json\/wp\/v2\/media\/18031"}],"wp:attachment":[{"href":"https:\/\/laatuvalo.fi\/en\/wp-json\/wp\/v2\/media?parent=6280"}],"wp:term":[{"taxonomy":"product_brand","embeddable":true,"href":"https:\/\/laatuvalo.fi\/en\/wp-json\/wp\/v2\/product_brand?post=6280"},{"taxonomy":"product_cat","embeddable":true,"href":"https:\/\/laatuvalo.fi\/en\/wp-json\/wp\/v2\/product_cat?post=6280"},{"taxonomy":"product_tag","embeddable":true,"href":"https:\/\/laatuvalo.fi\/en\/wp-json\/wp\/v2\/product_tag?post=6280"},{"taxonomy":"tarvikkeet_name","embeddable":true,"href":"https:\/\/laatuvalo.fi\/en\/wp-json\/wp\/v2\/tarvikkeet_name?post=6280"},{"taxonomy":"brand_product","embeddable":true,"href":"https:\/\/laatuvalo.fi\/en\/wp-json\/wp\/v2\/brand_product?post=6280"}],"curies":[{"name":"wp","href":"https:\/\/api.w.org\/{rel}","templated":true}]}}